{"id":349,"date":"2012-08-31T17:28:44","date_gmt":"2012-08-31T17:28:44","guid":{"rendered":"http:\/\/uenf.br\/reitoria\/agenciainovacao\/?page_id=349"},"modified":"2012-09-25T18:38:01","modified_gmt":"2012-09-25T18:38:01","slug":"rotulos-nutricionais","status":"publish","type":"page","link":"https:\/\/uenf.br\/reitoria\/agenciainovacao\/portifolios\/servicos\/rotulos-nutricionais\/","title":{"rendered":"An\u00e1lise para elabora\u00e7\u00e3o de r\u00f3tulos nutricionais de alimentos"},"content":{"rendered":"<p><strong style=\"color: #888888;\">PROFESSORA RESPONS\u00c1VEL<br \/>\n<\/strong><strong><span>Karla Silva Ferreira<\/span><span>, Profa. D.Sc.<\/span><\/strong>\u00a0<em><a href=\"http:\/\/lattes.cnpq.br\/7781035665563352\" target=\"_blank\">Visitar Curr\u00edculo Lattes<br \/>\n<\/a><\/em><em>Laborat\u00f3rio de Tecnologia de Alimentos (LTA &#8211; CCTA &#8211; UENF)<\/em><\/p>\n<p><span style=\"color: #888888;\"><strong>CONTATO<\/strong><\/span><br \/>\nE-mail \u00a0<em><strong>karlasf@uenf.br<\/strong><\/em><em><strong>\u00a0 \u00a0<\/strong><\/em>||<em><strong>\u00a0\u00a0\u00a0<\/strong><\/em>Telefone \u00a0<em><strong>(22)\u00a02739 7160<\/strong><\/em><\/p>\n<p><span style=\"color: #888888;\"><strong>DESCRI\u00c7\u00c3O GERAL<\/strong><\/span><strong><span style=\"color: #888888;\"><br \/>\n<\/span><\/strong>An\u00e1lises qu\u00edmicas para elabora\u00e7\u00e3o de r\u00f3tulos nutricionais em alimentos embalados e vendidos ao consumidor.<\/p>\n<p><span style=\"color: #888888;\"><strong>P\u00daBLICO-ALVO<\/strong><\/span><br \/>\nPequenos fabricantes de doces e outros tipos de alimentos.<\/p>\n","protected":false},"excerpt":{"rendered":"<p>PROFESSORA RESPONS\u00c1VEL Karla Silva Ferreira, Profa. D.Sc.\u00a0Visitar Curr\u00edculo Lattes Laborat\u00f3rio de Tecnologia de Alimentos (LTA &#8211; CCTA &#8211; UENF) CONTATO&#8230;<\/p>\n","protected":false},"author":20,"featured_media":0,"parent":74,"menu_order":0,"comment_status":"closed","ping_status":"open","template":"","meta":{"footnotes":""},"class_list":["post-349","page","type-page","status-publish","hentry"],"_links":{"self":[{"href":"https:\/\/uenf.br\/reitoria\/agenciainovacao\/wp-json\/wp\/v2\/pages\/349","targetHints":{"allow":["GET"]}}],"collection":[{"href":"https:\/\/uenf.br\/reitoria\/agenciainovacao\/wp-json\/wp\/v2\/pages"}],"about":[{"href":"https:\/\/uenf.br\/reitoria\/agenciainovacao\/wp-json\/wp\/v2\/types\/page"}],"author":[{"embeddable":true,"href":"https:\/\/uenf.br\/reitoria\/agenciainovacao\/wp-json\/wp\/v2\/users\/20"}],"replies":[{"embeddable":true,"href":"https:\/\/uenf.br\/reitoria\/agenciainovacao\/wp-json\/wp\/v2\/comments?post=349"}],"version-history":[{"count":0,"href":"https:\/\/uenf.br\/reitoria\/agenciainovacao\/wp-json\/wp\/v2\/pages\/349\/revisions"}],"up":[{"embeddable":true,"href":"https:\/\/uenf.br\/reitoria\/agenciainovacao\/wp-json\/wp\/v2\/pages\/74"}],"wp:attachment":[{"href":"https:\/\/uenf.br\/reitoria\/agenciainovacao\/wp-json\/wp\/v2\/media?parent=349"}],"curies":[{"name":"wp","href":"https:\/\/api.w.org\/{rel}","templated":true}]}}