{"id":355,"date":"2012-08-31T18:02:43","date_gmt":"2012-08-31T18:02:43","guid":{"rendered":"http:\/\/uenf.br\/reitoria\/agenciainovacao\/?page_id=355"},"modified":"2012-09-25T15:36:14","modified_gmt":"2012-09-25T15:36:14","slug":"aquicultura","status":"publish","type":"page","link":"https:\/\/uenf.br\/reitoria\/agenciainovacao\/portifolios\/servicos\/aquicultura\/","title":{"rendered":"Aquicultura"},"content":{"rendered":"<p><strong style=\"color: #888888;\">PROFESSOR RESPONS\u00c1VEL<br \/>\n<\/strong><strong><span>Manuel Vazquez Vidal J\u00fanior, Prof. D.Sc.<\/span><\/strong>\u00a0<em><a href=\"http:\/\/lattes.cnpq.br\/2561039028922469\" target=\"_blank\">Visitar Curr\u00edculo Lattes<br \/>\n<\/a><\/em><em>Laborat\u00f3rio de Zootecnia e Nutri\u00e7\u00e3o Animal (LTA &#8211; CCTA &#8211; UENF)<\/em><\/p>\n<p><strong><span style=\"color: #888888;\">CONTATO<\/span><br \/>\n<\/strong>E-mail \u00a0<em><strong>mvidal@uenf.br \u00a0\u00a0<\/strong><\/em>||<em><strong>\u00a0\u00a0\u00a0<\/strong><\/em>Telefone \u00a0<em><strong>(22) 2739 7344<\/strong><\/em><\/p>\n<p><em><\/em><span style=\"color: #888888;\"><strong>DESCRI\u00c7\u00c3O GERAL (para produtores e empreendedores em geral)<br \/>\n<\/strong><\/span><span style=\"color: #888888;\"><strong>.:<\/strong><\/span> Ensaio de crescimento com peixes de corte e ornamentais;<br \/>\n<span style=\"color: #888888;\"><strong>.:<\/strong><\/span> Avalia\u00e7\u00e3o Zoot\u00e9cnica e organol\u00e9ptica de ra\u00e7\u00f5es extrusadas e peletizadas.<\/p>\n<p><span style=\"color: #808080;\"><strong>DESCRI\u00c7\u00c3O GERAL (para empresas)<\/strong><\/span><strong><br \/>\n<\/strong>Transfer\u00eancia de tecnologia em nutri\u00e7\u00e3o, reprodu\u00e7\u00e3o e manejo de peixes de corte e ornamentais com \u00eanfase na reprodu\u00e7\u00e3o de peixes ornamentais raros.<\/p>\n<p><strong style=\"color: #888888;\">P\u00daBLICO-ALVO<br \/>\n<\/strong>Empresas, produtores rurais, empreendedores e pessoas f\u00edsicas interessadas em aquicultura.<\/p>\n","protected":false},"excerpt":{"rendered":"<p>PROFESSOR RESPONS\u00c1VEL Manuel Vazquez Vidal J\u00fanior, Prof. D.Sc.\u00a0Visitar Curr\u00edculo Lattes Laborat\u00f3rio de Zootecnia e Nutri\u00e7\u00e3o Animal (LTA &#8211; CCTA &#8211;&#8230;<\/p>\n","protected":false},"author":20,"featured_media":0,"parent":74,"menu_order":0,"comment_status":"closed","ping_status":"open","template":"","meta":{"footnotes":""},"class_list":["post-355","page","type-page","status-publish","hentry"],"_links":{"self":[{"href":"https:\/\/uenf.br\/reitoria\/agenciainovacao\/wp-json\/wp\/v2\/pages\/355","targetHints":{"allow":["GET"]}}],"collection":[{"href":"https:\/\/uenf.br\/reitoria\/agenciainovacao\/wp-json\/wp\/v2\/pages"}],"about":[{"href":"https:\/\/uenf.br\/reitoria\/agenciainovacao\/wp-json\/wp\/v2\/types\/page"}],"author":[{"embeddable":true,"href":"https:\/\/uenf.br\/reitoria\/agenciainovacao\/wp-json\/wp\/v2\/users\/20"}],"replies":[{"embeddable":true,"href":"https:\/\/uenf.br\/reitoria\/agenciainovacao\/wp-json\/wp\/v2\/comments?post=355"}],"version-history":[{"count":0,"href":"https:\/\/uenf.br\/reitoria\/agenciainovacao\/wp-json\/wp\/v2\/pages\/355\/revisions"}],"up":[{"embeddable":true,"href":"https:\/\/uenf.br\/reitoria\/agenciainovacao\/wp-json\/wp\/v2\/pages\/74"}],"wp:attachment":[{"href":"https:\/\/uenf.br\/reitoria\/agenciainovacao\/wp-json\/wp\/v2\/media?parent=355"}],"curies":[{"name":"wp","href":"https:\/\/api.w.org\/{rel}","templated":true}]}}