{"id":367,"date":"2012-08-31T18:29:34","date_gmt":"2012-08-31T18:29:34","guid":{"rendered":"http:\/\/uenf.br\/reitoria\/agenciainovacao\/?page_id=367"},"modified":"2012-09-25T18:34:19","modified_gmt":"2012-09-25T18:34:19","slug":"clinica-fitossanitaria","status":"publish","type":"page","link":"https:\/\/uenf.br\/reitoria\/agenciainovacao\/portifolios\/servicos\/clinica-fitossanitaria\/","title":{"rendered":"Cl\u00ednica Fitossanit\u00e1ria"},"content":{"rendered":"<p><strong style=\"color: #888888;\">PROFESSOR RESPONS\u00c1VEL<br \/>\n<\/strong><strong><span>Silvaldo Felipe da Silveira, Prof. D.Sc.<\/span><\/strong>\u00a0<em><a href=\"http:\/\/lattes.cnpq.br\/9928206009695111\" target=\"_blank\">Visitar Curr\u00edculo Lattes<br \/>\n<\/a><\/em><em>Laborat\u00f3rio de Entomologia e Fitopatologia (LEF &#8211; CCTA &#8211; UENF)<br \/>\n<\/em><em>Cl\u00ednica Fitossanit\u00e1ria da UENF<\/em><\/p>\n<p><strong><span style=\"color: #888888;\">CONTATO<\/span><\/strong><em><strong><br \/>\n<\/strong><\/em>E-mail<em> \u00a0<em><strong>clinica@uenf.br\u00a0 \u00a0<\/strong><\/em>||<em><strong>\u00a0\u00a0\u00a0<\/strong><\/em><\/em>Telefone<em> \u00a0<em><strong>(22) 2739 7258<\/strong><\/em><br \/>\n<\/em><\/p>\n<p><strong><span style=\"color: #888888;\">DESCRI\u00c7\u00c3O\u00a0GERAL<\/span><br \/>\n<\/strong>A Cl\u00ednica Fitossanit\u00e1ria da Universidade Estadual do Norte Fluminense Darcy Ribeiro presta servi\u00e7os de diagnose de doen\u00e7as de plantas de diferentes culturas oriundas de diversas regi\u00f5es do pa\u00eds e principalmente da regi\u00e3o norte e noroeste fluminense. Devido ao alto crescimento da produ\u00e7\u00e3o agr\u00edcola, especificamente na \u00e1rea de alimentos a import\u00e2ncia de um controle fitossanit\u00e1rio eficaz e r\u00e1pido se faz cada vez mais necess\u00e1rio, visto que doen\u00e7as de plantas, assim como as pragas podem levar a perda total da produ\u00e7\u00e3o gerando preju\u00edzos aos produtores. Essas perdas podem ser causadas pela ocorr\u00eancia de doen\u00e7as no campo, no armazenamento ou no transporte. O servi\u00e7o da Cl\u00ednica Fitossanit\u00e1ria da UENF, desde 1995, tem se tornado fundamental para o desenvolvimento agr\u00edcola da regi\u00e3o, pois uma diagnose correta ajuda tanto produtores como profissionais a n\u00e3o cometerem erros de diagn\u00f3stico e evitar com isso uma recomenda\u00e7\u00e3o inadequada de controle.<\/p>\n<p>Desde ent\u00e3o, produtores, t\u00e9cnicos extensionistas, pesquisadores de institui\u00e7\u00f5es p\u00fablicas e privadas e agentes da defesa vegetal de \u00f3rg\u00e3os de fiscaliza\u00e7\u00e3o p\u00fablica vem utilizando nossos servi\u00e7os. Os registros realizados na cl\u00ednica s\u00e3o catalogados para determinar a import\u00e2ncia e a incid\u00eancia de doen\u00e7as e pragas em diversos tipos de hospedeiros, tra\u00e7ando um panorama que simplifique as medidas fitossanit\u00e1rias a serem tomadas na regi\u00e3o. As an\u00e1lises de rotina compreendem a identifica\u00e7\u00e3o dos sintomas espec\u00edficos a cada problema, isolamentos dos microrganismos, cultivo e identifica\u00e7\u00e3o destes. Ao mesmo tempo em que proporciona um atendimento altamente especializado, a cl\u00ednica fitossanit\u00e1ria garante oportunidade de treinamento aos alunos, futuros Engenheiros Agr\u00f4nomos, mediante a condu\u00e7\u00e3o de projetos de extens\u00e3o, monografias de conclus\u00e3o de curso e est\u00e1gios supervisionados. Por meio do site da Cl\u00ednica o visitante poder\u00e1 obter informa\u00e7\u00f5es sobre os custos e tipos de an\u00e1lises efetuadas bem como receber orienta\u00e7\u00f5es sobre a coleta, preparo e envio de amostras para diagn\u00f3stico. Visitas t\u00e9cnicas tamb\u00e9m poder\u00e3o ser solicitadas e agendadas. Al\u00e9m disso, o visitante poder\u00e1 baixar arquivos dispon\u00edveis, tais como: ficha de acompanhamento de amostras, boletins informativos e publica\u00e7\u00f5es recentes sobre fitossanidade.<\/p>\n<p><span><strong><span style=\"color: #888888;\">DESCRI\u00c7\u00c3O\u00a0ESPEC\u00cdFICA<\/span><br \/>\n<\/strong><\/span>Exames de sanidade de plantas, tais como: diagn\u00f3stico r\u00e1pido por sintomatologia \/ an\u00e1lise de prepara\u00e7\u00f5es frescas ou culturas isoladas em meio de cultivo de pat\u00f3genos; ensaio de pat\u00f3genos desconhecidos em amostras de plantas; ensaio de pat\u00f3genos conhecidos em amostras de solo &#8211; g\u00eaneros f\u00fangicos (quantitativo); ensaio de pat\u00f3genos conhecidos em amostras de solo &#8211; nematoides em geral (qualitativo); ensaio de pat\u00f3genos conhecidos em amostras de solo &#8211; fitonematoides &#8211; g\u00eaneros principais (quantitativo); ensaio de pat\u00f3genos conhecidos em amostras de solo &#8211; nematoide das galhas (esp\u00e9cie); an\u00e1lise de amostras de sementes &#8211; de Blotter &#8211; fungos e bact\u00e9rias (g\u00eaneros); an\u00e1lise de amostras de sementes &#8211; pat\u00f3geno f\u00fangico espec\u00edfico (sob consulta); fornecimento de culturas-puras de micro-organismos.<\/p>\n<p><span style=\"color: #808080;\"><strong>P\u00daBLICO-ALVO<\/strong><\/span><br \/>\nProdutores rurais; T\u00e9cnicos extensionistas e aut\u00f4nomos; \u00d3rg\u00e3os governamentais de fiscaliza\u00e7\u00e3o fitossanit\u00e1ria;Pesquisadores, graduandos e p\u00f3s-graduandos da UENF e outras Universidades, envolvidos com pesquisa e extens\u00e3o na \u00e1rea vegetal; Comerciantes do ramo agropecu\u00e1rio e a comunidade local, em geral.<\/p>\n","protected":false},"excerpt":{"rendered":"<p>PROFESSOR RESPONS\u00c1VEL Silvaldo Felipe da Silveira, Prof. D.Sc.\u00a0Visitar Curr\u00edculo Lattes Laborat\u00f3rio de Entomologia e Fitopatologia (LEF &#8211; CCTA &#8211; UENF)&#8230;<\/p>\n","protected":false},"author":20,"featured_media":0,"parent":74,"menu_order":0,"comment_status":"closed","ping_status":"open","template":"","meta":{"footnotes":""},"class_list":["post-367","page","type-page","status-publish","hentry"],"_links":{"self":[{"href":"https:\/\/uenf.br\/reitoria\/agenciainovacao\/wp-json\/wp\/v2\/pages\/367","targetHints":{"allow":["GET"]}}],"collection":[{"href":"https:\/\/uenf.br\/reitoria\/agenciainovacao\/wp-json\/wp\/v2\/pages"}],"about":[{"href":"https:\/\/uenf.br\/reitoria\/agenciainovacao\/wp-json\/wp\/v2\/types\/page"}],"author":[{"embeddable":true,"href":"https:\/\/uenf.br\/reitoria\/agenciainovacao\/wp-json\/wp\/v2\/users\/20"}],"replies":[{"embeddable":true,"href":"https:\/\/uenf.br\/reitoria\/agenciainovacao\/wp-json\/wp\/v2\/comments?post=367"}],"version-history":[{"count":0,"href":"https:\/\/uenf.br\/reitoria\/agenciainovacao\/wp-json\/wp\/v2\/pages\/367\/revisions"}],"up":[{"embeddable":true,"href":"https:\/\/uenf.br\/reitoria\/agenciainovacao\/wp-json\/wp\/v2\/pages\/74"}],"wp:attachment":[{"href":"https:\/\/uenf.br\/reitoria\/agenciainovacao\/wp-json\/wp\/v2\/media?parent=367"}],"curies":[{"name":"wp","href":"https:\/\/api.w.org\/{rel}","templated":true}]}}