{"id":37,"date":"2012-07-25T18:38:54","date_gmt":"2012-07-25T18:38:54","guid":{"rendered":"http:\/\/uenf.br\/reitoria\/agenciainovacao\/?page_id=37"},"modified":"2025-08-14T14:26:05","modified_gmt":"2025-08-14T14:26:05","slug":"a-marca","status":"publish","type":"page","link":"https:\/\/uenf.br\/reitoria\/agenciainovacao\/apresentacao\/a-marca\/","title":{"rendered":"A marca"},"content":{"rendered":"<div><a href=\"http:\/\/uenf.br\/reitoria\/agenciainovacao\/files\/2012\/07\/Agi-UENF.jpg\"><img loading=\"lazy\" decoding=\"async\" class=\" wp-image-850 aligncenter\" src=\"http:\/\/uenf.br\/reitoria\/agenciainovacao\/files\/2012\/07\/Agi-UENF.jpg\" alt=\"Agi UENF\" width=\"350\" height=\"193\" srcset=\"https:\/\/uenf.br\/reitoria\/agenciainovacao\/files\/2012\/07\/Agi-UENF.jpg 500w, https:\/\/uenf.br\/reitoria\/agenciainovacao\/files\/2012\/07\/Agi-UENF-300x165.jpg 300w, https:\/\/uenf.br\/reitoria\/agenciainovacao\/files\/2012\/07\/Agi-UENF-150x82.jpg 150w, https:\/\/uenf.br\/reitoria\/agenciainovacao\/files\/2012\/07\/Agi-UENF-400x220.jpg 400w\" sizes=\"auto, (max-width: 350px) 100vw, 350px\" \/><\/a><\/div>\n<div><\/div>\n<div><\/div>\n<div style=\"text-align: justify;\">\n<p>A Ag\u00eancia\u00a0UENF\u00a0de Inova\u00e7\u00e3o &#8211; AgiUENF tem como um de seus principais objetivos fortalecer as rela\u00e7\u00f5es Universidade \/ Empresa. Diante desse conceito, aliado a pol\u00edtica de inova\u00e7\u00e3o foi desenvolvida uma identidade visual que transmitisse os ideais da AgiUENF.<\/p>\n<p>Foi usada a l\u00e2mpada, pois \u00e9 o s\u00edmbolo da ideia, da inova\u00e7\u00e3o, formada por dois tra\u00e7os se encontrando, o laranja representa as Empresas e o azul a Universidade, formando a l\u00e2mpada, ou seja, a inter-rela\u00e7\u00e3o que ocorre na pol\u00edtica de inova\u00e7\u00e3o.<\/p>\n<\/div>\n<div style=\"text-align: justify;\"><\/div>\n<p style=\"text-align: justify;\"><span style=\"font-family: 'times new roman', 'new york', times, serif;\">\u00a0<\/span><\/p>\n","protected":false},"excerpt":{"rendered":"<p>A Ag\u00eancia\u00a0UENF\u00a0de Inova\u00e7\u00e3o &#8211; AgiUENF tem como um de seus principais objetivos fortalecer as rela\u00e7\u00f5es Universidade \/ Empresa. Diante desse&#8230;<\/p>\n","protected":false},"author":20,"featured_media":0,"parent":32,"menu_order":1,"comment_status":"closed","ping_status":"closed","template":"","meta":{"footnotes":""},"class_list":["post-37","page","type-page","status-publish","hentry"],"_links":{"self":[{"href":"https:\/\/uenf.br\/reitoria\/agenciainovacao\/wp-json\/wp\/v2\/pages\/37","targetHints":{"allow":["GET"]}}],"collection":[{"href":"https:\/\/uenf.br\/reitoria\/agenciainovacao\/wp-json\/wp\/v2\/pages"}],"about":[{"href":"https:\/\/uenf.br\/reitoria\/agenciainovacao\/wp-json\/wp\/v2\/types\/page"}],"author":[{"embeddable":true,"href":"https:\/\/uenf.br\/reitoria\/agenciainovacao\/wp-json\/wp\/v2\/users\/20"}],"replies":[{"embeddable":true,"href":"https:\/\/uenf.br\/reitoria\/agenciainovacao\/wp-json\/wp\/v2\/comments?post=37"}],"version-history":[{"count":0,"href":"https:\/\/uenf.br\/reitoria\/agenciainovacao\/wp-json\/wp\/v2\/pages\/37\/revisions"}],"up":[{"embeddable":true,"href":"https:\/\/uenf.br\/reitoria\/agenciainovacao\/wp-json\/wp\/v2\/pages\/32"}],"wp:attachment":[{"href":"https:\/\/uenf.br\/reitoria\/agenciainovacao\/wp-json\/wp\/v2\/media?parent=37"}],"curies":[{"name":"wp","href":"https:\/\/api.w.org\/{rel}","templated":true}]}}