{"id":375,"date":"2012-08-31T19:03:35","date_gmt":"2012-08-31T19:03:35","guid":{"rendered":"http:\/\/uenf.br\/reitoria\/agenciainovacao\/?page_id=375"},"modified":"2012-09-25T18:23:53","modified_gmt":"2012-09-25T18:23:53","slug":"clinica-reprodutiva-de-pequenos-animais","status":"publish","type":"page","link":"https:\/\/uenf.br\/reitoria\/agenciainovacao\/portifolios\/servicos\/clinica-reprodutiva-de-pequenos-animais\/","title":{"rendered":"Cl\u00ednica Reprodutiva de Pequenos Animais"},"content":{"rendered":"<p><strong style=\"color: #888888;\">PROFESSOR RESPONS\u00c1VEL<br \/>\n<\/strong><strong><span>M\u00e1rcia Rezende, Profa. D.Sc.<\/span><\/strong>\u00a0<em><a href=\"http:\/\/lattes.cnpq.br\/4342617296089926\" target=\"_blank\">Visitar Curr\u00edculo Lattes<br \/>\n<\/a><\/em><em>N\u00facleo de Apoio a Reprodu\u00e7\u00e3o \u00a0de Carn\u00edvoros (NuARC &#8211; CCTA &#8211; UENF)<\/em><\/p>\n<p><strong><span style=\"color: #888888;\">CONTATO<\/span><br \/>\n<\/strong>E-mail \u00a0<em><strong>nuarc@uenf.br\u00a0 \u00a0<\/strong><\/em>||<em><strong>\u00a0\u00a0\u00a0<\/strong><\/em>Telefone \u00a0<em><strong>(22) 2739 7190<\/strong><\/em><br \/>\n<strong style=\"color: #888888;\"><\/strong><\/p>\n<p><strong style=\"color: #888888;\">DESCRI\u00c7\u00c3O ESPEC\u00cdFICA<br \/>\n<\/strong>Consulta Cl\u00ednica &#8211; reprodutiva de pequenos animais; Exame Ginecol\u00f3gico;\u00a0Espermiograma; Ultrassonografia do aparelho reprodutivo de pequenos animais;\u00a0Pacote de acompanhamento do ciclo estral por Citologia vaginal; Pacote de Insemina\u00e7\u00e3o Artificial; Refrigera\u00e7\u00e3o de s\u00eamen por ejaculado; Ensaio de Congelamento de S\u00eamen por ejaculado;\u00a0Exame Androl\u00f3gico; Ensaio de Citologia Vaginal.<\/p>\n<p><strong style=\"color: #808080;\">P\u00daBLICO-ALVO<br \/>\n<\/strong>Cl\u00ednicas e m\u00e9dicos veterin\u00e1rios de Campos dos Goytacazes e regi\u00e3o e comunidade em geral propriet\u00e1rios de pequenos animais carn\u00edvoros dom\u00e9sticos (c\u00e3es e gatos).<\/p>\n","protected":false},"excerpt":{"rendered":"<p>PROFESSOR RESPONS\u00c1VEL M\u00e1rcia Rezende, Profa. D.Sc.\u00a0Visitar Curr\u00edculo Lattes N\u00facleo de Apoio a Reprodu\u00e7\u00e3o \u00a0de Carn\u00edvoros (NuARC &#8211; CCTA &#8211; UENF)&#8230;<\/p>\n","protected":false},"author":20,"featured_media":0,"parent":74,"menu_order":0,"comment_status":"closed","ping_status":"open","template":"","meta":{"footnotes":""},"class_list":["post-375","page","type-page","status-publish","hentry"],"_links":{"self":[{"href":"https:\/\/uenf.br\/reitoria\/agenciainovacao\/wp-json\/wp\/v2\/pages\/375","targetHints":{"allow":["GET"]}}],"collection":[{"href":"https:\/\/uenf.br\/reitoria\/agenciainovacao\/wp-json\/wp\/v2\/pages"}],"about":[{"href":"https:\/\/uenf.br\/reitoria\/agenciainovacao\/wp-json\/wp\/v2\/types\/page"}],"author":[{"embeddable":true,"href":"https:\/\/uenf.br\/reitoria\/agenciainovacao\/wp-json\/wp\/v2\/users\/20"}],"replies":[{"embeddable":true,"href":"https:\/\/uenf.br\/reitoria\/agenciainovacao\/wp-json\/wp\/v2\/comments?post=375"}],"version-history":[{"count":0,"href":"https:\/\/uenf.br\/reitoria\/agenciainovacao\/wp-json\/wp\/v2\/pages\/375\/revisions"}],"up":[{"embeddable":true,"href":"https:\/\/uenf.br\/reitoria\/agenciainovacao\/wp-json\/wp\/v2\/pages\/74"}],"wp:attachment":[{"href":"https:\/\/uenf.br\/reitoria\/agenciainovacao\/wp-json\/wp\/v2\/media?parent=375"}],"curies":[{"name":"wp","href":"https:\/\/api.w.org\/{rel}","templated":true}]}}