{"id":385,"date":"2012-08-31T20:18:31","date_gmt":"2012-08-31T20:18:31","guid":{"rendered":"http:\/\/uenf.br\/reitoria\/agenciainovacao\/?page_id=385"},"modified":"2012-09-25T18:21:12","modified_gmt":"2012-09-25T18:21:12","slug":"diagnostico-e-investigacao-molecular","status":"publish","type":"page","link":"https:\/\/uenf.br\/reitoria\/agenciainovacao\/portifolios\/servicos\/diagnostico-e-investigacao-molecular\/","title":{"rendered":"Diagn\u00f3stico e Investiga\u00e7\u00e3o Molecular"},"content":{"rendered":"<p><strong style=\"color: #888888;\">PROFESSOR RESPONS\u00c1VEL<br \/>\n<\/strong><strong><span>Enrique Medina-Acosta, Prof. D.Sc.<\/span><\/strong>\u00a0<em><a href=\"http:\/\/lattes.cnpq.br\/0494533350878531\" target=\"_blank\">Visitar Curr\u00edculo Lattes<br \/>\n<\/a><\/em><em>N\u00facleo de Diagn\u00f3stico e Investiga\u00e7\u00e3o Molecular (NUDIM &#8211; CBB &#8211; UENF)<\/em><\/p>\n<p><em><strong><span style=\"color: #888888;\">CONTATO<\/span><br \/>\n<\/strong><\/em>E-mail<em> \u00a0<em><strong>nudim@uenf.br\u00a0 \u00a0<\/strong><\/em>||<em><strong>\u00a0\u00a0\u00a0<\/strong><\/em><\/em>Telefone<em> \u00a0<em><strong>(22) 2726 6758<\/strong><\/em><br \/>\n<\/em><strong style=\"color: #888888;\"><\/strong><\/p>\n<p><strong style=\"color: #888888;\">DESCRI\u00c7\u00c3O ESPEC\u00cdFICA<br \/>\n<\/strong>Tipagem humana por DNA: Investiga\u00e7\u00e3o de v\u00ednculo geneal\u00f3gico ou parentesco gen\u00e9tico.<br \/>\nTeste de maternidade\/paternidade e consanguinidade com fins legais.<br \/>\nReconstru\u00e7\u00e3o de Gen\u00f3tipo de Suposto Pai Falecido.<br \/>\nInvestiga\u00e7\u00e3o gen\u00e9tica de anomalias cromoss\u00f4micas num\u00e9ricas.<br \/>\nOutros testes an\u00e1logos de gen\u00e9tica humana conforme a demanda.<br \/>\nConsultoria e assessoria em Biologia Molecular, Diagn\u00f3stico Molecular.<br \/>\nTestes gen\u00e9ticos moleculares desenvolvidos e dispon\u00edveis \u00e0 comunidade:<\/p>\n<p>\u00c1rea: Gen\u00e9tica Humana<\/p>\n<p>Dist\u00farbios dos cromossomos autoss\u00f4micos (Aneuploidias):<\/p>\n<p>Trissomias autoss\u00f4micas:<br \/>\nTrissomia do 21 (S\u00edndrome de Down)<br \/>\nTrissomia do 18 (S\u00edndrome de Edwards)<br \/>\nTrissomia do 13 (S\u00edndrome de Patau)<\/p>\n<p>Dist\u00farbios dos cromossomos sexuais:<br \/>\nS\u00edndrome de Klinefelter (47,XXY)<br \/>\nS\u00edndrome 47,XYY<br \/>\nTrissomia do X (47,XXX)<br \/>\nS\u00edndrome de Turner (45,X e variantes)<\/p>\n<p>Doen\u00e7as monog\u00eanicas:<br \/>\nDiagn\u00f3stico indireto de hemofilia A<br \/>\nDiagn\u00f3stico indireto de Distrofia Muscular de Duchenne<br \/>\nDiagn\u00f3stico indireto de Doen\u00e7a de Huntington<br \/>\nAtriquia com les\u00f5es papulares<\/p>\n<p>\u00c1rea: Gen\u00e9tica de equinos (Equus caballus)<br \/>\nSexagem molecular (citogen\u00e9tica molecular)<br \/>\nTeste de parentesco (tipagem molecular)<br \/>\nDesenvolvimento de marcadores polim\u00f3rficos<\/p>\n","protected":false},"excerpt":{"rendered":"<p>PROFESSOR RESPONS\u00c1VEL Enrique Medina-Acosta, Prof. D.Sc.\u00a0Visitar Curr\u00edculo Lattes N\u00facleo de Diagn\u00f3stico e Investiga\u00e7\u00e3o Molecular (NUDIM &#8211; CBB &#8211; UENF) CONTATO&#8230;<\/p>\n","protected":false},"author":20,"featured_media":0,"parent":74,"menu_order":0,"comment_status":"closed","ping_status":"open","template":"","meta":{"footnotes":""},"class_list":["post-385","page","type-page","status-publish","hentry"],"_links":{"self":[{"href":"https:\/\/uenf.br\/reitoria\/agenciainovacao\/wp-json\/wp\/v2\/pages\/385","targetHints":{"allow":["GET"]}}],"collection":[{"href":"https:\/\/uenf.br\/reitoria\/agenciainovacao\/wp-json\/wp\/v2\/pages"}],"about":[{"href":"https:\/\/uenf.br\/reitoria\/agenciainovacao\/wp-json\/wp\/v2\/types\/page"}],"author":[{"embeddable":true,"href":"https:\/\/uenf.br\/reitoria\/agenciainovacao\/wp-json\/wp\/v2\/users\/20"}],"replies":[{"embeddable":true,"href":"https:\/\/uenf.br\/reitoria\/agenciainovacao\/wp-json\/wp\/v2\/comments?post=385"}],"version-history":[{"count":0,"href":"https:\/\/uenf.br\/reitoria\/agenciainovacao\/wp-json\/wp\/v2\/pages\/385\/revisions"}],"up":[{"embeddable":true,"href":"https:\/\/uenf.br\/reitoria\/agenciainovacao\/wp-json\/wp\/v2\/pages\/74"}],"wp:attachment":[{"href":"https:\/\/uenf.br\/reitoria\/agenciainovacao\/wp-json\/wp\/v2\/media?parent=385"}],"curies":[{"name":"wp","href":"https:\/\/api.w.org\/{rel}","templated":true}]}}