{"id":389,"date":"2012-09-03T17:08:02","date_gmt":"2012-09-03T17:08:02","guid":{"rendered":"http:\/\/uenf.br\/reitoria\/agenciainovacao\/?page_id=389"},"modified":"2012-10-22T14:26:37","modified_gmt":"2012-10-22T14:26:37","slug":"insulina","status":"publish","type":"page","link":"https:\/\/uenf.br\/reitoria\/agenciainovacao\/portifolios\/portfolio-uenf-de-patentes\/insulina\/","title":{"rendered":"Adi\u00e7\u00e3o de insulina para melhoramento no congelamento e resfriamento de s\u00eamen"},"content":{"rendered":"<p><strong><span style=\"color: #888888;\">INVENTOR<br \/>\n<\/span><\/strong><strong>Maur\u00edcio Fraga van Tilburg<\/strong>\u00a0<em><a href=\"http:\/\/lattes.cnpq.br\/4336877181545923\" target=\"_blank\">Visitar Curr\u00edculo Lattes<\/a><\/em><\/p>\n<p><strong style=\"color: #888888;\">CONTATO<br \/>\n<\/strong>E-mail \u00a0<strong>patentes@uenf.br<\/strong><\/p>\n<p><strong style=\"color: #888888;\">DESCRI\u00c7\u00c3O GERAL<br \/>\n<\/strong>O congelamento e o descongelamento de espermatozoides de diversas esp\u00e9cies geralmente sofrem um decr\u00e9scimo em sua motilidade e um aumento de inj\u00faria da estrutura da membrana. Em consequ\u00eancia, a fertilidade do s\u00eamen congelado \u00e9 pior. A altera\u00e7\u00e3o de temperatura tamb\u00e9m desorganiza a estrutura da membrana plasm\u00e1tica, podendo ter profundos efeitos nas propriedades funcionais da mesma com consequente redu\u00e7\u00e3o da taxa de fertilidade do s\u00eamen congelado.<\/p>\n<p>Assim, a presente inven\u00e7\u00e3o se baseia na adi\u00e7\u00e3o de insulina a diluentes seminais prontos para uso ou em fase de preparo, podendo ser adicionada em qualquer etapa, o que produzir\u00e1 o mesmo efeito final \u00e0s c\u00e9lulas esperm\u00e1ticas. A insulina tem como finalidade melhorar a qualidade do s\u00eamen processado para resfriamento, congelamento e descongelamento, aumentando a quantidade de c\u00e9lulas esperm\u00e1ticas vi\u00e1veis para o processo de fecunda\u00e7\u00e3o.<\/p>\n<p>A melhoria na sobrevida dos espermatozoides p\u00f3s-resfriamento e p\u00f3s-descongelamento propicia incremento nos resultados de processos biotecnol\u00f3gicos de melhoramento gen\u00e9tico em que s\u00e3o empregados, como, por exemplo, a utiliza\u00e7\u00e3o de s\u00eamen resfriado ou congelado em t\u00e9cnicas de insemina\u00e7\u00e3o artificial, insemina\u00e7\u00e3o intracitoplasm\u00e1tica de espermatozoide, de fertiliza\u00e7\u00e3o in vitro, de fertiliza\u00e7\u00e3o in vivo, entre outras biotecnias.<\/p>\n<p><span style=\"color: #888888;\"><strong>OBJETIVOS<\/strong><\/span><br \/>\nO objetivo \u00e9 a adi\u00e7\u00e3o de insulina a diluentes seminais para uso nos processos de resfriamento, congelamento e descongelamento de espermatozoides de diversas esp\u00e9cies animais e humano, com a finalidade de aumentar a viabilidade esperm\u00e1tica para melhorar o desempenho de programas de melhoramento gen\u00e9tico e de biot\u00e9cnicas de reprodu\u00e7\u00e3o animal.<\/p>\n<p><span style=\"color: #888888;\"><strong>P\u00daBLICO-ALVO<\/strong><\/span><br \/>\nCl\u00ednicas e produtores em geral.<\/p>\n","protected":false},"excerpt":{"rendered":"<p>INVENTOR Maur\u00edcio Fraga van Tilburg\u00a0Visitar Curr\u00edculo Lattes CONTATO E-mail \u00a0patentes@uenf.br DESCRI\u00c7\u00c3O GERAL O congelamento e o descongelamento de espermatozoides de&#8230;<\/p>\n","protected":false},"author":20,"featured_media":0,"parent":80,"menu_order":0,"comment_status":"closed","ping_status":"open","template":"","meta":{"footnotes":""},"class_list":["post-389","page","type-page","status-publish","hentry"],"_links":{"self":[{"href":"https:\/\/uenf.br\/reitoria\/agenciainovacao\/wp-json\/wp\/v2\/pages\/389","targetHints":{"allow":["GET"]}}],"collection":[{"href":"https:\/\/uenf.br\/reitoria\/agenciainovacao\/wp-json\/wp\/v2\/pages"}],"about":[{"href":"https:\/\/uenf.br\/reitoria\/agenciainovacao\/wp-json\/wp\/v2\/types\/page"}],"author":[{"embeddable":true,"href":"https:\/\/uenf.br\/reitoria\/agenciainovacao\/wp-json\/wp\/v2\/users\/20"}],"replies":[{"embeddable":true,"href":"https:\/\/uenf.br\/reitoria\/agenciainovacao\/wp-json\/wp\/v2\/comments?post=389"}],"version-history":[{"count":0,"href":"https:\/\/uenf.br\/reitoria\/agenciainovacao\/wp-json\/wp\/v2\/pages\/389\/revisions"}],"up":[{"embeddable":true,"href":"https:\/\/uenf.br\/reitoria\/agenciainovacao\/wp-json\/wp\/v2\/pages\/80"}],"wp:attachment":[{"href":"https:\/\/uenf.br\/reitoria\/agenciainovacao\/wp-json\/wp\/v2\/media?parent=389"}],"curies":[{"name":"wp","href":"https:\/\/api.w.org\/{rel}","templated":true}]}}