{"id":406,"date":"2012-09-14T12:58:52","date_gmt":"2012-09-14T12:58:52","guid":{"rendered":"http:\/\/uenf.br\/reitoria\/agenciainovacao\/?page_id=406"},"modified":"2012-09-25T18:33:09","modified_gmt":"2012-09-25T18:33:09","slug":"postmortem","status":"publish","type":"page","link":"https:\/\/uenf.br\/reitoria\/agenciainovacao\/portifolios\/servicos\/postmortem\/","title":{"rendered":"Exames postmortem em animais dom\u00e9sticos e selvagens"},"content":{"rendered":"<p><strong style=\"color: #888888;\">PROFESSOR RESPONS\u00c1VEL<br \/>\n<\/strong><strong><span>Leonardo Serafim da Silveira, Prof. D.Sc.<\/span><\/strong>\u00a0<em><a href=\"http:\/\/lattes.cnpq.br\/3495523222990119\" target=\"_blank\">Visitar Curr\u00edculo Lattes<br \/>\n<\/a><\/em><em>Laborat\u00f3rio de Morfologia e Patologia Animal (LMPA &#8211; CCTA &#8211; UENF)<\/em><\/p>\n<p><span style=\"color: #888888;\"><strong>CONTATO<\/strong><\/span><em><br \/>\n<\/em>E-mail<em> \u00a0<em><strong>leoseraf@uenf.br<\/strong><em>\u00a0 \u00a0<\/em>||<em>\u00a0\u00a0\u00a0<\/em><\/em><\/em>Telefone<em><em> \u00a0<strong><em><strong>(22)\u00a02739 7155<\/strong><\/em><\/strong><\/em><br \/>\n<\/em><strong style=\"color: #888888;\"><\/strong><\/p>\n<p><strong style=\"color: #888888;\">DESCRI\u00c7\u00c3O GERAL<br \/>\n<\/strong>Exames postmortem em animais dom\u00e9sticos e selvagens, com \u00eanfase em pesquisa na \u00e1rea de morfologia normal e patol\u00f3gica animal.<\/p>\n<p><strong><span style=\"color: #888888;\">P\u00daBLICO-ALVO<\/span><br \/>\n<\/strong>Criadores de animais em geral.<\/p>\n","protected":false},"excerpt":{"rendered":"<p>PROFESSOR RESPONS\u00c1VEL Leonardo Serafim da Silveira, Prof. D.Sc.\u00a0Visitar Curr\u00edculo Lattes Laborat\u00f3rio de Morfologia e Patologia Animal (LMPA &#8211; CCTA &#8211;&#8230;<\/p>\n","protected":false},"author":20,"featured_media":0,"parent":74,"menu_order":0,"comment_status":"closed","ping_status":"open","template":"","meta":{"footnotes":""},"class_list":["post-406","page","type-page","status-publish","hentry"],"_links":{"self":[{"href":"https:\/\/uenf.br\/reitoria\/agenciainovacao\/wp-json\/wp\/v2\/pages\/406","targetHints":{"allow":["GET"]}}],"collection":[{"href":"https:\/\/uenf.br\/reitoria\/agenciainovacao\/wp-json\/wp\/v2\/pages"}],"about":[{"href":"https:\/\/uenf.br\/reitoria\/agenciainovacao\/wp-json\/wp\/v2\/types\/page"}],"author":[{"embeddable":true,"href":"https:\/\/uenf.br\/reitoria\/agenciainovacao\/wp-json\/wp\/v2\/users\/20"}],"replies":[{"embeddable":true,"href":"https:\/\/uenf.br\/reitoria\/agenciainovacao\/wp-json\/wp\/v2\/comments?post=406"}],"version-history":[{"count":0,"href":"https:\/\/uenf.br\/reitoria\/agenciainovacao\/wp-json\/wp\/v2\/pages\/406\/revisions"}],"up":[{"embeddable":true,"href":"https:\/\/uenf.br\/reitoria\/agenciainovacao\/wp-json\/wp\/v2\/pages\/74"}],"wp:attachment":[{"href":"https:\/\/uenf.br\/reitoria\/agenciainovacao\/wp-json\/wp\/v2\/media?parent=406"}],"curies":[{"name":"wp","href":"https:\/\/api.w.org\/{rel}","templated":true}]}}