{"id":489,"date":"2012-09-25T17:51:16","date_gmt":"2012-09-25T17:51:16","guid":{"rendered":"http:\/\/uenf.br\/reitoria\/agenciainovacao\/?page_id=489"},"modified":"2012-09-25T17:55:54","modified_gmt":"2012-09-25T17:55:54","slug":"radiologia-veterinaria","status":"publish","type":"page","link":"https:\/\/uenf.br\/reitoria\/agenciainovacao\/portifolios\/servicos\/radiologia-veterinaria\/","title":{"rendered":"Radiologia veterin\u00e1ria"},"content":{"rendered":"<p><strong style=\"color: #888888;\">PROFESSOR RESPONS\u00c1VEL<br \/>\n<\/strong><strong><span>Helena Kiyomi Hokamura, Profa. D.Sc.<\/span><\/strong>\u00a0<em><a href=\"http:\/\/lattes.cnpq.br\/2715449807829411\" target=\"_blank\">Visitar Curr\u00edculo Lattes<br \/>\n<\/a><\/em><em>Laborat\u00f3rio de Morfologia e Patologia Animal (LMPA\u00a0&#8211; CCTA &#8211; UENF)<\/em><\/p>\n<p><span style=\"color: #888888;\"><strong>CONTATO<\/strong><\/span><em><br \/>\n<\/em>E-mail<em> \u00a0<strong>hokamura@uenf.br<\/strong> <\/em>e<em> <strong>hhelenak@superig.com.br<br \/>\n<\/strong><\/em>Telefone<em> \u00a0<strong><em><strong>(22) 2739 7056 <\/strong><\/em><\/strong><\/em>e<em><strong><em><strong> (11) 9997 626 10<\/strong><\/em><\/strong><\/em><em><br \/>\n<\/em><strong style=\"color: #888888;\"><\/strong><\/p>\n<p><strong style=\"color: #888888;\">DESCRI\u00c7\u00c3O GERAL<br \/>\n<\/strong>Servi\u00e7os de radiologia veterin\u00e1ria como recurso complementar para o diagn\u00f3stico cl\u00ednico\/cir\u00fargico das diferentes esp\u00e9cies animais (animais de pequeno porte, m\u00e9dio porte, grande porte, ex\u00f3ticos e silvestres). Apoio a pesquisa cient\u00edfica que necessitem da modalidade de imagem radiogr\u00e1fica como recurso complementar..<\/p>\n<p><strong><span style=\"color: #888888;\">P\u00daBLICO-ALVO<\/span><br \/>\n<\/strong>M\u00e9dicos-veterin\u00e1rios.<\/p>\n","protected":false},"excerpt":{"rendered":"<p>PROFESSOR RESPONS\u00c1VEL Helena Kiyomi Hokamura, Profa. D.Sc.\u00a0Visitar Curr\u00edculo Lattes Laborat\u00f3rio de Morfologia e Patologia Animal (LMPA\u00a0&#8211; CCTA &#8211; UENF) CONTATO&#8230;<\/p>\n","protected":false},"author":20,"featured_media":0,"parent":74,"menu_order":0,"comment_status":"closed","ping_status":"open","template":"","meta":{"footnotes":""},"class_list":["post-489","page","type-page","status-publish","hentry"],"_links":{"self":[{"href":"https:\/\/uenf.br\/reitoria\/agenciainovacao\/wp-json\/wp\/v2\/pages\/489","targetHints":{"allow":["GET"]}}],"collection":[{"href":"https:\/\/uenf.br\/reitoria\/agenciainovacao\/wp-json\/wp\/v2\/pages"}],"about":[{"href":"https:\/\/uenf.br\/reitoria\/agenciainovacao\/wp-json\/wp\/v2\/types\/page"}],"author":[{"embeddable":true,"href":"https:\/\/uenf.br\/reitoria\/agenciainovacao\/wp-json\/wp\/v2\/users\/20"}],"replies":[{"embeddable":true,"href":"https:\/\/uenf.br\/reitoria\/agenciainovacao\/wp-json\/wp\/v2\/comments?post=489"}],"version-history":[{"count":0,"href":"https:\/\/uenf.br\/reitoria\/agenciainovacao\/wp-json\/wp\/v2\/pages\/489\/revisions"}],"up":[{"embeddable":true,"href":"https:\/\/uenf.br\/reitoria\/agenciainovacao\/wp-json\/wp\/v2\/pages\/74"}],"wp:attachment":[{"href":"https:\/\/uenf.br\/reitoria\/agenciainovacao\/wp-json\/wp\/v2\/media?parent=489"}],"curies":[{"name":"wp","href":"https:\/\/api.w.org\/{rel}","templated":true}]}}