{"id":555,"date":"2012-10-22T14:47:23","date_gmt":"2012-10-22T14:47:23","guid":{"rendered":"http:\/\/uenf.br\/reitoria\/agenciainovacao\/?page_id=555"},"modified":"2013-03-18T20:07:20","modified_gmt":"2013-03-18T20:07:20","slug":"bloco-de-encaixe","status":"publish","type":"page","link":"https:\/\/uenf.br\/reitoria\/agenciainovacao\/portifolios\/portfolio-uenf-de-patentes\/bloco-de-encaixe\/","title":{"rendered":"Bloco de encaixe prensado e queimado"},"content":{"rendered":"<p><strong><span style=\"color: #888888;\">INVENTOR<\/span><br \/>\n<\/strong><strong>Jonas Alexandre, Prof. D.Sc.<\/strong>\u00a0<em><a href=\"http:\/\/lattes.cnpq.br\/6775752719088891\" target=\"_blank\">Visitar Curr\u00edculo Lattes<br \/>\n<\/a>Laborat\u00f3rio de Engenharia Civil (LECIV\u00a0&#8211; CCT &#8211; UENF)<\/em><\/p>\n<p><strong><span style=\"color: #888888;\">CONTATO<\/span><br \/>\n<\/strong>E-mail \u00a0<strong>patentes@uenf.br<\/strong> || Telefone <strong>(22)\u00a02739 7331<\/strong><\/p>\n<p><strong style=\"color: #888888;\">DESCRI\u00c7\u00c3O GERAL<br \/>\n<\/strong>A presente patente tem por prop\u00f3sito um modelo de bloco em material cer\u00e2mico prensado e posteriormente calcinado, podendo conter res\u00edduos inertes e de diferentes formatos, com o intuito de produzir um sistema de encaixe \u201cmacho e f\u00eamea\u201d. Esses blocos podem ter diferentes tamanhos, ser estruturais ou de veda\u00e7\u00e3o.<\/p>\n<p>S\u00e3o conhecidos outros blocos tipo &#8220;macho e f\u00eamea&#8221;, confeccionados em prensas mec\u00e2nicas ou hidr\u00e1ulicas do tipo solo-cimento, sem fun\u00e7\u00e3o estrutural. Entretanto, a confec\u00e7\u00e3o desses outros blocos e tijolos demandam tecnologias e processos custosos e demorados, envolvendo diferentes equipamentos e grande espa\u00e7o f\u00edsico.<\/p>\n<p><span style=\"color: #888888;\"><strong>OBJETIVOS<\/strong><\/span><br \/>\nO objeto desta patente \u00e9 gerar blocos de encaixe \u201cmacho e f\u00eamea\u201d produzidos por meio de tecnologias e processos acess\u00edveis e \u00e1geis.<\/p>\n<p><span style=\"color: #888888;\"><strong>P\u00daBLICO-ALVO<\/strong><\/span><br \/>\nProdutores de cer\u00e2mica.<\/p>\n","protected":false},"excerpt":{"rendered":"<p>INVENTOR Jonas Alexandre, Prof. D.Sc.\u00a0Visitar Curr\u00edculo Lattes Laborat\u00f3rio de Engenharia Civil (LECIV\u00a0&#8211; CCT &#8211; UENF) CONTATO E-mail \u00a0patentes@uenf.br || Telefone&#8230;<\/p>\n","protected":false},"author":20,"featured_media":0,"parent":80,"menu_order":4,"comment_status":"closed","ping_status":"open","template":"","meta":{"footnotes":""},"class_list":["post-555","page","type-page","status-publish","hentry"],"_links":{"self":[{"href":"https:\/\/uenf.br\/reitoria\/agenciainovacao\/wp-json\/wp\/v2\/pages\/555","targetHints":{"allow":["GET"]}}],"collection":[{"href":"https:\/\/uenf.br\/reitoria\/agenciainovacao\/wp-json\/wp\/v2\/pages"}],"about":[{"href":"https:\/\/uenf.br\/reitoria\/agenciainovacao\/wp-json\/wp\/v2\/types\/page"}],"author":[{"embeddable":true,"href":"https:\/\/uenf.br\/reitoria\/agenciainovacao\/wp-json\/wp\/v2\/users\/20"}],"replies":[{"embeddable":true,"href":"https:\/\/uenf.br\/reitoria\/agenciainovacao\/wp-json\/wp\/v2\/comments?post=555"}],"version-history":[{"count":0,"href":"https:\/\/uenf.br\/reitoria\/agenciainovacao\/wp-json\/wp\/v2\/pages\/555\/revisions"}],"up":[{"embeddable":true,"href":"https:\/\/uenf.br\/reitoria\/agenciainovacao\/wp-json\/wp\/v2\/pages\/80"}],"wp:attachment":[{"href":"https:\/\/uenf.br\/reitoria\/agenciainovacao\/wp-json\/wp\/v2\/media?parent=555"}],"curies":[{"name":"wp","href":"https:\/\/api.w.org\/{rel}","templated":true}]}}