{"id":559,"date":"2012-10-22T14:59:39","date_gmt":"2012-10-22T14:59:39","guid":{"rendered":"http:\/\/uenf.br\/reitoria\/agenciainovacao\/?page_id=559"},"modified":"2013-03-18T20:10:11","modified_gmt":"2013-03-18T20:10:11","slug":"esterilizacao","status":"publish","type":"page","link":"https:\/\/uenf.br\/reitoria\/agenciainovacao\/portifolios\/portfolio-uenf-de-patentes\/esterilizacao\/","title":{"rendered":"Processo de preparo e esteriliza\u00e7\u00e3o de meios de cultura com \u00e1cido hipocloroso"},"content":{"rendered":"<p><strong><span style=\"color: #888888;\">INVENTOR<\/span><br \/>\n<\/strong><strong>Silvio Lopes Teixeira<\/strong><em><br \/>\n<\/em><\/p>\n<p><strong><span style=\"color: #888888;\">CONTATO<\/span><br \/>\n<\/strong>E-mail \u00a0<strong>patentes@uenf.br<\/strong> || Telefone <strong>(22)\u00a02739 7331<\/strong><\/p>\n<p><strong style=\"color: #888888;\">DESCRI\u00c7\u00c3O GERAL<br \/>\n<\/strong>Trata-se de uma nova opera\u00e7\u00e3o de esteriliza\u00e7\u00e3o que utiliza a esteriliza\u00e7\u00e3o qu\u00edmica com o princ\u00edpio ativo \u00e1cido hipocloroso.<\/p>\n<p>Essa t\u00e9cnica permite reduzir o tempo de preparo do meio nutritivo, sem nenhum gasto de energia ou uso de qualquer equipamento dispendioso, mas t\u00e3o somente utilizando vidraria normal de laborat\u00f3rio, ou at\u00e9 mesmo utens\u00edlios de cozinha, al\u00e9m de \u00e1gua sanit\u00e1ria comercial encontrada em qualquer supermercado. Com apenas uma garrafa de \u00e1gua sanit\u00e1ria comercial &#8211; o \u00fanico investimento necess\u00e1rio &#8211; seria poss\u00edvel preparar milhares de frascos de cultura por dia. Al\u00e9m disso, este novo processo permitir\u00e1 que se complete todo o trabalho de preparo, esteriliza\u00e7\u00e3o e inocula\u00e7\u00e3o dos frascos de cultura, em uma \u00fanica opera\u00e7\u00e3o, sem interrup\u00e7\u00e3o, seja manualmente ou mecanicamente, o que permite a automatiza\u00e7\u00e3o de todo o processo.<\/p>\n<p><span style=\"color: #888888;\"><strong>OBJETIVOS<\/strong><\/span><br \/>\nTem por objetivo substituir as opera\u00e7\u00f5es em esteriliza\u00e7\u00e3o de meios de cultura por autoclavagem ou de outras t\u00e9cnicas por um novo processo que utiliza a esteriliza\u00e7\u00e3o qu\u00edmica. Objetiva ainda, reduzir os custos do produto final com a utiliza\u00e7\u00e3o da nova t\u00e9cnica.<br \/>\n<strong style=\"color: #888888;\"><\/strong><\/p>\n<p><strong style=\"color: #888888;\">P\u00daBLICO-ALVO<br \/>\n<\/strong>Biof\u00e1bricas e outros laborat\u00f3rios de cultura de tecidos vegetais.<\/p>\n","protected":false},"excerpt":{"rendered":"<p>INVENTOR Silvio Lopes Teixeira CONTATO E-mail \u00a0patentes@uenf.br || Telefone (22)\u00a02739 7331 DESCRI\u00c7\u00c3O GERAL Trata-se de uma nova opera\u00e7\u00e3o de esteriliza\u00e7\u00e3o&#8230;<\/p>\n","protected":false},"author":20,"featured_media":0,"parent":80,"menu_order":12,"comment_status":"closed","ping_status":"closed","template":"","meta":{"footnotes":""},"class_list":["post-559","page","type-page","status-publish","hentry"],"_links":{"self":[{"href":"https:\/\/uenf.br\/reitoria\/agenciainovacao\/wp-json\/wp\/v2\/pages\/559","targetHints":{"allow":["GET"]}}],"collection":[{"href":"https:\/\/uenf.br\/reitoria\/agenciainovacao\/wp-json\/wp\/v2\/pages"}],"about":[{"href":"https:\/\/uenf.br\/reitoria\/agenciainovacao\/wp-json\/wp\/v2\/types\/page"}],"author":[{"embeddable":true,"href":"https:\/\/uenf.br\/reitoria\/agenciainovacao\/wp-json\/wp\/v2\/users\/20"}],"replies":[{"embeddable":true,"href":"https:\/\/uenf.br\/reitoria\/agenciainovacao\/wp-json\/wp\/v2\/comments?post=559"}],"version-history":[{"count":0,"href":"https:\/\/uenf.br\/reitoria\/agenciainovacao\/wp-json\/wp\/v2\/pages\/559\/revisions"}],"up":[{"embeddable":true,"href":"https:\/\/uenf.br\/reitoria\/agenciainovacao\/wp-json\/wp\/v2\/pages\/80"}],"wp:attachment":[{"href":"https:\/\/uenf.br\/reitoria\/agenciainovacao\/wp-json\/wp\/v2\/media?parent=559"}],"curies":[{"name":"wp","href":"https:\/\/api.w.org\/{rel}","templated":true}]}}