{"id":564,"date":"2012-10-22T15:06:20","date_gmt":"2012-10-22T15:06:20","guid":{"rendered":"http:\/\/uenf.br\/reitoria\/agenciainovacao\/?page_id=564"},"modified":"2013-03-18T20:10:55","modified_gmt":"2013-03-18T20:10:55","slug":"biomassa","status":"publish","type":"page","link":"https:\/\/uenf.br\/reitoria\/agenciainovacao\/portifolios\/portfolio-uenf-de-patentes\/biomassa\/","title":{"rendered":"Processo tecnol\u00f3gico para a produ\u00e7\u00e3o de biomassa bacteriana e produtos de fermenta\u00e7\u00e3o de gluconacetobacter diazotrophicus"},"content":{"rendered":"<p><strong><span style=\"color: #888888;\">INVENTOR<\/span><br \/>\n<\/strong><strong>Mar\u00edlia Amorim Berbert de Molina, Profa. D.Sc.<\/strong>\u00a0<em><a href=\"http:\/\/lattes.cnpq.br\/5416779079510827\" target=\"_blank\">Visitar Curr\u00edculo Lattes<br \/>\n<\/a>Laborat\u00f3rio de Biotecnologia (LBT\u00a0&#8211; CBB &#8211; UENF)<\/em><\/p>\n<p><strong><span style=\"color: #888888;\">CONTATO<\/span><br \/>\n<\/strong>E-mail \u00a0<strong>patentes@uenf.br<\/strong> || Telefone <strong>(22)\u00a02739 7331<\/strong><\/p>\n<p><strong style=\"color: #888888;\">DESCRI\u00c7\u00c3O GERAL<br \/>\n<\/strong>A inven\u00e7\u00e3o trata de um processo para a produ\u00e7\u00e3o concomitante de biomassa bacteriana em elevadas concentra\u00e7\u00f5es, destinada ao uso na formula\u00e7\u00e3o de inoculantes de culturas vegetais economicamente importantes, e de produtos de fermenta\u00e7\u00e3o aplic\u00e1veis a diversos setores industriais. O processo \u00e9 caracterizado pelo cultivo da bact\u00e9ria sob condi\u00e7\u00f5es controladas que permitem obter altos rendimentos em c\u00e9lulas e produtos de fermenta\u00e7\u00e3o, com excelente produtividade.<\/p>\n<p>A agricultura constitui um setor econ\u00f4mico que busca continuamente o aumento de produtividade. Uma das formas de se atingir esse objetivo \u00e9 investir em processos biol\u00f3gicos naturais que interferem diretamente no crescimento vegetal. Um deles \u00e9 a fixa\u00e7\u00e3o de nitrog\u00eanio (FBN), realizada por alguns microrganismos associados a plantas, sejam como end\u00f3fitos ou como epif\u00edticos.<br \/>\nEsses microrganismos s\u00e3o caracterizados por sua capacidade de colonizar o interior de tecidos de plantas, sem causar nenhum dano aparente ao seu hospedeiro. Destacam-se ainda por sua a\u00e7\u00e3o comprovada na promo\u00e7\u00e3o do crescimento vegetal em v\u00e1rias esp\u00e9cies.<\/p>\n<p><span style=\"color: #888888;\"><strong>OBJETIVOS<\/strong><\/span><br \/>\nOs objetivos s\u00e3o (1) ganho de produtividade agr\u00edcola, (2) preserva\u00e7\u00e3o do meio ambiente, (3) gera\u00e7\u00e3o de produtos biotecnol\u00f3gicos.<\/p>\n<p><span style=\"color: #888888;\"><strong>P\u00daBLICO-ALVO<\/strong><\/span><br \/>\nAgricultura e diversos setores da ind\u00fastria.<\/p>\n","protected":false},"excerpt":{"rendered":"<p>INVENTOR Mar\u00edlia Amorim Berbert de Molina, Profa. D.Sc.\u00a0Visitar Curr\u00edculo Lattes Laborat\u00f3rio de Biotecnologia (LBT\u00a0&#8211; CBB &#8211; UENF) CONTATO E-mail \u00a0patentes@uenf.br&#8230;<\/p>\n","protected":false},"author":20,"featured_media":0,"parent":80,"menu_order":15,"comment_status":"closed","ping_status":"closed","template":"","meta":{"footnotes":""},"class_list":["post-564","page","type-page","status-publish","hentry"],"_links":{"self":[{"href":"https:\/\/uenf.br\/reitoria\/agenciainovacao\/wp-json\/wp\/v2\/pages\/564","targetHints":{"allow":["GET"]}}],"collection":[{"href":"https:\/\/uenf.br\/reitoria\/agenciainovacao\/wp-json\/wp\/v2\/pages"}],"about":[{"href":"https:\/\/uenf.br\/reitoria\/agenciainovacao\/wp-json\/wp\/v2\/types\/page"}],"author":[{"embeddable":true,"href":"https:\/\/uenf.br\/reitoria\/agenciainovacao\/wp-json\/wp\/v2\/users\/20"}],"replies":[{"embeddable":true,"href":"https:\/\/uenf.br\/reitoria\/agenciainovacao\/wp-json\/wp\/v2\/comments?post=564"}],"version-history":[{"count":0,"href":"https:\/\/uenf.br\/reitoria\/agenciainovacao\/wp-json\/wp\/v2\/pages\/564\/revisions"}],"up":[{"embeddable":true,"href":"https:\/\/uenf.br\/reitoria\/agenciainovacao\/wp-json\/wp\/v2\/pages\/80"}],"wp:attachment":[{"href":"https:\/\/uenf.br\/reitoria\/agenciainovacao\/wp-json\/wp\/v2\/media?parent=564"}],"curies":[{"name":"wp","href":"https:\/\/api.w.org\/{rel}","templated":true}]}}