{"id":568,"date":"2012-10-22T15:30:12","date_gmt":"2012-10-22T15:30:12","guid":{"rendered":"http:\/\/uenf.br\/reitoria\/agenciainovacao\/?page_id=568"},"modified":"2013-03-18T20:10:02","modified_gmt":"2013-03-18T20:10:02","slug":"diamantes","status":"publish","type":"page","link":"https:\/\/uenf.br\/reitoria\/agenciainovacao\/portifolios\/portfolio-uenf-de-patentes\/diamantes\/","title":{"rendered":"Processo de extra\u00e7\u00e3o e purifica\u00e7\u00e3o de diamantes obtidos por s\u00edntese em altas press\u00f5es e altas temperaturas"},"content":{"rendered":"<p><strong><span style=\"color: #888888;\">INVENTOR<\/span><br \/>\n<\/strong><strong>Ana L\u00facia Diegues Skury , Profa. D.Sc.<\/strong>\u00a0<em><a href=\"http:\/\/lattes.cnpq.br\/0151004848900099\" target=\"_blank\">Visitar Curr\u00edculo Lattes<br \/>\n<\/a>Laborat\u00f3rio de Materiais Avan\u00e7ados (LAMAV\u00a0&#8211; CCTA &#8211; UENF)<\/em><\/p>\n<p><strong><span style=\"color: #888888;\">CONTATO<\/span><br \/>\n<\/strong>E-mail \u00a0<strong>patentes@uenf.br<\/strong> || Telefone <strong>(22)\u00a02739 7331<\/strong><\/p>\n<p><strong style=\"color: #888888;\">DESCRI\u00c7\u00c3O GERAL<br \/>\n<\/strong>A presente inven\u00e7\u00e3o pertence ao ramo da aquisi\u00e7\u00e3o de materiais n\u00e3o met\u00e1licos que podem ser obtidos pela a\u00e7\u00e3o das altas press\u00f5es e altas temperaturas, as quais provocam altera\u00e7\u00f5es nas propriedades mec\u00e2nicas, qu\u00edmicas e f\u00edsicas devido \u00e0 transforma\u00e7\u00e3o de fase.<\/p>\n<p>Mais especificamente, a presente inven\u00e7\u00e3o pertence ao ramo dos processos relacionados com o acabamento final na obten\u00e7\u00e3o dos diamantes sint\u00e9ticos.<\/p>\n<p><span style=\"color: #888888;\"><strong>DESCRI\u00c7\u00c3O T\u00c9CNICA<\/strong><\/span><br \/>\nO processo \u00e9 realizado atrav\u00e9s da oxida\u00e7\u00e3o seletiva do grafite, utilizando na qualidade de reagentes o dicromato de pot\u00e1ssio e \u00e1cido sulf\u00farico em propor\u00e7\u00f5es pr\u00e9-estabelecidas, de forma a garantir um elevado grau de purifica\u00e7\u00e3o dos diamantes. Atrav\u00e9s deste processo \u00e9 poss\u00edvel uma sens\u00edvel diminui\u00e7\u00e3o do tempo de processo, al\u00e9m da diminui\u00e7\u00e3o do n\u00famero de opera\u00e7\u00f5es complementares e, principalmente, n\u00e3o s\u00e3o necess\u00e1rias as repeti\u00e7\u00f5es do processo para obten\u00e7\u00e3o dos resultados desejados.<\/p>\n<p>Para tanto, diz respeito a um processo em que uma combina\u00e7\u00e3o de dicromato de pot\u00e1ssio com \u00e1cido sulf\u00farico, adequada para a s\u00edntese de tri\u00f3xido de cromo, pode facilmente retirar todo o grafite n\u00e3o transformado e toda a fase met\u00e1lica, sem causar oxida\u00e7\u00e3o dos diamantes, em curto espa\u00e7o de tempo, cerca de 60 a 70 minutos.<\/p>\n<p><span style=\"color: #888888;\"><strong>OBJETIVOS<\/strong><\/span><br \/>\nObjetiva fornecer um processo de extra\u00e7\u00e3o e purifica\u00e7\u00e3o eficiente, ambientalmente correto, com tempo de processamento relativamente curto e com menores gastos de energia, \u00e1gua e menor n\u00famero de opera\u00e7\u00f5es complementares.<\/p>\n<p><span style=\"color: #888888;\"><strong>P\u00daBLICO-ALVO<\/strong><\/span><br \/>\nInd\u00fastria Petrol\u00edfera e Constru\u00e7\u00e3o Civil.<\/p>\n","protected":false},"excerpt":{"rendered":"<p>INVENTOR Ana L\u00facia Diegues Skury , Profa. D.Sc.\u00a0Visitar Curr\u00edculo Lattes Laborat\u00f3rio de Materiais Avan\u00e7ados (LAMAV\u00a0&#8211; CCTA &#8211; UENF) CONTATO E-mail&#8230;<\/p>\n","protected":false},"author":20,"featured_media":0,"parent":80,"menu_order":11,"comment_status":"closed","ping_status":"closed","template":"","meta":{"footnotes":""},"class_list":["post-568","page","type-page","status-publish","hentry"],"_links":{"self":[{"href":"https:\/\/uenf.br\/reitoria\/agenciainovacao\/wp-json\/wp\/v2\/pages\/568","targetHints":{"allow":["GET"]}}],"collection":[{"href":"https:\/\/uenf.br\/reitoria\/agenciainovacao\/wp-json\/wp\/v2\/pages"}],"about":[{"href":"https:\/\/uenf.br\/reitoria\/agenciainovacao\/wp-json\/wp\/v2\/types\/page"}],"author":[{"embeddable":true,"href":"https:\/\/uenf.br\/reitoria\/agenciainovacao\/wp-json\/wp\/v2\/users\/20"}],"replies":[{"embeddable":true,"href":"https:\/\/uenf.br\/reitoria\/agenciainovacao\/wp-json\/wp\/v2\/comments?post=568"}],"version-history":[{"count":0,"href":"https:\/\/uenf.br\/reitoria\/agenciainovacao\/wp-json\/wp\/v2\/pages\/568\/revisions"}],"up":[{"embeddable":true,"href":"https:\/\/uenf.br\/reitoria\/agenciainovacao\/wp-json\/wp\/v2\/pages\/80"}],"wp:attachment":[{"href":"https:\/\/uenf.br\/reitoria\/agenciainovacao\/wp-json\/wp\/v2\/media?parent=568"}],"curies":[{"name":"wp","href":"https:\/\/api.w.org\/{rel}","templated":true}]}}