{"id":6,"date":"2012-07-04T18:25:01","date_gmt":"2012-07-04T18:25:01","guid":{"rendered":"http:\/\/uenf.br\/reitoria\/agenciainovacao\/?page_id=6"},"modified":"2026-03-27T14:08:09","modified_gmt":"2026-03-27T14:08:09","slug":"contatos","status":"publish","type":"page","link":"https:\/\/uenf.br\/reitoria\/agenciainovacao\/contatos\/","title":{"rendered":"Contato"},"content":{"rendered":"<table border=\"0\" width=\"700\" cellspacing=\"0\" cellpadding=\"0\">\n<tbody>\n<tr>\n<td valign=\"top\" width=\"280\" height=\"0\"><strong>Endere\u00e7o:<\/strong><br \/>\nAvenida Alberto Lamego, 2000<br \/>\nParque Calif\u00f3rnia<br \/>\nCampos dos Goytacazes &#8211; RJ<br \/>\n28013-602(Veja o mapa no fim da p\u00e1gina).<strong>AgiUENF est\u00e1 localizada no Pr\u00e9dio E1\/ 1\u00ba Andar\/ Reitoria.<\/strong><\/td>\n<td valign=\"top\" width=\"20\" height=\"0\"><\/td>\n<td valign=\"top\" width=\"400\" height=\"0\">\n<p style=\"text-align: left;\"><strong>Gon\u00e7alo Apolin\u00e1rio de Souza Filho, Prof. D.Sc.<\/strong><br \/>\n<em>Diretor\u00a0<\/em><br \/>\nageinov@uenf.br<br \/>\n(22) 2739 7331<\/p>\n<p><strong>Rachel Klem<\/strong><br \/>\n<em>Projetos e Neg\u00f3cios em Inova\u00e7\u00e3o<\/em><br \/>\nrachel@uenf.br<br \/>\n(22) 2739 7331<\/p>\n<p style=\"text-align: left;\"><strong>Ricardo Andrade Pohlmann<\/strong><br \/>\n<em>Gerente de Conv\u00eanios e Contratos<br \/>\n<\/em>pohlmann@uenf.br<br \/>\n(22) 2739 7016<\/p>\n<p style=\"text-align: left;\"><strong>Carlos Diego de Oliveira Azevedo<\/strong><br \/>\n<em>Assessor de Patentes<\/em><br \/>\ndiego.patentes@uenf.br<br \/>\npatentes@uenf.br<br \/>\n(22) 2739 7331<\/p>\n<p>&nbsp;<\/td>\n<\/tr>\n<\/tbody>\n<\/table>\n<p><small><a style=\"color: #0000ff; text-align: left;\" href=\"https:\/\/maps.google.com.br\/maps?f=q&amp;source=embed&amp;hl=pt-BR&amp;geocode=&amp;q=UENF+-+Universidade+Estadual+do+Norte+Fluminense+Darcy+Ribeiro+-+Avenida+Alberto+Lamego,+Campos+dos+Goytacazes+-+Rio+de+Janeiro&amp;aq=0&amp;oq=uenf&amp;sll=-21.760583,-41.294324&amp;sspn=0.001597,0.002411&amp;t=h&amp;ie=UTF8&amp;hq=UENF+-+Universidade+Estadual+do+Norte+Fluminense+Darcy+Ribeiro+-+Avenida+Alberto+Lamego,+Campos+dos+Goytacazes+-+Rio+de+Janeiro&amp;cid=12810380464566466554&amp;hnear=&amp;ll=-21.759699,-41.291814&amp;spn=0.024273,0.038581&amp;iwloc=A\">Exibir mapa ampliado<\/a><\/small><\/p>\n<h2>Entre em contato<\/h2>\n\n<div class=\"wpcf7 no-js\" id=\"wpcf7-f24-o1\" lang=\"en-US\" dir=\"ltr\" data-wpcf7-id=\"24\">\n<div class=\"screen-reader-response\"><p role=\"status\" aria-live=\"polite\" aria-atomic=\"true\"><\/p> <ul><\/ul><\/div>\n<form action=\"\/reitoria\/agenciainovacao\/wp-json\/wp\/v2\/pages\/6#wpcf7-f24-o1\" method=\"post\" class=\"wpcf7-form init\" aria-label=\"Contact form\" novalidate=\"novalidate\" data-status=\"init\">\n<fieldset class=\"hidden-fields-container\"><input type=\"hidden\" name=\"_wpcf7\" value=\"24\" \/><input type=\"hidden\" name=\"_wpcf7_version\" value=\"6.1.5\" \/><input type=\"hidden\" name=\"_wpcf7_locale\" value=\"en_US\" \/><input type=\"hidden\" name=\"_wpcf7_unit_tag\" value=\"wpcf7-f24-o1\" \/><input type=\"hidden\" name=\"_wpcf7_container_post\" value=\"0\" \/><input type=\"hidden\" name=\"_wpcf7_posted_data_hash\" value=\"\" \/>\n<\/fieldset>\n<p>Seu nome (obrigat\u00f3rio)\n<\/p>\n<p><span class=\"wpcf7-form-control-wrap\" data-name=\"your-name\"><input size=\"40\" maxlength=\"400\" class=\"wpcf7-form-control wpcf7-text wpcf7-validates-as-required\" aria-required=\"true\" aria-invalid=\"false\" value=\"\" type=\"text\" name=\"your-name\" \/><\/span>\n<\/p>\n<p>Seu e-mail (obrigat\u00f3rio)\n<\/p>\n<p><span class=\"wpcf7-form-control-wrap\" data-name=\"your-email\"><input size=\"40\" maxlength=\"400\" class=\"wpcf7-form-control wpcf7-email wpcf7-validates-as-required wpcf7-text wpcf7-validates-as-email\" aria-required=\"true\" aria-invalid=\"false\" value=\"\" type=\"email\" name=\"your-email\" \/><\/span>\n<\/p>\n<p>Assunto\n<\/p>\n<p><span class=\"wpcf7-form-control-wrap\" data-name=\"your-subject\"><input size=\"40\" maxlength=\"400\" class=\"wpcf7-form-control wpcf7-text\" aria-invalid=\"false\" value=\"\" type=\"text\" name=\"your-subject\" \/><\/span>\n<\/p>\n<p>Sua mensagem\n<\/p>\n<p><span class=\"wpcf7-form-control-wrap\" data-name=\"your-message\"><textarea cols=\"40\" rows=\"10\" maxlength=\"2000\" class=\"wpcf7-form-control wpcf7-textarea\" aria-invalid=\"false\" name=\"your-message\"><\/textarea><\/span>\n<\/p>\n<p><input class=\"wpcf7-form-control wpcf7-submit has-spinner\" type=\"submit\" value=\"Enviar\" \/>\n<\/p><div class=\"wpcf7-response-output\" aria-hidden=\"true\"><\/div>\n<\/form>\n<\/div>\n\n","protected":false},"excerpt":{"rendered":"<p>Endere\u00e7o: Avenida Alberto Lamego, 2000 Parque Calif\u00f3rnia Campos dos Goytacazes &#8211; RJ 28013-602(Veja o mapa no fim da p\u00e1gina).AgiUENF est\u00e1&#8230;<\/p>\n","protected":false},"author":20,"featured_media":0,"parent":0,"menu_order":100,"comment_status":"closed","ping_status":"closed","template":"","meta":{"footnotes":""},"class_list":["post-6","page","type-page","status-publish","hentry"],"_links":{"self":[{"href":"https:\/\/uenf.br\/reitoria\/agenciainovacao\/wp-json\/wp\/v2\/pages\/6","targetHints":{"allow":["GET"]}}],"collection":[{"href":"https:\/\/uenf.br\/reitoria\/agenciainovacao\/wp-json\/wp\/v2\/pages"}],"about":[{"href":"https:\/\/uenf.br\/reitoria\/agenciainovacao\/wp-json\/wp\/v2\/types\/page"}],"author":[{"embeddable":true,"href":"https:\/\/uenf.br\/reitoria\/agenciainovacao\/wp-json\/wp\/v2\/users\/20"}],"replies":[{"embeddable":true,"href":"https:\/\/uenf.br\/reitoria\/agenciainovacao\/wp-json\/wp\/v2\/comments?post=6"}],"version-history":[{"count":0,"href":"https:\/\/uenf.br\/reitoria\/agenciainovacao\/wp-json\/wp\/v2\/pages\/6\/revisions"}],"wp:attachment":[{"href":"https:\/\/uenf.br\/reitoria\/agenciainovacao\/wp-json\/wp\/v2\/media?parent=6"}],"curies":[{"name":"wp","href":"https:\/\/api.w.org\/{rel}","templated":true}]}}