{"id":609,"date":"2013-03-01T15:01:12","date_gmt":"2013-03-01T15:01:12","guid":{"rendered":"http:\/\/uenf.br\/reitoria\/agenciainovacao\/?page_id=609"},"modified":"2013-03-18T20:08:03","modified_gmt":"2013-03-18T20:08:03","slug":"composicao-antimicrobiana-de-extrato-metanolico-com-efeito-bactericida-e-bacteriostatico","status":"publish","type":"page","link":"https:\/\/uenf.br\/reitoria\/agenciainovacao\/portifolios\/portfolio-uenf-de-patentes\/composicao-antimicrobiana-de-extrato-metanolico-com-efeito-bactericida-e-bacteriostatico\/","title":{"rendered":"Composi\u00e7\u00e3o Antimicrobiana de Extrato Metan\u00f3lico com Efeito Bactericida e Bacteriost\u00e1tico"},"content":{"rendered":"<p><strong>INVENTORESC<br \/>\n<\/strong><em><\/em><\/p>\n<p><strong>Moema Mocaiber Peralva dos Santos, D.Sc.<\/strong><\/p>\n<p><strong>Ivo Jos\u00e9 Curcino Vieira, Prof. Ph.D<\/strong>\u00a0<a title=\"Ivo Jose Curcino Vieira\" href=\"http:\/\/lattes.cnpq.br\/9573924260693571\"><em>Visitar Curr\u00edculo Lattes<\/em><\/a><em><\/em><a href=\"http:\/\/lattes.cnpq.br\/9573924260693571\" target=\"_blank\"><em><br \/>\n<\/em><\/a><em>Laborat\u00f3rio de Ci\u00eancias Qu\u00edmicas (LCQUI \u2013 CCT \u2013 UENF)<\/em><\/p>\n<p><strong>CONTATO<br \/>\n<\/strong>E-mail \u00a0<strong>patentes@uenf.br<\/strong> || Telefone <strong>(22)\u00a02739 7331<\/strong><\/p>\n<p><strong>DESCRI\u00c7\u00c3O GERAL<\/strong><\/p>\n<p>Trata-se de um enxaguat\u00f3rio feito a base de extrato metan\u00f3lico vegetal, cujas finalidades s\u00e3o a preven\u00e7\u00e3o da c\u00e1rie dent\u00e1ria, bem como evitar a contamina\u00e7\u00e3o e deteriora\u00e7\u00e3o de produtos aliment\u00edcios pelo mesmo microorganismo respons\u00e1vel pela c\u00e1rie. Portanto, o referido produto destina-se ao uso por ind\u00fastrias da \u00e1rea farmac\u00eautica e aliment\u00edcia.<\/p>\n<p>Destaca-se que o referente enxaguat\u00f3rio utiliza uma menor concentra\u00e7\u00e3o de princ\u00edpio ativo extra\u00eddo do vegetal em contraposi\u00e7\u00e3o \u00e0s elevadas concentra\u00e7\u00f5es encontradas nos produtos dispon\u00edveis no mercado. Isto significa que a composi\u00e7\u00e3o em quest\u00e3o, oferece menor risco de efeitos prejudiciais ao organismo.<\/p>\n<p><strong>OBJETIVOS<\/strong><\/p>\n<p>(1) preven\u00e7\u00e3o da c\u00e1rie; (2) preven\u00e7\u00e3o da contamina\u00e7\u00e3o de alimentos e sua deteriora\u00e7\u00e3o pela prolifera\u00e7\u00e3o do pat\u00f3geno causador da c\u00e1rie.<\/p>\n<p><strong>P\u00daBLICO-ALVO<\/strong><\/p>\n<p>Ind\u00fastria Farmac\u00eautica e Aliment\u00edcia.<\/p>\n<p>&nbsp;<\/p>\n","protected":false},"excerpt":{"rendered":"<p>INVENTORESC Moema Mocaiber Peralva dos Santos, D.Sc. Ivo Jos\u00e9 Curcino Vieira, Prof. Ph.D\u00a0Visitar Curr\u00edculo Lattes Laborat\u00f3rio de Ci\u00eancias Qu\u00edmicas (LCQUI&#8230;<\/p>\n","protected":false},"author":20,"featured_media":0,"parent":80,"menu_order":5,"comment_status":"closed","ping_status":"open","template":"","meta":{"footnotes":""},"class_list":["post-609","page","type-page","status-publish","hentry"],"_links":{"self":[{"href":"https:\/\/uenf.br\/reitoria\/agenciainovacao\/wp-json\/wp\/v2\/pages\/609","targetHints":{"allow":["GET"]}}],"collection":[{"href":"https:\/\/uenf.br\/reitoria\/agenciainovacao\/wp-json\/wp\/v2\/pages"}],"about":[{"href":"https:\/\/uenf.br\/reitoria\/agenciainovacao\/wp-json\/wp\/v2\/types\/page"}],"author":[{"embeddable":true,"href":"https:\/\/uenf.br\/reitoria\/agenciainovacao\/wp-json\/wp\/v2\/users\/20"}],"replies":[{"embeddable":true,"href":"https:\/\/uenf.br\/reitoria\/agenciainovacao\/wp-json\/wp\/v2\/comments?post=609"}],"version-history":[{"count":0,"href":"https:\/\/uenf.br\/reitoria\/agenciainovacao\/wp-json\/wp\/v2\/pages\/609\/revisions"}],"up":[{"embeddable":true,"href":"https:\/\/uenf.br\/reitoria\/agenciainovacao\/wp-json\/wp\/v2\/pages\/80"}],"wp:attachment":[{"href":"https:\/\/uenf.br\/reitoria\/agenciainovacao\/wp-json\/wp\/v2\/media?parent=609"}],"curies":[{"name":"wp","href":"https:\/\/api.w.org\/{rel}","templated":true}]}}