{"id":644,"date":"2013-03-06T18:31:34","date_gmt":"2013-03-06T18:31:34","guid":{"rendered":"http:\/\/uenf.br\/reitoria\/agenciainovacao\/?page_id=644"},"modified":"2013-03-18T20:08:20","modified_gmt":"2013-03-18T20:08:20","slug":"composicao-e-barra-dermatologica-repelente-de-insetos","status":"publish","type":"page","link":"https:\/\/uenf.br\/reitoria\/agenciainovacao\/portifolios\/portfolio-uenf-de-patentes\/composicao-e-barra-dermatologica-repelente-de-insetos\/","title":{"rendered":"Composi\u00e7\u00e3o e barra dermatol\u00f3gica repelente de insetos"},"content":{"rendered":"<p>&nbsp;<\/p>\n<p><span style=\"color: #888888;\"><strong>INVENTOR<\/strong><\/span><\/p>\n<p><strong><br \/>\n<strong>Edmilson Jos\u00e9 Maria, Prof. D.Sc.<\/strong><\/strong>\u00a0<a href=\"http:\/\/lattes.cnpq.br\/2332629104748207\" target=\"_blank\"><em>Visitar Curr\u00edculo Lattes<br \/>\n<\/em><\/a><em>Laborat\u00f3rio de Ci\u00eancias Qu\u00edmica (LCQUI \u2013 CCT \u2013 UENF)<\/em><\/p>\n<p><strong><span style=\"color: #888888;\">CONTATO\u00a0\u00a0\u00a0\u00a0\u00a0\u00a0\u00a0\u00a0\u00a0\u00a0\u00a0\u00a0\u00a0\u00a0\u00a0\u00a0\u00a0\u00a0\u00a0\u00a0\u00a0\u00a0\u00a0\u00a0<\/span> <\/strong><strong><br \/>\n<\/strong>E-mail <strong>patentes@uenf.br<\/strong>\u00a0|| Telefone\u00a0<strong>(22)\u00a02739 7331<\/strong><\/p>\n<p><span style=\"color: #888888;\"><strong>DESCRI\u00c7\u00c3O GERAL<\/strong><\/span><\/p>\n<p>A presente tecnologia consiste em uma composi\u00e7\u00e3o repelente de aplica\u00e7\u00e3o a seco \u00a0em forma de barra que apresenta ingredientes espec\u00edficos para repelir insetos, sobretudo mosquitos e carrapatos. O produto \u00e9 destinado ao uso em humanos e animais.<\/p>\n<p>A vantagem dessa formula\u00e7\u00e3o, frente \u00e0s demais dispon\u00edveis no mercado, refere-se \u00e0 redu\u00e7\u00e3o do risco de contato acidental do produto com os olhos e mucosas, como ocorre com formula\u00e7\u00f5es em spray, assim como, redu\u00e7\u00e3o do risco de superdosagem, a qual \u00e9 verificada quando no uso de produtos em forma de gel ou creme.<\/p>\n<p><span style=\"color: #888888;\"><strong>OBJETIVOS<\/strong><\/span><br \/>\n(1) Repelir insetos, principalmente, mosquitos e carrapatos.<\/p>\n<p><span style=\"color: #888888;\"><strong>P\u00daBLICO-ALVO<\/strong><\/span><\/p>\n<p>P\u00fablico em geral.<\/p>\n<p>&nbsp;<\/p>\n","protected":false},"excerpt":{"rendered":"<p>&nbsp; INVENTOR Edmilson Jos\u00e9 Maria, Prof. D.Sc.\u00a0Visitar Curr\u00edculo Lattes Laborat\u00f3rio de Ci\u00eancias Qu\u00edmica (LCQUI \u2013 CCT \u2013 UENF) CONTATO\u00a0\u00a0\u00a0\u00a0\u00a0\u00a0\u00a0\u00a0\u00a0\u00a0\u00a0\u00a0\u00a0\u00a0\u00a0\u00a0\u00a0\u00a0\u00a0\u00a0\u00a0\u00a0\u00a0\u00a0 E-mail&#8230;<\/p>\n","protected":false},"author":20,"featured_media":0,"parent":80,"menu_order":6,"comment_status":"closed","ping_status":"closed","template":"","meta":{"footnotes":""},"class_list":["post-644","page","type-page","status-publish","hentry"],"_links":{"self":[{"href":"https:\/\/uenf.br\/reitoria\/agenciainovacao\/wp-json\/wp\/v2\/pages\/644","targetHints":{"allow":["GET"]}}],"collection":[{"href":"https:\/\/uenf.br\/reitoria\/agenciainovacao\/wp-json\/wp\/v2\/pages"}],"about":[{"href":"https:\/\/uenf.br\/reitoria\/agenciainovacao\/wp-json\/wp\/v2\/types\/page"}],"author":[{"embeddable":true,"href":"https:\/\/uenf.br\/reitoria\/agenciainovacao\/wp-json\/wp\/v2\/users\/20"}],"replies":[{"embeddable":true,"href":"https:\/\/uenf.br\/reitoria\/agenciainovacao\/wp-json\/wp\/v2\/comments?post=644"}],"version-history":[{"count":0,"href":"https:\/\/uenf.br\/reitoria\/agenciainovacao\/wp-json\/wp\/v2\/pages\/644\/revisions"}],"up":[{"embeddable":true,"href":"https:\/\/uenf.br\/reitoria\/agenciainovacao\/wp-json\/wp\/v2\/pages\/80"}],"wp:attachment":[{"href":"https:\/\/uenf.br\/reitoria\/agenciainovacao\/wp-json\/wp\/v2\/media?parent=644"}],"curies":[{"name":"wp","href":"https:\/\/api.w.org\/{rel}","templated":true}]}}