{"id":649,"date":"2013-03-06T18:40:03","date_gmt":"2013-03-06T18:40:03","guid":{"rendered":"http:\/\/uenf.br\/reitoria\/agenciainovacao\/?page_id=649"},"modified":"2013-03-18T20:09:03","modified_gmt":"2013-03-18T20:09:03","slug":"composicao-de-massa-ceramica-para-producao-de-placa-ceramica-tipo-piso-vitrificado-contendo-residuo-borra-de-petroleo-encapsulada","status":"publish","type":"page","link":"https:\/\/uenf.br\/reitoria\/agenciainovacao\/portifolios\/portfolio-uenf-de-patentes\/composicao-de-massa-ceramica-para-producao-de-placa-ceramica-tipo-piso-vitrificado-contendo-residuo-borra-de-petroleo-encapsulada\/","title":{"rendered":"Composi\u00e7\u00e3o de massa cer\u00e2mica para produ\u00e7\u00e3o de placa cer\u00e2mica tipo piso vitrificado contendo res\u00edduo borra de petr\u00f3leo encapsulada"},"content":{"rendered":"<p>&nbsp;<\/p>\n<p><span style=\"color: #888888;\"><strong>INVENTORES<\/strong><strong>\u00a0<\/strong><\/span><\/p>\n<p><strong>\u00c2ngelus Giuseppe Pereira da Silva, Prof. D. Sc.<\/strong>\u00a0<a href=\"http:\/\/lattes.cnpq.br\/1435330862718379\" target=\"_blank\"><em>Visitar Curr\u00edculo Lattes<br \/>\n<\/em><\/a><em>Laborat\u00f3rio de Materiais Avan\u00e7ados (Lamav \u2013 CCT \u2013 UENF)<\/em><\/p>\n<p><strong>CONTATO<\/strong><strong><br \/>\n<\/strong>E-mail <strong>patentes@uenf.br<\/strong>\u00a0|| Telefone\u00a0<strong>(22)\u00a02739 7331<\/strong><\/p>\n<p><strong><span style=\"color: #888888;\">DESCRI\u00c7\u00c3O GERAL<\/span> \u00a0\u00a0\u00a0\u00a0\u00a0\u00a0\u00a0\u00a0\u00a0\u00a0\u00a0\u00a0\u00a0\u00a0\u00a0\u00a0\u00a0\u00a0\u00a0\u00a0\u00a0\u00a0\u00a0\u00a0\u00a0\u00a0\u00a0\u00a0\u00a0\u00a0\u00a0\u00a0\u00a0\u00a0\u00a0\u00a0\u00a0\u00a0\u00a0\u00a0\u00a0\u00a0\u00a0\u00a0\u00a0\u00a0\u00a0\u00a0\u00a0\u00a0\u00a0\u00a0\u00a0\u00a0\u00a0\u00a0\u00a0\u00a0\u00a0\u00a0\u00a0\u00a0\u00a0\u00a0\u00a0 <\/strong><\/p>\n<p>A \u00e1rea de cer\u00e2mica tradicional voltada para fabrica\u00e7\u00e3o de materiais para a constru\u00e7\u00e3o civil, tem se tornado uma alternativa promissora para o destino de grandes quantidades de res\u00edduos s\u00f3lidos poluentes.<\/p>\n<p>O res\u00edduo borra de petr\u00f3leo consiste no res\u00edduo oleoso bruto gerado no processo de explora\u00e7\u00e3o e extra\u00e7\u00e3o do petr\u00f3leo. Este res\u00edduo oleoso \u00e9 de dif\u00edcil tratamento e destina\u00e7\u00e3o final e \u00e9 constitu\u00eddo pela mistura de \u00f3leo, s\u00f3lidos e \u00e1gua. Atrav\u00e9s do processo de encapsula\u00e7\u00e3o \u00e9 que esse material torna-se inerte e, portanto, pode constituir a massa cer\u00e2mica.<\/p>\n<p>Portanto, pensando nesta aplica\u00e7\u00e3o, a presente inven\u00e7\u00e3o refere-se a uma massa cer\u00e2mica para confec\u00e7\u00e3o de placa cer\u00e2mica tipo piso vitrificado que incorpora res\u00edduo borra de petr\u00f3leo encapsulada, para uso na constru\u00e7\u00e3o civil. Em adi\u00e7\u00e3o, placa cer\u00e2mica para revestimento compreende aqueles materiais usados na constru\u00e7\u00e3o civil para revestimentos de pisos e paredes (ex.: gr\u00eas porcelanato).<\/p>\n<p>A massa cer\u00e2mica em quest\u00e3o consiste em um p\u00f3 granulado com caracter\u00edsticas adequadas de granulometria e mistura \u00edntima entre as mat\u00e9rias-primas, o que favorece a opera\u00e7\u00e3o de prensagem e a reatividade durante a sintetiza\u00e7\u00e3o da pe\u00e7a cer\u00e2mica, em ciclo de queima r\u00e1pido.<\/p>\n<p>Em resumo, as vantagens que essa inven\u00e7\u00e3o oferece s\u00e3o: alternativa ao uso de mat\u00e9rias-primas naturais, destino final a res\u00edduos s\u00f3lidos poluentes e, aplica\u00e7\u00e3o no setor da economia que mais cresce no Brasil, a constru\u00e7\u00e3o civil. <strong><\/strong><\/p>\n<p><span style=\"color: #888888;\"><strong>OBJETIVOS<\/strong><\/span><br \/>\n(1) aproveitar res\u00edduos s\u00f3lidos poluentes, tornando-os inertes pela incorpora\u00e7\u00e3o \u00e0 massa cer\u00e2mica. <strong><\/strong><\/p>\n<p><strong>P\u00daBLICO-ALVO<\/strong><\/p>\n<p>Engenheiros civis, Engenheiros de Materiais e outros profissionais ou empresas ligados \u00e0 constru\u00e7\u00e3o civil.<\/p>\n<p>&nbsp;<\/p>\n","protected":false},"excerpt":{"rendered":"<p>&nbsp; INVENTORES\u00a0 \u00c2ngelus Giuseppe Pereira da Silva, Prof. D. Sc.\u00a0Visitar Curr\u00edculo Lattes Laborat\u00f3rio de Materiais Avan\u00e7ados (Lamav \u2013 CCT \u2013&#8230;<\/p>\n","protected":false},"author":20,"featured_media":0,"parent":80,"menu_order":8,"comment_status":"closed","ping_status":"closed","template":"","meta":{"footnotes":""},"class_list":["post-649","page","type-page","status-publish","hentry"],"_links":{"self":[{"href":"https:\/\/uenf.br\/reitoria\/agenciainovacao\/wp-json\/wp\/v2\/pages\/649","targetHints":{"allow":["GET"]}}],"collection":[{"href":"https:\/\/uenf.br\/reitoria\/agenciainovacao\/wp-json\/wp\/v2\/pages"}],"about":[{"href":"https:\/\/uenf.br\/reitoria\/agenciainovacao\/wp-json\/wp\/v2\/types\/page"}],"author":[{"embeddable":true,"href":"https:\/\/uenf.br\/reitoria\/agenciainovacao\/wp-json\/wp\/v2\/users\/20"}],"replies":[{"embeddable":true,"href":"https:\/\/uenf.br\/reitoria\/agenciainovacao\/wp-json\/wp\/v2\/comments?post=649"}],"version-history":[{"count":0,"href":"https:\/\/uenf.br\/reitoria\/agenciainovacao\/wp-json\/wp\/v2\/pages\/649\/revisions"}],"up":[{"embeddable":true,"href":"https:\/\/uenf.br\/reitoria\/agenciainovacao\/wp-json\/wp\/v2\/pages\/80"}],"wp:attachment":[{"href":"https:\/\/uenf.br\/reitoria\/agenciainovacao\/wp-json\/wp\/v2\/media?parent=649"}],"curies":[{"name":"wp","href":"https:\/\/api.w.org\/{rel}","templated":true}]}}