{"id":654,"date":"2013-03-06T18:44:38","date_gmt":"2013-03-06T18:44:38","guid":{"rendered":"http:\/\/uenf.br\/reitoria\/agenciainovacao\/?page_id=654"},"modified":"2013-03-18T20:11:16","modified_gmt":"2013-03-18T20:11:16","slug":"uso-combinado-de-acidos-humicos-e-bacterias-diazotroficas-endofiticas-em-plantas","status":"publish","type":"page","link":"https:\/\/uenf.br\/reitoria\/agenciainovacao\/portifolios\/portfolio-uenf-de-patentes\/uso-combinado-de-acidos-humicos-e-bacterias-diazotroficas-endofiticas-em-plantas\/","title":{"rendered":"Uso combinado de \u00e1cidos h\u00famicos e bact\u00e9rias diazotr\u00f3ficas endof\u00edticas em plantas"},"content":{"rendered":"<p>&nbsp;<\/p>\n<p><span style=\"color: #888888;\"><strong>INVENTORES<\/strong><\/span><strong><br \/>\n<strong>Luciano Paqualoto Canellas, Prof. Ph.D<\/strong><\/strong>\u00a0<a href=\"http:\/\/lattes.cnpq.br\/3241415945486691\" target=\"_blank\"><em>Visitar Curr\u00edculo Lattes<br \/>\n<\/em><\/a><em>Laborat\u00f3rio de Solos (LSOL \u2013 CCTA \u2013 UENF)<\/em><\/p>\n<p><strong>Arnoldo Rocha Fa\u00e7anha, Prof. D.Sc.<\/strong>\u00a0<a href=\"http:\/\/lattes.cnpq.br\/9919135586409472\" target=\"_blank\"><em>Visitar Curr\u00edculo Lattes<br \/>\n<\/em><\/a><em>Laborat\u00f3rio de Biologia Celular e Tecidual (LBCT \u2013 CBB \u2013 UENF)<\/em><\/p>\n<p><strong>F\u00e1bio Lopes Olivares, Prof. D.Sc.<\/strong>\u00a0<a href=\"http:\/\/lattes.cnpq.br\/3555567955507382\" target=\"_blank\"><em>Visitar Curr\u00edculo Lattes<br \/>\n<\/em><\/a><em>Laborat\u00f3rio de Biologia Celular e Tecidual (LBCT \u2013 CBB \u2013 UENF)<\/em><\/p>\n<p><strong>Roberto Batista Marques J\u00fanior, D.Sc.<\/strong>\u00a0<a href=\"http:\/\/lattes.cnpq.br\/3154021026224943\" target=\"_blank\"><em>Visitar Curr\u00edculo Lattes<br \/>\n<\/em><\/a><em><\/em><\/p>\n<p><span style=\"color: #888888;\"><strong>CONTATO<\/strong><\/span><strong><br \/>\n<\/strong>E-mail <strong>patentes@uenf.br<\/strong>\u00a0|| Telefone\u00a0<strong>(22)\u00a02739 7331<\/strong><em><\/em><\/p>\n<p><span style=\"color: #888888;\"><strong>DESCRI\u00c7\u00c3O GERAL<\/strong><\/span><\/p>\n<p>A presente tecnologia consiste em uma suspens\u00e3o de bact\u00e9rias diazotr\u00f3ficas endof\u00edticas em solu\u00e7\u00e3o de \u00e1cidos h\u00famicos, cuja aplica\u00e7\u00e3o \u00e9 destinada a diferentes plantas cultivadas.<strong><\/strong><\/p>\n<p>A a\u00e7\u00e3o combinada de \u00e1cidos h\u00famicos e bact\u00e9rias diazotr\u00f3ficas endof\u00edticas em plantas visa promover o enraizamento das plantas, caracter\u00edstico dos \u00e1cidos h\u00famicos, e a fixa\u00e7\u00e3o do nitrog\u00eanio atmosf\u00e9rico pela coloniza\u00e7\u00e3o das bact\u00e9rias nas ra\u00edzes, o que reduz a demanda da cultura por adubos nitrogenados e, consequentemente, diminui os custos de produ\u00e7\u00e3o, al\u00e9m de melhorar a efici\u00eancia e produtividade nas lavouras. <strong><\/strong><\/p>\n<p>Destaca-se que ainda n\u00e3o existem, no mercado, produtos a base de bact\u00e9rias diazotr\u00f3ficas endof\u00edticas, bem como n\u00e3o existem produtos que contenham, al\u00e9m destas bact\u00e9rias, \u00e1cidos h\u00famicos a uma concentra\u00e7\u00e3o ideal e est\u00e1vel para diferentes vegetais.<\/p>\n<p><span style=\"color: #888888;\"><strong>OBJETIVOS<\/strong><\/span><br \/>\n(1) promo\u00e7\u00e3o de crescimento radicular, atrav\u00e9s dos \u00e1cidos h\u00famicos; (2) fixa\u00e7\u00e3o biol\u00f3gica de nitrog\u00eanio, pela coloniza\u00e7\u00e3o por bact\u00e9rias diazotr\u00f3ficas endof\u00edticas.<\/p>\n<p><span style=\"color: #888888;\"><strong>P\u00daBLICO-ALVO<\/strong><\/span><\/p>\n<p>Produtores rurais.<\/p>\n","protected":false},"excerpt":{"rendered":"<p>&nbsp; INVENTORES Luciano Paqualoto Canellas, Prof. Ph.D\u00a0Visitar Curr\u00edculo Lattes Laborat\u00f3rio de Solos (LSOL \u2013 CCTA \u2013 UENF) Arnoldo Rocha Fa\u00e7anha,&#8230;<\/p>\n","protected":false},"author":20,"featured_media":0,"parent":80,"menu_order":16,"comment_status":"closed","ping_status":"closed","template":"","meta":{"footnotes":""},"class_list":["post-654","page","type-page","status-publish","hentry"],"_links":{"self":[{"href":"https:\/\/uenf.br\/reitoria\/agenciainovacao\/wp-json\/wp\/v2\/pages\/654","targetHints":{"allow":["GET"]}}],"collection":[{"href":"https:\/\/uenf.br\/reitoria\/agenciainovacao\/wp-json\/wp\/v2\/pages"}],"about":[{"href":"https:\/\/uenf.br\/reitoria\/agenciainovacao\/wp-json\/wp\/v2\/types\/page"}],"author":[{"embeddable":true,"href":"https:\/\/uenf.br\/reitoria\/agenciainovacao\/wp-json\/wp\/v2\/users\/20"}],"replies":[{"embeddable":true,"href":"https:\/\/uenf.br\/reitoria\/agenciainovacao\/wp-json\/wp\/v2\/comments?post=654"}],"version-history":[{"count":0,"href":"https:\/\/uenf.br\/reitoria\/agenciainovacao\/wp-json\/wp\/v2\/pages\/654\/revisions"}],"up":[{"embeddable":true,"href":"https:\/\/uenf.br\/reitoria\/agenciainovacao\/wp-json\/wp\/v2\/pages\/80"}],"wp:attachment":[{"href":"https:\/\/uenf.br\/reitoria\/agenciainovacao\/wp-json\/wp\/v2\/media?parent=654"}],"curies":[{"name":"wp","href":"https:\/\/api.w.org\/{rel}","templated":true}]}}