{"id":679,"date":"2013-03-26T12:09:36","date_gmt":"2013-03-26T12:09:36","guid":{"rendered":"http:\/\/uenf.br\/reitoria\/agenciainovacao\/?page_id=679"},"modified":"2026-03-24T21:03:07","modified_gmt":"2026-03-24T21:03:07","slug":"parques-tecnologicos","status":"publish","type":"page","link":"https:\/\/uenf.br\/reitoria\/agenciainovacao\/empreendedorismo-e-inovacao\/parques-tecnologicos\/","title":{"rendered":"Parque Tecnol\u00f3gico Agropecu\u00e1rio"},"content":{"rendered":"<p><a href=\"https:\/\/uenf.br\/reitoria\/agenciainovacao\/files\/2025\/08\/Prancheta-1.png\"><img loading=\"lazy\" decoding=\"async\" class=\"alignnone wp-image-1158\" src=\"https:\/\/uenf.br\/reitoria\/agenciainovacao\/files\/2025\/08\/Prancheta-1-300x78.png\" alt=\"\" width=\"1920\" height=\"500\" srcset=\"https:\/\/uenf.br\/reitoria\/agenciainovacao\/files\/2025\/08\/Prancheta-1-300x78.png 300w, https:\/\/uenf.br\/reitoria\/agenciainovacao\/files\/2025\/08\/Prancheta-1-1024x267.png 1024w, https:\/\/uenf.br\/reitoria\/agenciainovacao\/files\/2025\/08\/Prancheta-1-768x200.png 768w, https:\/\/uenf.br\/reitoria\/agenciainovacao\/files\/2025\/08\/Prancheta-1-1536x400.png 1536w, https:\/\/uenf.br\/reitoria\/agenciainovacao\/files\/2025\/08\/Prancheta-1-1200x313.png 1200w, https:\/\/uenf.br\/reitoria\/agenciainovacao\/files\/2025\/08\/Prancheta-1-320x83.png 320w, https:\/\/uenf.br\/reitoria\/agenciainovacao\/files\/2025\/08\/Prancheta-1.png 1920w\" sizes=\"auto, (max-width: 1920px) 100vw, 1920px\" \/><\/a><\/p>\n<h2 style=\"padding-left: 80px\" data-start=\"213\" data-end=\"227\">Sobre N\u00f3s<\/h2>\n<p style=\"padding-left: 80px\" data-start=\"229\" data-end=\"545\">O <strong data-start=\"231\" data-end=\"246\">PARTEC Agro<\/strong> \u00e9 um ambiente de inova\u00e7\u00e3o voltado para o fortalecimento do setor agropecu\u00e1rio<br \/>\npor meio da ci\u00eancia, tecnologia e empreendedorismo. Nosso prop\u00f3sito \u00e9 acelerar startups,<br \/>\nimpulsionar a pesquisa aplicada e fomentar neg\u00f3cios sustent\u00e1veis que conectem produtores,<br \/>\nempresas, universidades e investidores.<\/p>\n<p data-start=\"229\" data-end=\"545\">\n<h3 style=\"padding-left: 80px\" data-start=\"547\" data-end=\"565\">Nossa Miss\u00e3o<\/h3>\n<p style=\"padding-left: 80px\" data-start=\"566\" data-end=\"700\">Promover a inova\u00e7\u00e3o e a competitividade no agro, integrando conhecimento, tecnologia e neg\u00f3cios<br \/>\nde forma colaborativa e sustent\u00e1vel.<\/p>\n<h3 style=\"padding-left: 80px\" data-start=\"702\" data-end=\"721\">O que fazemos<\/h3>\n<ul>\n<li style=\"list-style-type: none\">\n<ul>\n<li style=\"list-style-type: none\">\n<ul data-start=\"722\" data-end=\"1571\">\n<li data-start=\"722\" data-end=\"855\">\n<p data-start=\"724\" data-end=\"855\"><strong data-start=\"724\" data-end=\"752\">Conectamos ecossistemas:<\/strong> aproximamos empresas, startups, institui\u00e7\u00f5es de ensino e pesquisa,<br \/>\ninvestidores e o setor produtivo.<\/p>\n<\/li>\n<li data-start=\"856\" data-end=\"1022\">\n<p data-start=\"858\" data-end=\"1022\"><strong data-start=\"858\" data-end=\"897\">Oferecemos infraestrutura completa:<\/strong> laborat\u00f3rios, escrit\u00f3rios compartilhados, incubadoras,<br \/>\naceleradoras, espa\u00e7os para eventos e suporte t\u00e9cnico especializado.<\/p>\n<\/li>\n<li data-start=\"1023\" data-end=\"1162\">\n<p data-start=\"1025\" data-end=\"1162\"><strong data-start=\"1025\" data-end=\"1050\">Impulsionamos ideias:<\/strong> apoiamos projetos residentes na capta\u00e7\u00e3o de investimentos, acesso<br \/>\na incentivos p\u00fablicos e parcerias privadas.<\/p>\n<\/li>\n<li data-start=\"1163\" data-end=\"1295\">\n<p data-start=\"1165\" data-end=\"1295\"><strong data-start=\"1165\" data-end=\"1192\">Desenvolvemos talentos:<\/strong> promovemos mentorias, treinamentos e networking para transformar<br \/>\nboas ideias em neg\u00f3cios de impacto.<\/p>\n<\/li>\n<li data-start=\"1296\" data-end=\"1433\">\n<p data-start=\"1298\" data-end=\"1433\"><strong data-start=\"1298\" data-end=\"1333\">Valorizamos a sustentabilidade:<\/strong> incentivamos pr\u00e1ticas que reduzem impactos ambientais<br \/>\ne aumentam a efici\u00eancia produtiva no campo.<\/p>\n<\/li>\n<li data-start=\"1434\" data-end=\"1571\">\n<p data-start=\"1436\" data-end=\"1571\"><strong data-start=\"1436\" data-end=\"1472\">Garantimos \u00e9tica e conformidade:<\/strong> atuamos dentro dos padr\u00f5es regulat\u00f3rios e ambientais,<br \/>\nassegurando inova\u00e7\u00e3o com responsabilidade.<\/p>\n<\/li>\n<\/ul>\n<\/li>\n<\/ul>\n<\/li>\n<\/ul>\n<h3 style=\"padding-left: 80px\" data-start=\"1573\" data-end=\"1590\">Nosso papel<\/h3>\n<p style=\"padding-left: 80px\" data-start=\"1591\" data-end=\"1764\">Mais do que um parque tecnol\u00f3gico, somos um <strong data-start=\"1635\" data-end=\"1685\">polo de inova\u00e7\u00e3o<br \/>\ne desenvolvimento sustent\u00e1vel<\/strong>, que transforma conhecimento em<br \/>\nsolu\u00e7\u00f5es reais para o futuro do agroneg\u00f3cio.<\/p>\n<p style=\"padding-left: 80px\" data-start=\"1591\" data-end=\"1764\"><strong>Contato:<\/strong><\/p>\n<p style=\"padding-left: 80px\" data-start=\"1591\" data-end=\"1764\">partec@uenf.br<\/p>\n<p style=\"padding-left: 80px\" data-start=\"1591\" data-end=\"1764\"><strong>Localiza\u00e7\u00e3o:<\/strong><\/p>\n<p style=\"padding-left: 80px\" data-start=\"1591\" data-end=\"1764\">Av. Rio Grande do Sul, S\/N &#8211; Pq. Aldeia, Campos dos Goytacazes -RJ<br \/>\nPr\u00f3ximo a Escola T\u00e9cnica Estadual Agr\u00edcola Antonio Sarlo &#8211; ETEAAS\/FAETEC<strong><br \/>\n<a href=\"https:\/\/maps.app.goo.gl\/Ztu5f81CyjZyig5W7\" target=\"_blank\" rel=\"noopener\">Google Maps<\/a><\/strong><\/p>\n<p style=\"padding-left: 80px\"><strong>Saiba mais sobre o tema:<\/strong><\/p>\n<p style=\"padding-left: 80px\"><a href=\"http:\/\/uenf.br\/reitoria\/agenciainovacao\/parques-tecnologicos\/parques-tecnologicos-como-indutores-do-desenvolvimento\/\">Parques Tecnol\u00f3gicos como Indutores do Desenvolvimento<\/a><\/p>\n<p style=\"padding-left: 80px\"><a title=\"Taxonomia dos Parques Tecnol\u00f3gicos\" href=\"http:\/\/uenf.br\/reitoria\/agenciainovacao\/parques-tecnologicos\/824-2\/\">Taxonomia dos Parques Tecnol\u00f3gicos<\/a><\/p>\n<p>&nbsp;<\/p>\n","protected":false},"excerpt":{"rendered":"<p>Sobre N\u00f3s O PARTEC Agro \u00e9 um ambiente de inova\u00e7\u00e3o voltado para o fortalecimento do setor agropecu\u00e1rio por meio da&#8230;<\/p>\n","protected":false},"author":20,"featured_media":0,"parent":324,"menu_order":10,"comment_status":"closed","ping_status":"closed","template":"","meta":{"footnotes":""},"class_list":["post-679","page","type-page","status-publish","hentry"],"_links":{"self":[{"href":"https:\/\/uenf.br\/reitoria\/agenciainovacao\/wp-json\/wp\/v2\/pages\/679","targetHints":{"allow":["GET"]}}],"collection":[{"href":"https:\/\/uenf.br\/reitoria\/agenciainovacao\/wp-json\/wp\/v2\/pages"}],"about":[{"href":"https:\/\/uenf.br\/reitoria\/agenciainovacao\/wp-json\/wp\/v2\/types\/page"}],"author":[{"embeddable":true,"href":"https:\/\/uenf.br\/reitoria\/agenciainovacao\/wp-json\/wp\/v2\/users\/20"}],"replies":[{"embeddable":true,"href":"https:\/\/uenf.br\/reitoria\/agenciainovacao\/wp-json\/wp\/v2\/comments?post=679"}],"version-history":[{"count":0,"href":"https:\/\/uenf.br\/reitoria\/agenciainovacao\/wp-json\/wp\/v2\/pages\/679\/revisions"}],"up":[{"embeddable":true,"href":"https:\/\/uenf.br\/reitoria\/agenciainovacao\/wp-json\/wp\/v2\/pages\/324"}],"wp:attachment":[{"href":"https:\/\/uenf.br\/reitoria\/agenciainovacao\/wp-json\/wp\/v2\/media?parent=679"}],"curies":[{"name":"wp","href":"https:\/\/api.w.org\/{rel}","templated":true}]}}