{"id":681,"date":"2013-03-26T12:11:27","date_gmt":"2013-03-26T12:11:27","guid":{"rendered":"http:\/\/uenf.br\/reitoria\/agenciainovacao\/?page_id=681"},"modified":"2013-03-26T12:11:27","modified_gmt":"2013-03-26T12:11:27","slug":"parques-tecnologicos-como-indutores-do-desenvolvimento","status":"publish","type":"page","link":"https:\/\/uenf.br\/reitoria\/agenciainovacao\/empreendedorismo-e-inovacao\/parques-tecnologicos\/parques-tecnologicos-como-indutores-do-desenvolvimento\/","title":{"rendered":"Parques Tecnol\u00f3gicos como Indutores do Desenvolvimento"},"content":{"rendered":"<p style=\"text-align: justify\">Nas \u00faltimas tr\u00eas d\u00e9cadas os Parques Tecnol\u00f3gicos sob as mais diversas denomina\u00e7\u00f5es consolidaram-se como um dos principais vetores de desenvolvimento no contexto da \u00a0Sociedade do Conhecimento e se tornaram elementos importantes dos Sistemas Locais de Inova\u00e7\u00e3o. Verifica-se atualmente que Empresas Intensivas em Tecnologia constituem a base dessa \u201cnova sociedade\u201d e atuam como verdadeiros \u201caditivos\u201d e \u201ccatalisadores\u201d dos demais setores da economia.<\/p>\n<p style=\"text-align: justify\">\u00a0Neste sentido, Parques Tecnol\u00f3gicos t\u00eam como miss\u00e3o prover a \u201cintelig\u00eancia\u201d, a infra-estrutura e os servi\u00e7os necess\u00e1rios ao crescimento e fortalecimento das empresas intensivas em tecnologia atrav\u00e9s de um modelo de concentra\u00e7\u00e3o, conex\u00e3o, organiza\u00e7\u00e3o, articula\u00e7\u00e3o, implanta\u00e7\u00e3o e promo\u00e7\u00e3o de empreendimentos inovadores visando fortalecer este segmento dentro de uma perspectiva de globaliza\u00e7\u00e3o e desenvolvimento sustent\u00e1vel.<\/p>\n<p style=\"text-align: justify\">\u00a0Apesar de sua import\u00e2ncia reconhecida, Parques Tecnol\u00f3gicos (PTs) n\u00e3o s\u00e3o objetos de defini\u00e7\u00f5es consensuais e muito menos \u00fanicas, variando na medida e propor\u00e7\u00e3o de seus objetivos. Por outro lado, ressalvadas distin\u00e7\u00f5es conceituais, apresentam \u00a0caracter\u00edsticas e perspectivas convergentes dentro da atual contemporaneidade: visam contribuir para o refor\u00e7o da infra-estrutura local e o enriquecimento do capital social e institucional, oferecendo maior visibilidade, atratividade e trabalho em rede para fomentar a aplica\u00e7\u00e3o de estrat\u00e9gias mais amplas no campo da pesquisa, do desenvolvimento e do conhecimento.<\/p>\n<p style=\"text-align: justify\">\u00a0A seguir apresentamos algumas defini\u00e7\u00f5es de Parques Tecnol\u00f3gicos, considerando a vis\u00e3o das principais associa\u00e7\u00f5es que congregam iniciativas vinculadas a Parques Tecnol\u00f3gicos e das novas legisla\u00e7\u00f5es em torno da Inova\u00e7\u00e3o, Ci\u00eancia e Tecnologia.<\/p>\n<p align=\"center\"><strong>O QUE S\u00c3O PARQUES TECNOL\u00d3GICOS?<\/strong><\/p>\n<p style=\"text-align: justify\">A IASP \u2013 International Association of Sciense Parks com sede na Espanha, congrega mais de 70 pa\u00edses, al\u00e9m de manter parcerias com associa\u00e7\u00f5es de outros continentes, concentrando os principais esfor\u00e7os, em n\u00edvel global, de discuss\u00e3o e debate no entorno do tema Science Parks. A IASP define Parque Tecnol\u00f3gico como:<em> <\/em><\/p>\n<p style=\"text-align: justify\">\u00a0<strong>\u201c<em>Organiza\u00e7\u00e3o administrada por profissionais especializados, cujo principal objetivo \u00e9 aumentar a riqueza da comunidade atrav\u00e9s da promo\u00e7\u00e3o da cultura da inova\u00e7\u00e3o e da competitividade das empresas e das institui\u00e7\u00f5es baseadas em conhecimento a eles associadas. Para garantir que esses objetivos ser\u00e3o alcan\u00e7ados, o parque cient\u00edfico estimula e administra o fluxo de conhecimento e tecnologia entre empresas e mercados; facilita a cria\u00e7\u00e3o e o crescimento de empresas de base tecnol\u00f3gica atrav\u00e9s de processos de incuba\u00e7\u00e3o e de spin-offs; e prov\u00ea outros servi\u00e7os de valor agregado junto com espa\u00e7os de alta qualidade e facilidades\u201d.<\/em><\/strong><\/p>\n<p style=\"text-align: justify\">A ANPROTEC Associa\u00e7\u00e3o Nacional de Entidades Promotoras de Empreendimentos Inovadores com sede no Brasil re\u00fane cerca de 280 associados, entre incubadoras de empresas, parques tecnol\u00f3gicos, institui\u00e7\u00f5es de ensino e pesquisa, \u00f3rg\u00e3os p\u00fablicos e outras entidades ligadas ao empreendedorismo e \u00e0 inova\u00e7\u00e3o. A ANPROTEC define parques Tecnol\u00f3gicos como:<\/p>\n<p style=\"text-align: justify\"><strong><em>\u201cComplexo produtivo industrial e de servi\u00e7os de base cient\u00edfico-tecnol\u00f3gica, planejado, de car\u00e1ter formal, concentrado e cooperativo, que agrega empresas cuja produ\u00e7\u00e3o se baseia em pesquisa tecnol\u00f3gica desenvolvida nos centros de P&amp;D vinculados ao parque. Trata-se de um empreendimento promotor da cultura da inova\u00e7\u00e3o, da competitividade, do aumento da capacita\u00e7\u00e3o empresarial, fundamentado na transfer\u00eancia de conhecimento e tecnologia, com o objetivo de incrementar a produ\u00e7\u00e3o de riqueza de uma regi\u00e3o\u201d.<\/em><\/strong><\/p>\n<p style=\"text-align: justify\">Em 2008 a Assembl\u00e9ia Legislativa do Estado do Rio de Janeiro (Alerj) aprovou o Projeto de Lei n\u00ba 1.913\/2008, conhecido como lei da Inova\u00e7\u00e3o. Esta Lei estabelece medidas de incentivo \u00e0 inova\u00e7\u00e3o e \u00e0 pesquisa cient\u00edfica e tecnol\u00f3gica no ambiente produtivo, com vistas \u00e0 capacita\u00e7\u00e3o e ao alcance da autonomia tecnol\u00f3gica, ao desenvolvimento industrial e \u00e0s inova\u00e7\u00f5es de inclus\u00e3o social no Estado do Rio de Janeiro. O texto define Parques Tecnol\u00f3gicos como:<\/p>\n<p style=\"text-align: justify\"><strong><em>\u201c<\/em><\/strong><strong><em>Complexos organizacionais de car\u00e1ter cient\u00edfico e tecnol\u00f3gico, estruturados de forma planejada, concentrada e cooperativa, que agregam empresas cuja produ\u00e7\u00e3o se fundamenta em pesquisa tecnol\u00f3gica e que sejam promotores da cultura da inova\u00e7\u00e3o, da competitividade industrial e da maior capacita\u00e7\u00e3o empresarial, com vistas ao incremento da gera\u00e7\u00e3o de riqueza ou inclus\u00e3o social\u201d.<\/em><\/strong><\/p>\n<p style=\"text-align: justify\">De maneira complementar a estas conceitua\u00e7\u00f5es, cabe salientar caracter\u00edsticas que distinguem Parques Tecnol\u00f3gicos de alguns termos utilizados, tais como: Parques de Pesquisa (<em>Research Parks<\/em>), Centros de Inova\u00e7\u00e3o (<em>Innovation Centers<\/em>) e Parques de Empresas (<em>Business Parks<\/em>)<\/p>\n<p style=\"text-align: justify\">\u00a0\u2022 Parques de Pesquisa (<em>Research Parks<\/em>): a principal atividade \u00e9 o desenvolvimento de pesquisa de novos produtos e processos, n\u00e3o sendo seu foco a manufatura, exceto a produ\u00e7\u00e3o de prot\u00f3tipos;<\/p>\n<p style=\"text-align: justify\">\u00a0\u2022 Centros de Inova\u00e7\u00e3o (<em>Innovation Centers<\/em>) ou Incubadoras de Empresas: seu foco \u00e9 a cria\u00e7\u00e3o de condi\u00e7\u00f5es favor\u00e1veis para a concep\u00e7\u00e3o, in\u00edcio e suporte \u00e0 primeira fase de crescimento de empresas, particularmente empresas inovadoras e de base tecnol\u00f3gica, n\u00e3o apresentam necessariamente rela\u00e7\u00e3o com universidades;<\/p>\n<p style=\"text-align: justify\">\u00a0\u2022 Parques de Empresas (<em>Business Parks<\/em>): empreendimentos com oferta de infra-estrutura de elevada qualidade para instala\u00e7\u00e3o e servi\u00e7os complementares, como nos Centros de Inova\u00e7\u00e3o, n\u00e3o apresentam necessariamente rela\u00e7\u00e3o com universidades.<\/p>\n<p style=\"text-align: justify\">\u00a0A Figura 01 procura ilustrar a posi\u00e7\u00e3o relativa e as sobreposi\u00e7\u00f5es dentre os tipos de parques aqui comentados:<\/p>\n<p style=\"text-align: center\">\u00a0<a style=\"text-align: center\" href=\"http:\/\/uenf.br\/reitoria\/agenciainovacao\/files\/2013\/03\/Sem-t\u00edtulo2.png\"><img loading=\"lazy\" decoding=\"async\" class=\" wp-image-688  \" title=\"Sem t\u00edtulo\" alt=\"\" src=\"http:\/\/uenf.br\/reitoria\/agenciainovacao\/files\/2013\/03\/Sem-t\u00edtulo2.png\" width=\"467\" height=\"277\" srcset=\"https:\/\/uenf.br\/reitoria\/agenciainovacao\/files\/2013\/03\/Sem-t\u00edtulo2.png 741w, https:\/\/uenf.br\/reitoria\/agenciainovacao\/files\/2013\/03\/Sem-t\u00edtulo2-300x178.png 300w, https:\/\/uenf.br\/reitoria\/agenciainovacao\/files\/2013\/03\/Sem-t\u00edtulo2-150x89.png 150w, https:\/\/uenf.br\/reitoria\/agenciainovacao\/files\/2013\/03\/Sem-t\u00edtulo2-400x237.png 400w\" sizes=\"auto, (max-width: 467px) 100vw, 467px\" \/><\/a><\/p>\n<dl class=\"wp-caption aligncenter\" id=\"attachment_688\" style=\"width: 477px\">\n<dd class=\"wp-caption-dd\">Figura 01: Posi\u00e7\u00e3o e sobreposi\u00e7\u00e3o de diversos tipos de parques<br \/>\nFonte: European Comission (2007)<\/dd>\n<\/dl>\n<div><\/div>\n<div>\n<p>Refer\u00eancias Bibliogr\u00e1ficas:<\/p>\n<p>ANPROTEC-ABDI. <strong>Parques Tecnol\u00f3gicos no Brasil \u2013 Estudo, An\u00e1lise e Proposi\u00e7\u00f5es.<\/strong> In XVIII Semin\u00e1rio Nacional de Parques Tecnol\u00f3gicos e Incubadoras de Empresas. ANPROTEC \u2013 ABDI, 2008.<\/p>\n<p>GIUGLIANI, E; SANTOS, N.; SELIG, P.<strong> <\/strong><strong>Modelo de Governan\u00e7a para Parques Cient\u00edficos e Tecnol\u00f3gicos no Brasil.<\/strong> ANPROTEC\/SEBRAE, 2012.<\/p>\n<p>REINC &#8211; Rede de Incubadoras, P\u00f3los e Parques Tecnol\u00f3gicos do Rio de Janeiro.\u00a0<strong>Proposi\u00e7\u00e3o de uma Pol\u00edtica Estadual de Implanta\u00e7\u00e3o e Consolida\u00e7\u00e3o de Parques Tecnol\u00f3gicos do Rio de Janeiro.<\/strong>\u00a0REINC, 2009.<\/p>\n<\/div>\n<div>\n<hr align=\"left\" size=\"1\" width=\"33%\" \/>\n<\/div>\n","protected":false},"excerpt":{"rendered":"<p>Nas \u00faltimas tr\u00eas d\u00e9cadas os Parques Tecnol\u00f3gicos sob as mais diversas denomina\u00e7\u00f5es consolidaram-se como um dos principais vetores de desenvolvimento&#8230;<\/p>\n","protected":false},"author":20,"featured_media":0,"parent":679,"menu_order":1,"comment_status":"closed","ping_status":"open","template":"","meta":{"footnotes":""},"class_list":["post-681","page","type-page","status-publish","hentry"],"_links":{"self":[{"href":"https:\/\/uenf.br\/reitoria\/agenciainovacao\/wp-json\/wp\/v2\/pages\/681","targetHints":{"allow":["GET"]}}],"collection":[{"href":"https:\/\/uenf.br\/reitoria\/agenciainovacao\/wp-json\/wp\/v2\/pages"}],"about":[{"href":"https:\/\/uenf.br\/reitoria\/agenciainovacao\/wp-json\/wp\/v2\/types\/page"}],"author":[{"embeddable":true,"href":"https:\/\/uenf.br\/reitoria\/agenciainovacao\/wp-json\/wp\/v2\/users\/20"}],"replies":[{"embeddable":true,"href":"https:\/\/uenf.br\/reitoria\/agenciainovacao\/wp-json\/wp\/v2\/comments?post=681"}],"version-history":[{"count":0,"href":"https:\/\/uenf.br\/reitoria\/agenciainovacao\/wp-json\/wp\/v2\/pages\/681\/revisions"}],"up":[{"embeddable":true,"href":"https:\/\/uenf.br\/reitoria\/agenciainovacao\/wp-json\/wp\/v2\/pages\/679"}],"wp:attachment":[{"href":"https:\/\/uenf.br\/reitoria\/agenciainovacao\/wp-json\/wp\/v2\/media?parent=681"}],"curies":[{"name":"wp","href":"https:\/\/api.w.org\/{rel}","templated":true}]}}