{"id":74,"date":"2012-07-26T17:28:21","date_gmt":"2012-07-26T17:28:21","guid":{"rendered":"http:\/\/uenf.br\/reitoria\/agenciainovacao\/?page_id=74"},"modified":"2025-08-14T14:07:10","modified_gmt":"2025-08-14T14:07:10","slug":"servicos","status":"publish","type":"page","link":"https:\/\/uenf.br\/reitoria\/agenciainovacao\/portifolios\/servicos\/","title":{"rendered":"Portf\u00f3lio UENF de Servi\u00e7os Tecnol\u00f3gicos"},"content":{"rendered":"<table width=\"700\" border=\"0\" cellspacing=\"0\" cellpadding=\"0\">\n<tbody>\n<tr>\n<td valign=\"top\" width=\"340\" height=\"0\"><span style=\"color: #888888\"><strong>POR CENTRO<\/strong><\/span><\/p>\n<p><strong><strong>Centro de Bioci\u00eancias e Biotecnologia (CBB)<\/strong><\/strong><\/p>\n<p><strong><strong><\/strong><\/strong><a href=\"http:\/\/uenf.br\/reitoria\/agenciainovacao\/blog\/diagnostico-e-investigacao-molecular\/\">Diagn\u00f3stico e Investiga\u00e7\u00e3o Molecular<\/a><\/p>\n<p><a href=\"http:\/\/uenf.br\/reitoria\/agenciainovacao\/blog\/identificacao-de-contaminantes\/\">Identifica\u00e7\u00e3o de contaminantes bacterianos de processos fermentativos<\/a><\/p>\n<p><strong>Centro de Ci\u00eancia e Tecnologia (CCT)<\/strong><\/p>\n<p><a href=\"http:\/\/uenf.br\/reitoria\/agenciainovacao\/blog\/gestaodainovacao\/\">Gest\u00e3o da inova\u00e7\u00e3o tecnol\u00f3gica no \u00e2mbito empresarial<\/a><\/p>\n<p><strong>Centro de Ci\u00eancias e Tecnologias Agropecu\u00e1rias (CCTA)<\/strong><\/p>\n<p><a href=\"http:\/\/uenf.br\/reitoria\/agenciainovacao\/blog\/rotulos-nutricionais\/\">An\u00e1lise para elabora\u00e7\u00e3o de r\u00f3tulos nutricionais de alimentos<\/a><\/p>\n<p><a href=\"http:\/\/uenf.br\/reitoria\/agenciainovacao\/blog\/aquicultura\/\">Aquicultura<\/a><\/p>\n<p><a href=\"http:\/\/uenf.br\/reitoria\/agenciainovacao\/blog\/clinica-cirurgica\/\">Cl\u00ednica Cir\u00fargica de Animais de Produ\u00e7\u00e3o<\/a><\/p>\n<p><a href=\"http:\/\/uenf.br\/reitoria\/agenciainovacao\/blog\/clinica-fitossanitaria\/\">Cl\u00ednica Fitossanit\u00e1ria<\/a><\/p>\n<p><a href=\"http:\/\/uenf.br\/reitoria\/agenciainovacao\/blog\/clinica-reprodutiva-de-pequenos-animais\/\">Cl\u00ednica Reprodutiva de Pequenos Animais<\/a><\/p>\n<p><a href=\"http:\/\/uenf.br\/reitoria\/agenciainovacao\/servicos\/postmortem\/\">Exames postmortem em animais dom\u00e9sticos e selvagens<\/a><\/p>\n<p><a href=\"http:\/\/uenf.br\/reitoria\/agenciainovacao\/blog\/radiologia-veterinaria\/\">Radiologia veterin\u00e1ria<\/a><\/td>\n<td valign=\"top\" width=\"020\" height=\"0\"><span style=\"color: #333333;font-family: Georgia, 'Times New Roman', 'Bitstream Charter', Times, serif;font-size: small\"><span style=\"line-height: 19px\">\u00a0<\/span><\/span><\/td>\n<td valign=\"top\" width=\"340\" height=\"0\"><span style=\"color: #888888\"><strong>POR ORDEM ALFAB\u00c9TICA<\/strong><\/span><\/p>\n<p><a href=\"http:\/\/uenf.br\/reitoria\/agenciainovacao\/blog\/rotulos-nutricionais\/\">An\u00e1lise para elabora\u00e7\u00e3o de r\u00f3tulos nutricionais de alimentos<\/a><\/p>\n<p><a href=\"http:\/\/uenf.br\/reitoria\/agenciainovacao\/blog\/aquicultura\/\">Aquicultura<\/a><\/p>\n<p><a href=\"http:\/\/uenf.br\/reitoria\/agenciainovacao\/blog\/clinica-cirurgica\/\">Cl\u00ednica Cir\u00fargica de Animais de Produ\u00e7\u00e3o<\/a><\/p>\n<p><a href=\"http:\/\/uenf.br\/reitoria\/agenciainovacao\/blog\/clinica-fitossanitaria\/\">Cl\u00ednica Fitossanit\u00e1ria<\/a><\/p>\n<p><a href=\"http:\/\/uenf.br\/reitoria\/agenciainovacao\/blog\/clinica-reprodutiva-de-pequenos-animais\/\">Cl\u00ednica Reprodutiva de Pequenos Animais<\/a><\/p>\n<p><strong><strong><\/strong><\/strong><a href=\"http:\/\/uenf.br\/reitoria\/agenciainovacao\/blog\/diagnostico-e-investigacao-molecular\/\">Diagn\u00f3stico e Investiga\u00e7\u00e3o Molecular<\/a><\/p>\n<p><a href=\"http:\/\/uenf.br\/reitoria\/agenciainovacao\/servicos\/postmortem\/\">Exames postmortem em animais dom\u00e9sticos e selvagens<\/a><\/p>\n<p><a href=\"http:\/\/uenf.br\/reitoria\/agenciainovacao\/blog\/gestaodainovacao\/\">Gest\u00e3o da inova\u00e7\u00e3o tecnol\u00f3gica no \u00e2mbito empresarial<\/a><\/p>\n<p><a href=\"http:\/\/uenf.br\/reitoria\/agenciainovacao\/blog\/identificacao-de-contaminantes\/\">Identifica\u00e7\u00e3o de contaminantes bacterianos de processos fermentativos<\/a><\/p>\n<p><a href=\"http:\/\/uenf.br\/reitoria\/agenciainovacao\/blog\/radiologia-veterinaria\/\">Radiologia veterin\u00e1ria<\/a><\/td>\n<\/tr>\n<\/tbody>\n<\/table>\n","protected":false},"excerpt":{"rendered":"<p>POR CENTRO Centro de Bioci\u00eancias e Biotecnologia (CBB) Diagn\u00f3stico e Investiga\u00e7\u00e3o Molecular Identifica\u00e7\u00e3o de contaminantes bacterianos de processos fermentativos Centro&#8230;<\/p>\n","protected":false},"author":20,"featured_media":0,"parent":1116,"menu_order":6,"comment_status":"closed","ping_status":"closed","template":"","meta":{"footnotes":""},"class_list":["post-74","page","type-page","status-publish","hentry"],"_links":{"self":[{"href":"https:\/\/uenf.br\/reitoria\/agenciainovacao\/wp-json\/wp\/v2\/pages\/74","targetHints":{"allow":["GET"]}}],"collection":[{"href":"https:\/\/uenf.br\/reitoria\/agenciainovacao\/wp-json\/wp\/v2\/pages"}],"about":[{"href":"https:\/\/uenf.br\/reitoria\/agenciainovacao\/wp-json\/wp\/v2\/types\/page"}],"author":[{"embeddable":true,"href":"https:\/\/uenf.br\/reitoria\/agenciainovacao\/wp-json\/wp\/v2\/users\/20"}],"replies":[{"embeddable":true,"href":"https:\/\/uenf.br\/reitoria\/agenciainovacao\/wp-json\/wp\/v2\/comments?post=74"}],"version-history":[{"count":0,"href":"https:\/\/uenf.br\/reitoria\/agenciainovacao\/wp-json\/wp\/v2\/pages\/74\/revisions"}],"up":[{"embeddable":true,"href":"https:\/\/uenf.br\/reitoria\/agenciainovacao\/wp-json\/wp\/v2\/pages\/1116"}],"wp:attachment":[{"href":"https:\/\/uenf.br\/reitoria\/agenciainovacao\/wp-json\/wp\/v2\/media?parent=74"}],"curies":[{"name":"wp","href":"https:\/\/api.w.org\/{rel}","templated":true}]}}