{"id":8,"date":"2012-07-04T18:25:41","date_gmt":"2012-07-04T18:25:41","guid":{"rendered":"http:\/\/uenf.br\/reitoria\/agenciainovacao\/?page_id=8"},"modified":"2025-09-09T13:51:56","modified_gmt":"2025-09-09T13:51:56","slug":"convenios-e-contratos","status":"publish","type":"page","link":"https:\/\/uenf.br\/reitoria\/agenciainovacao\/convenios-e-contratos\/","title":{"rendered":"Conv\u00eanios e Contratos"},"content":{"rendered":"<table style=\"height: 124px\" border=\"0\" width=\"941\" cellspacing=\"0\" cellpadding=\"0\">\n<tbody>\n<tr>\n<td style=\"padding-left: 30px\" valign=\"top\" width=\"180\" height=\"0\"><span style=\"color: #808080\"><strong>Ricardo Andrade Pohlmann<\/strong><\/span><br \/>\n<span style=\"color: #808080\"> <em>Conv\u00eanios e Contratos<br \/>\n<\/em>pohlmann@uenf.br<\/span><br \/>\n<span style=\"color: #808080\"> (22) 2739 7016<\/span><\/td>\n<td valign=\"top\" width=\"20\" height=\"0\"><\/td>\n<td valign=\"top\" width=\"400\" height=\"0\"><\/td>\n<\/tr>\n<\/tbody>\n<\/table>\n<p>A Ag\u00eancia UENF de Inova\u00e7\u00e3o, a AGIUENF, tem como um dos seus objetivos consolidar por meio de conv\u00eanios e contratos (C&amp;C) as rela\u00e7\u00f5es da UENF com a sociedade, institui\u00e7\u00f5es p\u00fablicas ou privadas.<\/p>\n<p>Como \u00f3rg\u00e3o da Reitoria da UENF, a AGIUENF deve fornecer apoio \u00e0s necessidades de C&amp;C, analisando sua adequabilidade aos procedimentos internos e aos interesses da UENF como institui\u00e7\u00e3o. A AGIUENF mant\u00e9m listas e planilhas atualizadas dos C&amp;C em vigor na UENF.<\/p>\n<p>A demanda por C&amp;C deve sempre partir das necessidades dos Professores ou de unidades representativas da Universidade: Laborat\u00f3rios, Centros, Pr\u00f3-Reitorias e Unidades Administrativas.<\/p>\n<p>O Setor de Conv\u00eanios e Contratos da Diretoria de Projetos da UENF tem por objetivos: analisar, tramitar e administrar a consolida\u00e7\u00e3o de C&amp;C entre a UENF e outras institui\u00e7\u00f5es.<\/p>\n<p>Analisar consiste em verificar se as condi\u00e7\u00f5es exigidas por lei e pelos estatutos da UENF est\u00e3o sendo cumpridos, orientando os pesquisadores em como formalizar suas parcerias.<\/p>\n<p>Tramitar consiste em submeter o C&amp;C \u00e0s esferas administrativas da UENF, cumprindo os procedimentos e normas da institui\u00e7\u00e3o, de forma clara e objetiva, para que C&amp;C possam ser efetivados rpidamente na Universidade.<\/p>\n<p>Administrar tem duas atribui\u00e7\u00f5es distintas:<br \/>\n<strong>.:<\/strong> Manter rela\u00e7\u00e3o dos C&amp;C em vig\u00eancia, providenciar a renova\u00e7\u00e3o de conv\u00eanios, manter minutas de conv\u00eanios padr\u00f5es entre outros. O respons\u00e1vel por esta tarefa \u00e9 o TNS Ricardo Pohlmann.<\/p>\n<p><strong>.:<\/strong> Para os conv\u00eanios geridos pela UENF, consiste no acompanhamento financeiro do conv\u00eanio at\u00e9 a elabora\u00e7\u00e3o da presta\u00e7\u00e3o de conta. O respons\u00e1vel por esta tarefa \u00e9 o TNS Paulo Roberto Moreira.<\/p>\n<p>Verifique as outras se\u00e7\u00f5es nesta p\u00e1gina com informa\u00e7\u00f5es \u00fateis a quem tem interesse de formalizar C&amp;C na UENF.<\/p>\n","protected":false},"excerpt":{"rendered":"<p>Ricardo Andrade Pohlmann Conv\u00eanios e Contratos pohlmann@uenf.br (22) 2739 7016 A Ag\u00eancia UENF de Inova\u00e7\u00e3o, a AGIUENF, tem como um&#8230;<\/p>\n","protected":false},"author":20,"featured_media":0,"parent":0,"menu_order":7,"comment_status":"closed","ping_status":"open","template":"","meta":{"footnotes":""},"class_list":["post-8","page","type-page","status-publish","hentry"],"_links":{"self":[{"href":"https:\/\/uenf.br\/reitoria\/agenciainovacao\/wp-json\/wp\/v2\/pages\/8","targetHints":{"allow":["GET"]}}],"collection":[{"href":"https:\/\/uenf.br\/reitoria\/agenciainovacao\/wp-json\/wp\/v2\/pages"}],"about":[{"href":"https:\/\/uenf.br\/reitoria\/agenciainovacao\/wp-json\/wp\/v2\/types\/page"}],"author":[{"embeddable":true,"href":"https:\/\/uenf.br\/reitoria\/agenciainovacao\/wp-json\/wp\/v2\/users\/20"}],"replies":[{"embeddable":true,"href":"https:\/\/uenf.br\/reitoria\/agenciainovacao\/wp-json\/wp\/v2\/comments?post=8"}],"version-history":[{"count":0,"href":"https:\/\/uenf.br\/reitoria\/agenciainovacao\/wp-json\/wp\/v2\/pages\/8\/revisions"}],"wp:attachment":[{"href":"https:\/\/uenf.br\/reitoria\/agenciainovacao\/wp-json\/wp\/v2\/media?parent=8"}],"curies":[{"name":"wp","href":"https:\/\/api.w.org\/{rel}","templated":true}]}}