{"id":80,"date":"2012-07-26T17:31:42","date_gmt":"2012-07-26T17:31:42","guid":{"rendered":"http:\/\/uenf.br\/reitoria\/agenciainovacao\/?page_id=80"},"modified":"2025-08-14T14:06:28","modified_gmt":"2025-08-14T14:06:28","slug":"portfolio-uenf-de-patentes","status":"publish","type":"page","link":"https:\/\/uenf.br\/reitoria\/agenciainovacao\/portifolios\/portfolio-uenf-de-patentes\/","title":{"rendered":"Portf\u00f3lio UENF de Patentes"},"content":{"rendered":"<p>Seguem abaixo os resumos descritivos das patentes produzidas na UENF:<\/p>\n<ul>\n<li id=\"menu-item-728\"><a href=\"http:\/\/uenf.br\/reitoria\/agenciainovacao\/portfolio-uenf-de-patentes\/insulina\/\">Adi\u00e7\u00e3o de insulina para melhoramento no congelamento e resfriamento de s\u00eamen<\/a><\/li>\n<li id=\"menu-item-729\"><a href=\"http:\/\/uenf.br\/reitoria\/agenciainovacao\/portfolio-uenf-de-patentes\/aparelho-de-aquecimento-intermitente-para-estimativa-de-fluxo-de-seiva-e-seu-modelo-teorico\/\">Aparelho de Aquecimento Intermitente para estimativa de fluxo de seiva e seu modelo te\u00f3rico<\/a><\/li>\n<li id=\"menu-item-730\"><a href=\"http:\/\/uenf.br\/reitoria\/agenciainovacao\/portfolio-uenf-de-patentes\/armadilha\/\">Armadilha natural para controle de insetos<\/a><\/li>\n<li id=\"menu-item-731\"><a href=\"http:\/\/uenf.br\/reitoria\/agenciainovacao\/portfolio-uenf-de-patentes\/bloco-de-encaixe\/\">Bloco de encaixe prensado e queimado<\/a><\/li>\n<li id=\"menu-item-732\"><a href=\"http:\/\/uenf.br\/reitoria\/agenciainovacao\/portfolio-uenf-de-patentes\/composicao-antimicrobiana-de-extrato-metanolico-com-efeito-bactericida-e-bacteriostatico\/\">Composi\u00e7\u00e3o Antimicrobiana de Extrato Metan\u00f3lico com Efeito Bactericida e Bacteriost\u00e1tico<\/a><\/li>\n<li id=\"menu-item-733\"><a href=\"http:\/\/uenf.br\/reitoria\/agenciainovacao\/portfolio-uenf-de-patentes\/composicao-e-barra-dermatologica-repelente-de-insetos\/\">Composi\u00e7\u00e3o e barra dermatol\u00f3gica repelente de insetos<\/a><\/li>\n<li id=\"menu-item-734\"><a href=\"http:\/\/uenf.br\/reitoria\/agenciainovacao\/portfolio-uenf-de-patentes\/antialergica\/\">Composi\u00e7\u00e3o farmac\u00eautica antial\u00e9rgica a base de amino\u00e1cidos livres<\/a><\/li>\n<li id=\"menu-item-735\"><a href=\"http:\/\/uenf.br\/reitoria\/agenciainovacao\/portfolio-uenf-de-patentes\/composicao-de-massa-ceramica-para-producao-de-placa-ceramica-tipo-piso-vitrificado-contendo-residuo-borra-de-petroleo-encapsulada\/\">Composi\u00e7\u00e3o de massa cer\u00e2mica para produ\u00e7\u00e3o de placa cer\u00e2mica tipo piso vitrificado contendo res\u00edduo borra de petr\u00f3leo encapsulada<\/a><\/li>\n<li id=\"menu-item-736\"><a href=\"http:\/\/uenf.br\/reitoria\/agenciainovacao\/portfolio-uenf-de-patentes\/matriz-ligante\/\">Matriz ligante de Fe-Cu com controlador de desgaste para uso em ferramentas diamantadas<\/a><\/li>\n<li id=\"menu-item-737\"><a href=\"http:\/\/uenf.br\/reitoria\/agenciainovacao\/portfolio-uenf-de-patentes\/metodologia-de-formulacao-e-cura-de-compositos-particulados-em-resina-epoxi-dgba-aminas-alifaticas\/\">Metodologia de formula\u00e7\u00e3o e cura de comp\u00f3sitos particulados em resina ep\u00f3xi DGBEA-aminas alif\u00e1ticas<\/a><\/li>\n<li id=\"menu-item-738\"><a href=\"http:\/\/uenf.br\/reitoria\/agenciainovacao\/portfolio-uenf-de-patentes\/diamantes\/\">Processo de extra\u00e7\u00e3o e purifica\u00e7\u00e3o de diamantes obtidos por s\u00edntese em altas press\u00f5es e altas temperaturas<\/a><\/li>\n<li id=\"menu-item-739\"><a href=\"http:\/\/uenf.br\/reitoria\/agenciainovacao\/portfolio-uenf-de-patentes\/esterilizacao\/\">Processo de preparo e esteriliza\u00e7\u00e3o de meios de cultura com \u00e1cido hipocloroso<\/a><\/li>\n<li id=\"menu-item-740\"><a href=\"http:\/\/uenf.br\/reitoria\/agenciainovacao\/portfolio-uenf-de-patentes\/processo-de-separacao-e-purificacao-de-sementes-e-arilomucilagem-de-polpa-de-frutas-para-obtencao-do-oleo-torta-desngordurada-e-arilomucilagem-desidratado\/\">Processo de separa\u00e7\u00e3o e purifica\u00e7\u00e3o de sementes e arilo\/mucilagem de polpa de frutas para obten\u00e7\u00e3o do \u00f3leo, torta desngordurada e arilo\/mucilagem desidratado<\/a><\/li>\n<li id=\"menu-item-741\"><a href=\"http:\/\/uenf.br\/reitoria\/agenciainovacao\/portfolio-uenf-de-patentes\/processo-e-aparelho-de-separacao-e-purificacao-da-casca-de-frutas-para-obtencao-da-farinha-da-casca-e-de-pectina\/\">Processo e aparelho de separa\u00e7\u00e3o e purifica\u00e7\u00e3o da casca de frutas para obten\u00e7\u00e3oda farinha da cascae de pectina<\/a><\/li>\n<li id=\"menu-item-742\"><a href=\"http:\/\/uenf.br\/reitoria\/agenciainovacao\/portfolio-uenf-de-patentes\/biomassa\/\">Processo tecnol\u00f3gico para a produ\u00e7\u00e3o de biomassa bacteriana e produtos de fermenta\u00e7\u00e3o de gluconacetobacter diazotrophicus<\/a><\/li>\n<li id=\"menu-item-743\"><a href=\"http:\/\/uenf.br\/reitoria\/agenciainovacao\/portfolio-uenf-de-patentes\/uso-combinado-de-acidos-humicos-e-bacterias-diazotroficas-endofiticas-em-plantas\/\">Uso combinado de \u00e1cidos h\u00famicos e bact\u00e9rias diazotr\u00f3ficas endof\u00edticas em plantas<\/a><\/li>\n<\/ul>\n","protected":false},"excerpt":{"rendered":"<p>Seguem abaixo os resumos descritivos das patentes produzidas na UENF: Adi\u00e7\u00e3o de insulina para melhoramento no congelamento e resfriamento de&#8230;<\/p>\n","protected":false},"author":20,"featured_media":0,"parent":1116,"menu_order":5,"comment_status":"closed","ping_status":"closed","template":"","meta":{"footnotes":""},"class_list":["post-80","page","type-page","status-publish","hentry"],"_links":{"self":[{"href":"https:\/\/uenf.br\/reitoria\/agenciainovacao\/wp-json\/wp\/v2\/pages\/80","targetHints":{"allow":["GET"]}}],"collection":[{"href":"https:\/\/uenf.br\/reitoria\/agenciainovacao\/wp-json\/wp\/v2\/pages"}],"about":[{"href":"https:\/\/uenf.br\/reitoria\/agenciainovacao\/wp-json\/wp\/v2\/types\/page"}],"author":[{"embeddable":true,"href":"https:\/\/uenf.br\/reitoria\/agenciainovacao\/wp-json\/wp\/v2\/users\/20"}],"replies":[{"embeddable":true,"href":"https:\/\/uenf.br\/reitoria\/agenciainovacao\/wp-json\/wp\/v2\/comments?post=80"}],"version-history":[{"count":0,"href":"https:\/\/uenf.br\/reitoria\/agenciainovacao\/wp-json\/wp\/v2\/pages\/80\/revisions"}],"up":[{"embeddable":true,"href":"https:\/\/uenf.br\/reitoria\/agenciainovacao\/wp-json\/wp\/v2\/pages\/1116"}],"wp:attachment":[{"href":"https:\/\/uenf.br\/reitoria\/agenciainovacao\/wp-json\/wp\/v2\/media?parent=80"}],"curies":[{"name":"wp","href":"https:\/\/api.w.org\/{rel}","templated":true}]}}