{"id":866,"date":"2013-08-29T18:45:20","date_gmt":"2013-08-29T18:45:20","guid":{"rendered":"http:\/\/uenf.br\/reitoria\/agenciainovacao\/?page_id=866"},"modified":"2013-08-30T19:10:36","modified_gmt":"2013-08-30T19:10:36","slug":"legislacao-sobre-propriedade-intelectual","status":"publish","type":"page","link":"https:\/\/uenf.br\/reitoria\/agenciainovacao\/assessoria-de-patentes\/legislacao-sobre-propriedade-intelectual\/","title":{"rendered":"Legisla\u00e7\u00e3o sobre Propriedade Intelectual"},"content":{"rendered":"<div><\/div>\n<div><\/div>\n<p>1. Regimento Interno<\/p>\n<p>.: <a href=\"http:\/\/uenf.br\/reitoria\/agenciainovacao\/files\/2012\/08\/10-04-2013_p21_Resolu\u00e7\u00e3o_CONSUNI_01-2013_disp\u00f5e_so-bre_pol\u00edtica_de_propriedade_intelectual_da_UENF.pdf\">Resolu\u00e7\u00e3o CONSUNI 01-2013<\/a>, a qual disp\u00f5e sobre a Pol\u00edtica de Propriedade Intelectual da UENF.<\/p>\n<p>&nbsp;<\/p>\n<p>2. Legisla\u00e7\u00e3o de \u00c2mbito Nacional<\/p>\n<p>.: Lei n\u00ba 9.279\/1996 \u2013 Lei de Propriedade Industrial;<\/p>\n<p>.: Lei n\u00ba 11.484\/1997 \u2013 Lei de Circuitos Integrados;<\/p>\n<p>.: Lei n\u00ba 9.609\/1998 \u2013 Lei de Programas de Computador;<\/p>\n<p>.: Lei n\u00ba 9.610\/1998 &#8211; Lei de Direitos Autorais;<\/p>\n<p>.: Lei n\u00ba 9.456\/1997 \u2013 Lei de Prote\u00e7\u00e3o de Cultivares;<\/p>\n<p>&nbsp;<\/p>\n<p>3. Legisla\u00e7\u00e3o de \u00e2mbito Internacional:<\/p>\n<p>.: Acordo de Coopera\u00e7\u00e3o de Patente (Patent Cooperation Treaty &#8211; PCT);<\/p>\n<p>.: Conven\u00e7\u00e3o da OMPI (WIPO Convention);<\/p>\n<p>.: Conven\u00e7\u00e3o da UPOV &#8211; Conven\u00e7\u00e3o Internacional para Prote\u00e7\u00e3o das novas variedades de Plantas (UPOV Convention &#8211; the International Convention for the Protection of New Varieties of Plants on December 2, 1961, as revised at Geneva on November 10, 1972 and October 23, 1978);<\/p>\n<p>.: Conven\u00e7\u00e3o de Paris &#8211; Conven\u00e7\u00e3o para a Prote\u00e7\u00e3o da Propriedade Industrial (\u201cParis Convention\u201d &#8211; Convention for the Protection of Industrial Property signed on March 20, 1883, including any of its revisions);<\/p>\n<p>.: Conven\u00e7\u00e3o de Berna &#8211; Conve\u00e7\u00e3o para a Prote\u00e7\u00e3o de obras art\u00edsticas e Liter\u00e1rias (\u201cBerne Convention\u201d &#8211; Convention for the Protection of Literary and Artistic Works signed on September 9, 1886, including any of its revisions);<\/p>\n<p>.: Acordo Sobre Aspectos Dos Direitos De Propriedade Intelectual Relacionados Ao Com\u00e9rcio(TRIPS). Decreto No 1.355, De 30 De Dezembro De 1994\/ TRIPS \u2013 Trade Related Aspects of Intellectual Property Rights.<\/p>\n","protected":false},"excerpt":{"rendered":"<p>1. Regimento Interno .: Resolu\u00e7\u00e3o CONSUNI 01-2013, a qual disp\u00f5e sobre a Pol\u00edtica de Propriedade Intelectual da UENF. &nbsp; 2&#8230;.<\/p>\n","protected":false},"author":20,"featured_media":0,"parent":128,"menu_order":3,"comment_status":"closed","ping_status":"open","template":"","meta":{"footnotes":""},"class_list":["post-866","page","type-page","status-publish","hentry"],"_links":{"self":[{"href":"https:\/\/uenf.br\/reitoria\/agenciainovacao\/wp-json\/wp\/v2\/pages\/866","targetHints":{"allow":["GET"]}}],"collection":[{"href":"https:\/\/uenf.br\/reitoria\/agenciainovacao\/wp-json\/wp\/v2\/pages"}],"about":[{"href":"https:\/\/uenf.br\/reitoria\/agenciainovacao\/wp-json\/wp\/v2\/types\/page"}],"author":[{"embeddable":true,"href":"https:\/\/uenf.br\/reitoria\/agenciainovacao\/wp-json\/wp\/v2\/users\/20"}],"replies":[{"embeddable":true,"href":"https:\/\/uenf.br\/reitoria\/agenciainovacao\/wp-json\/wp\/v2\/comments?post=866"}],"version-history":[{"count":0,"href":"https:\/\/uenf.br\/reitoria\/agenciainovacao\/wp-json\/wp\/v2\/pages\/866\/revisions"}],"up":[{"embeddable":true,"href":"https:\/\/uenf.br\/reitoria\/agenciainovacao\/wp-json\/wp\/v2\/pages\/128"}],"wp:attachment":[{"href":"https:\/\/uenf.br\/reitoria\/agenciainovacao\/wp-json\/wp\/v2\/media?parent=866"}],"curies":[{"name":"wp","href":"https:\/\/api.w.org\/{rel}","templated":true}]}}