{"id":902,"date":"2013-11-06T16:48:25","date_gmt":"2013-11-06T16:48:25","guid":{"rendered":"http:\/\/uenf.br\/reitoria\/agenciainovacao\/?page_id=902"},"modified":"2020-01-30T19:06:32","modified_gmt":"2020-01-30T19:06:32","slug":"video-conferencia","status":"publish","type":"page","link":"https:\/\/uenf.br\/reitoria\/agenciainovacao\/apresentacao\/video-conferencia\/","title":{"rendered":"Videoconfer\u00eancia"},"content":{"rendered":"<h3><\/h3>\n<p style=\"text-align: justify\">A Ag\u00eancia de Inova\u00e7\u00e3o disp\u00f5e de uma sala de reuni\u00f5es equipada com sistema de videoconfer\u00eancia localizada no pr\u00e9dio E1\/1\u00ba andar\/Reitoria.\u00a0 A videoconfer\u00eancia destina-se \u00e0 comunidade acad\u00eamica para fins de reuni\u00f5es entre grupos de pesquisa, defesas de disserta\u00e7\u00f5es e teses, \u00a0bem como para reuni\u00f5es de cunho administrativo. Para utilizar a videoconfer\u00eancia, \u00e9 preciso fazer o agendamento com Carlos Diego, Assessor de Patentes, atrav\u00e9s do e-mail diego.patentes@uenf.br<\/p>\n<p style=\"text-align: justify\">\n","protected":false},"excerpt":{"rendered":"<p>A Ag\u00eancia de Inova\u00e7\u00e3o disp\u00f5e de uma sala de reuni\u00f5es equipada com sistema de videoconfer\u00eancia localizada no pr\u00e9dio E1\/1\u00ba andar\/Reitoria.\u00a0&#8230;<\/p>\n","protected":false},"author":20,"featured_media":0,"parent":32,"menu_order":0,"comment_status":"closed","ping_status":"open","template":"","meta":{"footnotes":""},"class_list":["post-902","page","type-page","status-publish","hentry"],"_links":{"self":[{"href":"https:\/\/uenf.br\/reitoria\/agenciainovacao\/wp-json\/wp\/v2\/pages\/902","targetHints":{"allow":["GET"]}}],"collection":[{"href":"https:\/\/uenf.br\/reitoria\/agenciainovacao\/wp-json\/wp\/v2\/pages"}],"about":[{"href":"https:\/\/uenf.br\/reitoria\/agenciainovacao\/wp-json\/wp\/v2\/types\/page"}],"author":[{"embeddable":true,"href":"https:\/\/uenf.br\/reitoria\/agenciainovacao\/wp-json\/wp\/v2\/users\/20"}],"replies":[{"embeddable":true,"href":"https:\/\/uenf.br\/reitoria\/agenciainovacao\/wp-json\/wp\/v2\/comments?post=902"}],"version-history":[{"count":0,"href":"https:\/\/uenf.br\/reitoria\/agenciainovacao\/wp-json\/wp\/v2\/pages\/902\/revisions"}],"up":[{"embeddable":true,"href":"https:\/\/uenf.br\/reitoria\/agenciainovacao\/wp-json\/wp\/v2\/pages\/32"}],"wp:attachment":[{"href":"https:\/\/uenf.br\/reitoria\/agenciainovacao\/wp-json\/wp\/v2\/media?parent=902"}],"curies":[{"name":"wp","href":"https:\/\/api.w.org\/{rel}","templated":true}]}}