{"id":932,"date":"2014-01-29T13:45:05","date_gmt":"2014-01-29T13:45:05","guid":{"rendered":"http:\/\/uenf.br\/reitoria\/agenciainovacao\/?page_id=932"},"modified":"2014-01-29T13:55:46","modified_gmt":"2014-01-29T13:55:46","slug":"defesa-de-dissertacao-via-video-conferencia","status":"publish","type":"page","link":"https:\/\/uenf.br\/reitoria\/agenciainovacao\/apresentacao\/video-conferencia\/defesa-de-dissertacao-via-video-conferencia\/","title":{"rendered":"Defesa de Disserta\u00e7\u00e3o via v\u00eddeo confer\u00eancia"},"content":{"rendered":"<p style=\"text-align: justify\">No dia 28\/01\/2014, pela primeira vez, a sala de v\u00eddeo confer\u00eancia da Ag\u00eancia UENF de Inova\u00e7\u00e3o sediou uma defesa de disserta\u00e7\u00e3o. A defesa da disserta\u00e7\u00e3o intitulada &#8221; Efeito do Cloreto de C\u00e1lcio e do uso de cobertura comest\u00edvel a base de quitosana na conserva\u00e7\u00e3o p\u00f3s-colheita do mam\u00e3o UENF\/Caliman01&#8243; do Mestrando Willian Batista Silva do Programa de P\u00f3s-gradua\u00e7\u00e3o em Produ\u00e7\u00e3o Vegetal\/CCTA, orientado do Prof. Jurandi Gon\u00e7alves de Oliveira (LMGV\/CCTA), contou com a participa\u00e7\u00e3o remota do membro externo da banca,\u00a0 Dr. Walter Ruggeri Waldman da Universidade Federal de S\u00e3o Carlos (UFSCAR).<\/p>\n<p style=\"text-align: justify\">A realiza\u00e7\u00e3o de defesas de disserta\u00e7\u00f5es ou teses via v\u00eddeo confer\u00eancia promove a otimiza\u00e7\u00e3o do uso do tempo e de recursos, ao passo que reduz as dist\u00e2ncias entre os pesquisadores e ICTs.\u00a0Em adi\u00e7\u00e3o, esta ferramenta tecnol\u00f3gica poder\u00e1, em breve, ser usada para promover a internacionaliza\u00e7\u00e3o dos programas de p\u00f3s-gradua\u00e7\u00e3o da UENF por possibilitar a participa\u00e7\u00e3o de pesquisadores estrangeiros nas bancas examinadoras.<\/p>\n<p style=\"text-align: justify\">A sala de v\u00eddeo confer\u00eancia, localizada na sala 116 do LECIV, \u00e9 coordenada pela Ag\u00eancia UENF de Inova\u00e7\u00e3o (AgiUENF). Segundo o Prof. Ronaldo Paranhos, diretor da AgiUENF, os interessados em utilizar a v\u00eddeo confer\u00eancia devem entrar em contato com o T.N.S. Carlos Diego de Oliveira Azevedo atrav\u00e9s do ramal 97331.<\/p>\n<p><a href=\"http:\/\/uenf.br\/reitoria\/agenciainovacao\/files\/2014\/01\/defesa-_-video-conf-2.jpg\"><img loading=\"lazy\" decoding=\"async\" class=\"aligncenter size-medium wp-image-938\" alt=\"defesa _ video conf  2\" src=\"http:\/\/uenf.br\/reitoria\/agenciainovacao\/files\/2014\/01\/defesa-_-video-conf-2-300x225.jpg\" width=\"300\" height=\"225\" srcset=\"https:\/\/uenf.br\/reitoria\/agenciainovacao\/files\/2014\/01\/defesa-_-video-conf-2-300x225.jpg 300w, https:\/\/uenf.br\/reitoria\/agenciainovacao\/files\/2014\/01\/defesa-_-video-conf-2-1024x768.jpg 1024w, https:\/\/uenf.br\/reitoria\/agenciainovacao\/files\/2014\/01\/defesa-_-video-conf-2-150x112.jpg 150w, https:\/\/uenf.br\/reitoria\/agenciainovacao\/files\/2014\/01\/defesa-_-video-conf-2-400x300.jpg 400w, https:\/\/uenf.br\/reitoria\/agenciainovacao\/files\/2014\/01\/defesa-_-video-conf-2.jpg 1298w\" sizes=\"auto, (max-width: 300px) 100vw, 300px\" \/><\/a><\/p>\n<p>&nbsp;<\/p>\n<p style=\"text-align: justify\">Na foto, da esquerda para a direita, apresentam-se: Dr. Cl\u00e1udio Melo (LEAG\/UENF), Dr. Luiz Morales (LMGV\/UENF), o mestrando Willian Batista, o Dr. Walter Waldman (UFSCAR) e o Dr. Jurandir Gon\u00e7alves de Oliveira, Presidente da banca examinadora (LMGV\/UENF).<\/p>\n","protected":false},"excerpt":{"rendered":"<p>No dia 28\/01\/2014, pela primeira vez, a sala de v\u00eddeo confer\u00eancia da Ag\u00eancia UENF de Inova\u00e7\u00e3o sediou uma defesa de&#8230;<\/p>\n","protected":false},"author":20,"featured_media":0,"parent":902,"menu_order":1,"comment_status":"closed","ping_status":"open","template":"","meta":{"footnotes":""},"class_list":["post-932","page","type-page","status-publish","hentry"],"_links":{"self":[{"href":"https:\/\/uenf.br\/reitoria\/agenciainovacao\/wp-json\/wp\/v2\/pages\/932","targetHints":{"allow":["GET"]}}],"collection":[{"href":"https:\/\/uenf.br\/reitoria\/agenciainovacao\/wp-json\/wp\/v2\/pages"}],"about":[{"href":"https:\/\/uenf.br\/reitoria\/agenciainovacao\/wp-json\/wp\/v2\/types\/page"}],"author":[{"embeddable":true,"href":"https:\/\/uenf.br\/reitoria\/agenciainovacao\/wp-json\/wp\/v2\/users\/20"}],"replies":[{"embeddable":true,"href":"https:\/\/uenf.br\/reitoria\/agenciainovacao\/wp-json\/wp\/v2\/comments?post=932"}],"version-history":[{"count":0,"href":"https:\/\/uenf.br\/reitoria\/agenciainovacao\/wp-json\/wp\/v2\/pages\/932\/revisions"}],"up":[{"embeddable":true,"href":"https:\/\/uenf.br\/reitoria\/agenciainovacao\/wp-json\/wp\/v2\/pages\/902"}],"wp:attachment":[{"href":"https:\/\/uenf.br\/reitoria\/agenciainovacao\/wp-json\/wp\/v2\/media?parent=932"}],"curies":[{"name":"wp","href":"https:\/\/api.w.org\/{rel}","templated":true}]}}