{"id":980,"date":"2015-06-17T18:48:39","date_gmt":"2015-06-17T18:48:39","guid":{"rendered":"http:\/\/uenf.br\/reitoria\/agenciainovacao\/?page_id=980"},"modified":"2025-08-14T14:06:01","modified_gmt":"2025-08-14T14:06:01","slug":"portifolio-uenf-de-cultivares","status":"publish","type":"page","link":"https:\/\/uenf.br\/reitoria\/agenciainovacao\/portifolios\/portifolio-uenf-de-cultivares\/","title":{"rendered":"Portif\u00f3lio UENF de Cultivares"},"content":{"rendered":"<p style=\"text-align: justify\">Uma cultivar \u00e9 uma nova variedade vegetal resultante de um processo de melhoramento gen\u00e9tico. Esta nova cultivar \u00e9 pass\u00edvel de ser Protegida ou Registrada. A Prote\u00e7\u00e3o da Cultivar assegura ao obtentor e\/ou melhorista direitos de explora\u00e7\u00e3o econ\u00f4mica exclusiva no pa\u00eds. A prote\u00e7\u00e3o da cultivar \u00e9 analisada e concedida pelo Servi\u00e7o Nacional de Prote\u00e7\u00e3o de Cultivares (SNPC\/MAPA). Enquanto, o Registro viabiliza a comercializa\u00e7\u00e3o da nova cultivar, sendo o registro concedido mediante o Registro Nacional de Cultivares (RNC\/MAPA). Portanto, \u00e9 recomendado aos obtentores e\/ou melhoristas que protejam suas cultivares para ent\u00e3o registra-las, pois assim, fica assegurado o direito a exclusividade de comercializa\u00e7\u00e3o.<\/p>\n<p>Atualmente, a UENF possui 19 cultivares registradas e 3 em processo de prote\u00e7\u00e3o.<\/p>\n<p><strong>Carlos Diego de Oliveira Azevedo<\/strong><br \/>\n<em>Respons\u00e1vel por Assessoria de Patentes<\/em><br \/>\ndiego.patentesuenf@gmail.com\/patentes@uenf.br<br \/>\n(22) 2739 7331<\/p>\n","protected":false},"excerpt":{"rendered":"<p>Uma cultivar \u00e9 uma nova variedade vegetal resultante de um processo de melhoramento gen\u00e9tico. Esta nova cultivar \u00e9 pass\u00edvel de&#8230;<\/p>\n","protected":false},"author":20,"featured_media":0,"parent":1116,"menu_order":0,"comment_status":"closed","ping_status":"closed","template":"","meta":{"footnotes":""},"class_list":["post-980","page","type-page","status-publish","hentry"],"_links":{"self":[{"href":"https:\/\/uenf.br\/reitoria\/agenciainovacao\/wp-json\/wp\/v2\/pages\/980","targetHints":{"allow":["GET"]}}],"collection":[{"href":"https:\/\/uenf.br\/reitoria\/agenciainovacao\/wp-json\/wp\/v2\/pages"}],"about":[{"href":"https:\/\/uenf.br\/reitoria\/agenciainovacao\/wp-json\/wp\/v2\/types\/page"}],"author":[{"embeddable":true,"href":"https:\/\/uenf.br\/reitoria\/agenciainovacao\/wp-json\/wp\/v2\/users\/20"}],"replies":[{"embeddable":true,"href":"https:\/\/uenf.br\/reitoria\/agenciainovacao\/wp-json\/wp\/v2\/comments?post=980"}],"version-history":[{"count":0,"href":"https:\/\/uenf.br\/reitoria\/agenciainovacao\/wp-json\/wp\/v2\/pages\/980\/revisions"}],"up":[{"embeddable":true,"href":"https:\/\/uenf.br\/reitoria\/agenciainovacao\/wp-json\/wp\/v2\/pages\/1116"}],"wp:attachment":[{"href":"https:\/\/uenf.br\/reitoria\/agenciainovacao\/wp-json\/wp\/v2\/media?parent=980"}],"curies":[{"name":"wp","href":"https:\/\/api.w.org\/{rel}","templated":true}]}}