{"id":7,"date":"2020-08-26T17:25:49","date_gmt":"2020-08-26T20:25:49","guid":{"rendered":"http:\/\/uenf.br\/reitoria\/ascom\/?page_id=7"},"modified":"2024-11-28T11:19:45","modified_gmt":"2024-11-28T14:19:45","slug":"nova-pagina","status":"publish","type":"page","link":"https:\/\/uenf.br\/reitoria\/ascom\/","title":{"rendered":"Assessoria de Comunica\u00e7\u00e3o &#8211; ASCOM"},"content":{"rendered":"<p>A Assessoria de Comunica\u00e7\u00e3o (ASCOM) \u00e9 respons\u00e1vel por coordenar o fluxo de comunica\u00e7\u00e3o institucional da UENF, planejando e executando a pol\u00edtica de comunica\u00e7\u00e3o da Universidade.<br \/>\nA ASCOM interage com os diversos segmentos da m\u00eddia e articula os contatos com a comunidade universit\u00e1ria, al\u00e9m coordenar a execu\u00e7\u00e3o do projeto de extens\u00e3o \u201cConhecendo a UENF\u201d, destinado a apresentar a UENF para os diversos segmentos da sociedade.<\/p>\n<p>A Assessoria de Comunica\u00e7\u00e3o est\u00e1 estruturada nos seguintes subsetores:<br \/>\n\u2022 Designer Gr\u00e1fico<br \/>\n\u2022 Jornalismo<br \/>\n\u2022 Marketing Institucional<br \/>\n\u2022 R\u00e1dio UENF<br \/>\n\u2022 Redes Sociais<br \/>\n\u2022 UENF TV<\/p>\n<p>Com essas iniciativas, a ASCOM contribui diretamente para o fortalecimento da identidade institucional da UENF e para a consolida\u00e7\u00e3o de sua relev\u00e2ncia como um polo de educa\u00e7\u00e3o, pesquisa, extens\u00e3o e inova\u00e7\u00e3o tecnol\u00f3gica.<\/p>\n<p>Gerente: Vitor Sendra<\/p>\n<p>E-mail: <a href=\"mailto:uenf@uenf.br\">uenf@uenf.br<\/a><\/p>\n<p>Local: Pr\u00e9dio da Reitoria (E1), 1\u00ba andar<\/p>\n<p>Site da UENF: <strong><a href=\"http:\/\/www.uenf.br\">www.uenf.br<\/a><\/strong><\/p>\n<p>Facebook:<strong> <a href=\"https:\/\/www.facebook.com\/uenfoficial\/\">http:\/\/www.facebook.com\/uenfoficial<\/a><\/strong><\/p>\n<p>Instagram <strong><a href=\"https:\/\/www.instagram.com\/uenf_oficial\/\">uenf_oficial<\/a><\/strong><\/p>\n<p>YouTube: <strong><a href=\"https:\/\/www.youtube.com\/c\/UENFTV\">http:\/\/www.youtube.com\/c\/UENFTV<\/a><\/strong><\/p>\n","protected":false},"excerpt":{"rendered":"<p>A Assessoria de Comunica\u00e7\u00e3o (ASCOM) \u00e9 respons\u00e1vel por coordenar o fluxo de comunica\u00e7\u00e3o institucional da UENF, planejando e executando a&#8230;<\/p>\n","protected":false},"author":46,"featured_media":0,"parent":0,"menu_order":0,"comment_status":"closed","ping_status":"closed","template":"","meta":{"footnotes":""},"class_list":["post-7","page","type-page","status-publish","hentry"],"_links":{"self":[{"href":"https:\/\/uenf.br\/reitoria\/ascom\/wp-json\/wp\/v2\/pages\/7","targetHints":{"allow":["GET"]}}],"collection":[{"href":"https:\/\/uenf.br\/reitoria\/ascom\/wp-json\/wp\/v2\/pages"}],"about":[{"href":"https:\/\/uenf.br\/reitoria\/ascom\/wp-json\/wp\/v2\/types\/page"}],"author":[{"embeddable":true,"href":"https:\/\/uenf.br\/reitoria\/ascom\/wp-json\/wp\/v2\/users\/46"}],"replies":[{"embeddable":true,"href":"https:\/\/uenf.br\/reitoria\/ascom\/wp-json\/wp\/v2\/comments?post=7"}],"version-history":[{"count":0,"href":"https:\/\/uenf.br\/reitoria\/ascom\/wp-json\/wp\/v2\/pages\/7\/revisions"}],"wp:attachment":[{"href":"https:\/\/uenf.br\/reitoria\/ascom\/wp-json\/wp\/v2\/media?parent=7"}],"curies":[{"name":"wp","href":"https:\/\/api.w.org\/{rel}","templated":true}]}}