{"id":15,"date":"2017-03-20T12:56:44","date_gmt":"2017-03-20T15:56:44","guid":{"rendered":"http:\/\/uenf.br\/reitoria\/assessoriajuridica\/?page_id=15"},"modified":"2017-03-26T10:23:00","modified_gmt":"2017-03-26T13:23:00","slug":"consultar-processos","status":"publish","type":"page","link":"https:\/\/uenf.br\/reitoria\/assessoriajuridica\/consultar-processos\/","title":{"rendered":"Consulta de Processos e Informa\u00e7\u00f5es"},"content":{"rendered":"<p class=\"entry-title \" style=\"text-align: justify\">Desde 2002, o Governo do Estado do Rio de janeiro vem adotando o sistema de <strong>Controle e Tramita\u00e7\u00e3o de Processos<\/strong> (UPO) para uniformizar, gerenciar e publicizar a movimenta\u00e7\u00e3o administrativa dos processos, expedientes e documentos protocolados nos diversos \u00f3rg\u00e3os da administra\u00e7\u00e3o p\u00fablica estadual direta e indireta e possibilitar aos cidad\u00e3os consultas e acompanhamento desses processos.<\/p>\n<h4><span style=\"color: #0000ff\"><a style=\"color: #0000ff\" href=\"http:\/\/www.consultaprocessos.rj.gov.br\/\" target=\"_blank\">http:\/\/www.consultaprocessos.rj.gov.br\/<\/a><\/span><\/h4>\n<h4>Como consultar o processo ou o documento?<\/h4>\n<p>Ao clicar no link acima, o usu\u00e1rio dever\u00e1 preencher uma ficha, fornecendo informa\u00e7\u00f5es sobre o processo ou documento que est\u00e1 buscando. Portanto, s\u00e3o solicitadas as seguintes informa\u00e7\u00f5es:<\/p>\n<p style=\"text-align: justify\"><strong>Tipo<\/strong> \u2013 pode-se selecionar entre as op\u00e7\u00f5es de consulta a \u201cProcesso\u201d (j\u00e1 selecionada na p\u00e1gina) ou \u201cDocumento\u201d.<\/p>\n<p style=\"text-align: justify\"><strong>Origem<\/strong> \u2013 deve-se digitar a origem do Processo\/Documento de interesse (\u00f3rg\u00e3o estadual), com o tra\u00e7o separador \u201c-\u201c). Em caso de d\u00favidas, h\u00e1 um link \u201cC\u00f3digo de Origem\u201d acima, na mesma p\u00e1gina, para consultas \u00e0 rela\u00e7\u00e3o dos c\u00f3digos.<\/p>\n<p style=\"text-align: justify\"><strong>N\u00famero<\/strong> \u2013 deve ser digitado o n\u00famero sequencial que identifica o Processo\/Documento. Complemento \u2013 para preenchimento espec\u00edfico de consulta referente a processos dos \u00f3rg\u00e3os da Secret\u00e1ria de Seguran\u00e7a P\u00fablica.<\/p>\n<p style=\"text-align: justify\"><strong>Ano<\/strong> \u2013 para informar do ano de abertura do Processo\/Documento.<\/p>\n<p style=\"text-align: justify\">Importante: No link \u201cComo Preencher\u201d, localizado no alto da p\u00e1gina \u00e0 esquerda, pode-se encontrar mais orienta\u00e7\u00f5es.<\/p>\n<h3 style=\"text-align: justify\">COMO ACOMPANHAR O PROCESSO POR E-MAIL<\/h3>\n<p style=\"text-align: justify\">Para acompanhar \u00e0 tramita\u00e7\u00e3o de processos e expedientes de toda a Administra\u00e7\u00e3o P\u00fablica do Estado do Rio de Janeiro por mensagens autom\u00e1ticas enviadas para contas de e-mail, basta cadastrar um e-mail v\u00e1lido.<\/p>\n<h3 style=\"text-align: justify\"><\/h3>\n<p style=\"text-align: justify\">Para maiores informa\u00e7\u00f5es, solicitar orienta\u00e7\u00e3o e d\u00favidas, use o Fale Conosco do Proderj: <span style=\"color: #0000ff\"><a style=\"color: #0000ff\" href=\"http:\/\/www.proderj.rj.gov.br\/fale.asp\" target=\"_blank\" rel=\"nofollow\">www.proderj.rj.gov.br\/fale.asp<\/a><\/span><\/p>\n<div id=\"socialfblog\"><\/div>\n","protected":false},"excerpt":{"rendered":"<p>Desde 2002, o Governo do Estado do Rio de janeiro vem adotando o sistema de Controle e Tramita\u00e7\u00e3o de Processos&#8230;<\/p>\n","protected":false},"author":41,"featured_media":0,"parent":0,"menu_order":2,"comment_status":"closed","ping_status":"closed","template":"","meta":{"footnotes":""},"class_list":["post-15","page","type-page","status-publish","hentry"],"_links":{"self":[{"href":"https:\/\/uenf.br\/reitoria\/assessoriajuridica\/wp-json\/wp\/v2\/pages\/15","targetHints":{"allow":["GET"]}}],"collection":[{"href":"https:\/\/uenf.br\/reitoria\/assessoriajuridica\/wp-json\/wp\/v2\/pages"}],"about":[{"href":"https:\/\/uenf.br\/reitoria\/assessoriajuridica\/wp-json\/wp\/v2\/types\/page"}],"author":[{"embeddable":true,"href":"https:\/\/uenf.br\/reitoria\/assessoriajuridica\/wp-json\/wp\/v2\/users\/41"}],"replies":[{"embeddable":true,"href":"https:\/\/uenf.br\/reitoria\/assessoriajuridica\/wp-json\/wp\/v2\/comments?post=15"}],"version-history":[{"count":0,"href":"https:\/\/uenf.br\/reitoria\/assessoriajuridica\/wp-json\/wp\/v2\/pages\/15\/revisions"}],"wp:attachment":[{"href":"https:\/\/uenf.br\/reitoria\/assessoriajuridica\/wp-json\/wp\/v2\/media?parent=15"}],"curies":[{"name":"wp","href":"https:\/\/api.w.org\/{rel}","templated":true}]}}