{"id":2,"date":"2017-01-31T11:53:36","date_gmt":"2017-01-31T13:53:36","guid":{"rendered":"http:\/\/uenf.br\/reitoria\/assessoriajuridica\/?page_id=2"},"modified":"2025-11-18T09:27:18","modified_gmt":"2025-11-18T12:27:18","slug":"apresentacao","status":"publish","type":"page","link":"https:\/\/uenf.br\/reitoria\/assessoriajuridica\/","title":{"rendered":"Apresenta\u00e7\u00e3o"},"content":{"rendered":"<p>Bem vindo!<\/p>\n<p>A Assessoria Jur\u00eddica &#8211; ASSJUR \u00e9 o \u00f3rg\u00e3o de advocacia p\u00fablica da UENF.\u00a0A ASJUR conta com equipe formada por advogados de carreira exercendo suas atividades-fim, bem como por servidores t\u00e9cnicos e estagi\u00e1rios atuando em fun\u00e7\u00f5es de apoio a essas atividades.<\/p>\n<p>&nbsp;<\/p>\n<p>&nbsp;<\/p>\n","protected":false},"excerpt":{"rendered":"<p>Bem vindo! A Assessoria Jur\u00eddica &#8211; ASSJUR \u00e9 o \u00f3rg\u00e3o de advocacia p\u00fablica da UENF.\u00a0A ASJUR conta com equipe formada&#8230;<\/p>\n","protected":false},"author":41,"featured_media":0,"parent":0,"menu_order":1,"comment_status":"closed","ping_status":"closed","template":"","meta":{"footnotes":""},"class_list":["post-2","page","type-page","status-publish","hentry"],"_links":{"self":[{"href":"https:\/\/uenf.br\/reitoria\/assessoriajuridica\/wp-json\/wp\/v2\/pages\/2","targetHints":{"allow":["GET"]}}],"collection":[{"href":"https:\/\/uenf.br\/reitoria\/assessoriajuridica\/wp-json\/wp\/v2\/pages"}],"about":[{"href":"https:\/\/uenf.br\/reitoria\/assessoriajuridica\/wp-json\/wp\/v2\/types\/page"}],"author":[{"embeddable":true,"href":"https:\/\/uenf.br\/reitoria\/assessoriajuridica\/wp-json\/wp\/v2\/users\/41"}],"replies":[{"embeddable":true,"href":"https:\/\/uenf.br\/reitoria\/assessoriajuridica\/wp-json\/wp\/v2\/comments?post=2"}],"version-history":[{"count":0,"href":"https:\/\/uenf.br\/reitoria\/assessoriajuridica\/wp-json\/wp\/v2\/pages\/2\/revisions"}],"wp:attachment":[{"href":"https:\/\/uenf.br\/reitoria\/assessoriajuridica\/wp-json\/wp\/v2\/media?parent=2"}],"curies":[{"name":"wp","href":"https:\/\/api.w.org\/{rel}","templated":true}]}}