{"id":29,"date":"2017-03-20T19:46:12","date_gmt":"2017-03-20T22:46:12","guid":{"rendered":"http:\/\/uenf.br\/reitoria\/assessoriajuridica\/?page_id=29"},"modified":"2017-03-26T11:56:27","modified_gmt":"2017-03-26T14:56:27","slug":"legislacao","status":"publish","type":"page","link":"https:\/\/uenf.br\/reitoria\/assessoriajuridica\/legislacao\/","title":{"rendered":"Legisla\u00e7\u00e3o"},"content":{"rendered":"<p><span style=\"color: #0000ff\"><a style=\"color: #0000ff\" href=\"http:\/\/www.planalto.gov.br\/ccivil_03\/constituicao\/constituicaocompilado.htm\" target=\"_blank\">Constitui\u00e7\u00e3o da Rep\u00fablica Federativa do Brasil de 1988<\/a><\/span><\/p>\n<p><span style=\"color: #0000ff\"><a style=\"color: #0000ff\" href=\"http:\/\/alerjln1.alerj.rj.gov.br\/constest.nsf\/PageConsEst?OpenPage\" target=\"_blank\">Constitui\u00e7\u00e3o do Estado do Rio de Janeiro<\/a><\/span><\/p>\n<p><a href=\"http:\/\/www.planalto.gov.br\/ccivil_03\/leis\/L9394.htm\"><span style=\"color: #0000ff\">Lei n\u00ba 9.394, de 20 de dezembro de 1996<\/span><\/a>\u00a0&#8211; Estabelece as diretrizes e bases da educa\u00e7\u00e3o nacional<\/p>\n<p>&nbsp;<\/p>\n","protected":false},"excerpt":{"rendered":"<p>Constitui\u00e7\u00e3o da Rep\u00fablica Federativa do Brasil de 1988 Constitui\u00e7\u00e3o do Estado do Rio de Janeiro Lei n\u00ba 9.394, de 20&#8230;<\/p>\n","protected":false},"author":41,"featured_media":0,"parent":0,"menu_order":3,"comment_status":"closed","ping_status":"closed","template":"","meta":{"footnotes":""},"class_list":["post-29","page","type-page","status-publish","hentry"],"_links":{"self":[{"href":"https:\/\/uenf.br\/reitoria\/assessoriajuridica\/wp-json\/wp\/v2\/pages\/29","targetHints":{"allow":["GET"]}}],"collection":[{"href":"https:\/\/uenf.br\/reitoria\/assessoriajuridica\/wp-json\/wp\/v2\/pages"}],"about":[{"href":"https:\/\/uenf.br\/reitoria\/assessoriajuridica\/wp-json\/wp\/v2\/types\/page"}],"author":[{"embeddable":true,"href":"https:\/\/uenf.br\/reitoria\/assessoriajuridica\/wp-json\/wp\/v2\/users\/41"}],"replies":[{"embeddable":true,"href":"https:\/\/uenf.br\/reitoria\/assessoriajuridica\/wp-json\/wp\/v2\/comments?post=29"}],"version-history":[{"count":0,"href":"https:\/\/uenf.br\/reitoria\/assessoriajuridica\/wp-json\/wp\/v2\/pages\/29\/revisions"}],"wp:attachment":[{"href":"https:\/\/uenf.br\/reitoria\/assessoriajuridica\/wp-json\/wp\/v2\/media?parent=29"}],"curies":[{"name":"wp","href":"https:\/\/api.w.org\/{rel}","templated":true}]}}