{"id":68,"date":"2017-03-26T10:03:16","date_gmt":"2017-03-26T13:03:16","guid":{"rendered":"http:\/\/uenf.br\/reitoria\/assessoriajuridica\/?page_id=68"},"modified":"2025-11-18T09:35:04","modified_gmt":"2025-11-18T12:35:04","slug":"equipe","status":"publish","type":"page","link":"https:\/\/uenf.br\/reitoria\/assessoriajuridica\/equipe\/","title":{"rendered":"Equipe"},"content":{"rendered":"<ul>\n<li>Assessor Jur\u00eddico:<br \/>\nHumberto Samyn Nobre Oliveira<\/li>\n<\/ul>\n<p>&nbsp;<\/p>\n<ul>\n<li>Advogados P\u00fablicos:<br \/>\nCleber Gomes Tinoco<br \/>\nElisa Miller Vaz<br \/>\nGeorge Anderson Fl\u00f4r Gessario<br \/>\nLuiz Alexandre Correa Ayres<br \/>\nMarcus Vin\u00edcius Filgueiras Junior<br \/>\nPascoal Renato Izabel Nicolau<br \/>\nRodrigo Lima Klem<\/li>\n<\/ul>\n<p>&nbsp;<\/p>\n<ul>\n<li>T\u00e9cnicos:<br \/>\nKarla Beatriz Viana Barbosa<\/li>\n<\/ul>\n<p>&nbsp;<\/p>\n<ul>\n<li>Auxiliar:<br \/>\nAna Beatriz de Souza Ribeiro Gomes<\/li>\n<\/ul>\n<p>&nbsp;<\/p>\n","protected":false},"excerpt":{"rendered":"<p>Assessor Jur\u00eddico: Humberto Samyn Nobre Oliveira &nbsp; Advogados P\u00fablicos: Cleber Gomes Tinoco Elisa Miller Vaz George Anderson Fl\u00f4r Gessario Luiz&#8230;<\/p>\n","protected":false},"author":41,"featured_media":0,"parent":0,"menu_order":8,"comment_status":"closed","ping_status":"closed","template":"","meta":{"footnotes":""},"class_list":["post-68","page","type-page","status-publish","hentry"],"_links":{"self":[{"href":"https:\/\/uenf.br\/reitoria\/assessoriajuridica\/wp-json\/wp\/v2\/pages\/68","targetHints":{"allow":["GET"]}}],"collection":[{"href":"https:\/\/uenf.br\/reitoria\/assessoriajuridica\/wp-json\/wp\/v2\/pages"}],"about":[{"href":"https:\/\/uenf.br\/reitoria\/assessoriajuridica\/wp-json\/wp\/v2\/types\/page"}],"author":[{"embeddable":true,"href":"https:\/\/uenf.br\/reitoria\/assessoriajuridica\/wp-json\/wp\/v2\/users\/41"}],"replies":[{"embeddable":true,"href":"https:\/\/uenf.br\/reitoria\/assessoriajuridica\/wp-json\/wp\/v2\/comments?post=68"}],"version-history":[{"count":0,"href":"https:\/\/uenf.br\/reitoria\/assessoriajuridica\/wp-json\/wp\/v2\/pages\/68\/revisions"}],"wp:attachment":[{"href":"https:\/\/uenf.br\/reitoria\/assessoriajuridica\/wp-json\/wp\/v2\/media?parent=68"}],"curies":[{"name":"wp","href":"https:\/\/api.w.org\/{rel}","templated":true}]}}