{"id":78,"date":"2017-03-26T10:22:00","date_gmt":"2017-03-26T13:22:00","guid":{"rendered":"http:\/\/uenf.br\/reitoria\/assessoriajuridica\/?page_id=78"},"modified":"2019-03-15T10:47:35","modified_gmt":"2019-03-15T13:47:35","slug":"tramitacao-interna-de-processos","status":"publish","type":"page","link":"https:\/\/uenf.br\/reitoria\/assessoriajuridica\/legislacao\/tramitacao-interna-de-processos\/","title":{"rendered":"Tramita\u00e7\u00e3o interna de processos"},"content":{"rendered":"<p><a href=\"http:\/\/uenf.br\/reitoria\/assessoriajuridica\/files\/2019\/03\/PORTARIA-ASJUR-01-19-DISPOE-TRMITACAO-INTERNA-E-REVOGA-PORTARIA-01-17.pdf\">Portaria ASJUR\u00a0 n\u00ba 01\/2019<\/a> &#8211; Disp\u00f5e sobre a tramita\u00e7\u00e3o interna de processos administrativos na Assessoria Jur\u00eddica da Universidade Estadual Darcy Ribeiro &#8211; ASJUR-UENF, e revoga a Portaria ASJUR n\u00ba 01\/2017.<\/p>\n<p><span style=\"color: #0000ff\"><a style=\"color: #0000ff\" href=\"http:\/\/uenf.br\/reitoria\/assessoriajuridica\/files\/2017\/03\/PORTARIA-ASJUR-TRAMITACAO-INTERNA-01-2017.pdf\">Portaria ASJUR n\u00b0 01\/2017<\/a>\u00a0<span style=\"color: #000000\">&#8211; Disp\u00f5e sobre a tramita\u00e7\u00e3o interna de processos administrativos na ASJUR\/UENF (REVOGADA).<\/span><\/span><\/p>\n","protected":false},"excerpt":{"rendered":"<p>Portaria ASJUR\u00a0 n\u00ba 01\/2019 &#8211; Disp\u00f5e sobre a tramita\u00e7\u00e3o interna de processos administrativos na Assessoria Jur\u00eddica da Universidade Estadual Darcy&#8230;<\/p>\n","protected":false},"author":41,"featured_media":0,"parent":29,"menu_order":0,"comment_status":"closed","ping_status":"closed","template":"","meta":{"footnotes":""},"class_list":["post-78","page","type-page","status-publish","hentry"],"_links":{"self":[{"href":"https:\/\/uenf.br\/reitoria\/assessoriajuridica\/wp-json\/wp\/v2\/pages\/78","targetHints":{"allow":["GET"]}}],"collection":[{"href":"https:\/\/uenf.br\/reitoria\/assessoriajuridica\/wp-json\/wp\/v2\/pages"}],"about":[{"href":"https:\/\/uenf.br\/reitoria\/assessoriajuridica\/wp-json\/wp\/v2\/types\/page"}],"author":[{"embeddable":true,"href":"https:\/\/uenf.br\/reitoria\/assessoriajuridica\/wp-json\/wp\/v2\/users\/41"}],"replies":[{"embeddable":true,"href":"https:\/\/uenf.br\/reitoria\/assessoriajuridica\/wp-json\/wp\/v2\/comments?post=78"}],"version-history":[{"count":0,"href":"https:\/\/uenf.br\/reitoria\/assessoriajuridica\/wp-json\/wp\/v2\/pages\/78\/revisions"}],"up":[{"embeddable":true,"href":"https:\/\/uenf.br\/reitoria\/assessoriajuridica\/wp-json\/wp\/v2\/pages\/29"}],"wp:attachment":[{"href":"https:\/\/uenf.br\/reitoria\/assessoriajuridica\/wp-json\/wp\/v2\/media?parent=78"}],"curies":[{"name":"wp","href":"https:\/\/api.w.org\/{rel}","templated":true}]}}