{"id":1387,"date":"2023-03-01T17:38:09","date_gmt":"2023-03-01T17:38:09","guid":{"rendered":"https:\/\/uenf.br\/reitoria\/licitacao\/?page_id=1387"},"modified":"2025-09-12T18:02:00","modified_gmt":"2025-09-12T18:02:00","slug":"avisos-e-editais-2023","status":"publish","type":"page","link":"https:\/\/uenf.br\/reitoria\/licitacao\/avisos-e-editais\/avisoseditais-de-licitacao\/avisos-e-editais-2023\/","title":{"rendered":"Licita\u00e7\u00f5es 2023"},"content":{"rendered":"<p style=\"text-align: center\"><strong>SECRETARIA DE ESTADO DE CI\u00caNCIA, TECNOLOGIA<br \/>\nUNIVERSIDADE ESTADUAL DO NORTE FLUMINENSE DARCY RIBEIRO<br \/>\nCOMISS\u00c3O PERMANENTE DE LICITA\u00c7\u00c3O<\/strong><\/p>\n<p style=\"text-align: center\"><strong>CONSULTA P\u00daBLICA DE EDITAIS DE LICITA\u00c7\u00c3O<\/strong><\/p>\n<p><strong>Os arquivos (Edital e Anexos) podem ser baixados diretamente desta p\u00e1gina ou solicitados pelo e-mail <em>licitacao@uenf.br<\/em>.<br \/>\n<\/strong><\/p>\n<p><img loading=\"lazy\" decoding=\"async\" title=\"barra_horizontal(3)\" src=\"http:\/\/uenf.br\/reitoria\/licitacao\/files\/2012\/08\/barra_horizontal31-300x24.jpg\" alt=\"\" width=\"664\" height=\"24\" \/><\/p>\n<p>&nbsp;<\/p>\n<p><strong>CONCORR\u00caNCIA N\u00ba 004\/2023<br \/>\n<\/strong>A <strong>UNIVERSIDADE ESTADUAL DO NORTE FLUMINENSE DARCY RIBEIRO &#8211; UENF<\/strong> torna p\u00fablico que, no dia <strong>01 de agosto de 2023, \u00e0s 09h (nove horas),<\/strong> realizar\u00e1 a licita\u00e7\u00e3o na modalidade <strong>CONCORR\u00caNCIA n\u00ba 004\/2023 <\/strong>do tipo <strong>MENOR PRE\u00c7O<\/strong>, cujo objeto \u00e9 execu\u00e7\u00e3o de obras de <strong>Complementa\u00e7\u00e3o dos Pr\u00e9dios P6 e P7<\/strong>, localizados no <em>Campus<\/em> Leonel Brizola da<strong> Universidade Estadual do Norte Fluminense Darcy Ribeiro, <\/strong>localizado no Munic\u00edpio de Campos dos Goytacazes\/RJ, no valor estimado total de <strong>R$ 2.544.835,20 (Dois milh\u00f5es, quinhentos e quarenta e quatro mil, oitocentos e trinta e cinco reais e vinte centavos),<\/strong>\u00a0conforme Edital e anexos que est\u00e3o \u00e0 disposi\u00e7\u00e3o dos interessados, em meio eletr\u00f4nico no sitio www.uenf.br ou na Comiss\u00e3o Permanente de Licita\u00e7\u00e3o da UENF, sala 115, 1\u00ba andar do pr\u00e9dio E1 (Reitoria), \u00e0 Avenida Alberto Lamego, 2000, Parque Calif\u00f3rnia, Campos dos Goytacazes\/RJ. Processo n\u00ba.\u00a0 <a href=\"https:\/\/sei.rj.gov.br\/sei\/modulos\/pesquisa\/md_pesq_processo_exibir.php?IC2o8Z7ACQH4LdQ4jJLJzjPBiLtP6l2FsQacllhUf-duzEubalut9yvd8-CzYYNLu7pd-wiM0k633-D6khhQNY62l9z5QWZJLZC6kdD45GmD0TujDNLNeuuDCdwtD5NB\" target=\"_blank\" rel=\"noopener\"><strong>SEI-260009\/002732\/202<\/strong><\/a><strong>2<\/strong><strong>.<\/strong><\/p>\n<ul>\n<li><strong><a href=\"https:\/\/uenf.br\/reitoria\/licitacao\/files\/2025\/09\/12_09_25_p46_aviso_retirada_envelopes_concorrencia_no_004_2023.pdf\" target=\"_blank\" rel=\"noopener\">AVISO DE RETIRADA DE ENVELOPES DE PROPOSTA (Di\u00e1rio Oficial)<\/a><\/strong><br \/>\nA Comiss\u00e3o Permanente de Licita\u00e7\u00e3o da Universidade Estadual do Norte Fluminense Darcy Ribeiro \u2013 UENF, no uso de suas atribui\u00e7\u00f5es legais, em conformidade com o disposto no Edital e no artigo 43, inciso II da Lei Federal n\u00ba 8.666\/93, considerando a aus\u00eancia de interposi\u00e7\u00e3o de recurso no prazo de 05 (cinco) dias \u00fateis, da decis\u00e3o de REVOGA\u00c7\u00c3O publicada em 25\/08\/2025, na p\u00e1gina 71, Parte I do Di\u00e1rio Oficial do Estado do Rio de Janeiro, torna p\u00fablica \u00e0s empresas licitantes interessadas, a abertura do prazo de 60 (sessenta) dias, contados da data desta publica\u00e7\u00e3o, para a retirada dos envelopes de propostas devidamente lacrados, relativos \u00e0 Concorr\u00eancia n\u00ba 004\/2023, cujo objeto \u00e9 a execu\u00e7\u00e3o de obras de complementa\u00e7\u00e3o dos Pr\u00e9dios P6 e P7, localizados no Campus Leonel Brizola da UENF. Processo n\u00ba SEI-260009\/002732\/2022<\/li>\n<\/ul>\n<ul>\n<li><a href=\"https:\/\/uenf.br\/reitoria\/licitacao\/files\/2025\/08\/27_08_25_p34_aviso_abertura_de_recurso_concorrencia_no_004_2023.pdf\" target=\"_blank\" rel=\"noopener\"><strong>AVISO DE ABERTURA DE PRAZO RECURSAL (Di\u00e1rio Oficial)<\/strong><\/a><br \/>\nA Comiss\u00e3o Permanente de Licita\u00e7\u00e3o da Universidade Estadual do Norte Fluminense Darcy Ribeiro \u2013 UENF, no uso de suas atribui\u00e7\u00f5es legais e em conformidade com o artigo 109, inciso I, al\u00ednea \u201cc\u201d, da Lei n\u00ba 8.666\/93, torna p\u00fablica a abertura do prazo recursal de 05 (cinco) dias \u00fateis, a contar da data desta publica\u00e7\u00e3o, da decis\u00e3o de REVOGA\u00c7\u00c3O publicada em 25\/08\/2025, na p\u00e1gina 71, Parte I do Di\u00e1rio Oficial do Estado do Rio de Janeiro referente \u00e0 Concorr\u00eancia n\u00ba 004\/2023, cujo objeto \u00e9 a execu\u00e7\u00e3o de obras de complementa\u00e7\u00e3o dos Pr\u00e9dios P6 e P7, localizados no Campus Leonel Brizola da UENF. Processo n\u00ba SEI-260009\/002732\/2022<\/li>\n<\/ul>\n<ul>\n<li><strong><a href=\"https:\/\/uenf.br\/reitoria\/licitacao\/files\/2025\/08\/25_08_25_p71_revoga_concorrencia_no_004_2023-1.pdf\" target=\"_blank\" rel=\"noopener\">AVISO DE REVOGA\u00c7\u00c3O (Di\u00e1rio Oficial)<\/a><br \/>\n<\/strong>A UNIVERSIDADE ESTADUAL DO NORTE FLUMINENSE DARCY RIBEIRO \u2013 UENF torna p\u00fablico que foi REVOGADA a CONCORR\u00caNCIA n\u00ba 004\/2023, cujo objeto era a execu\u00e7\u00e3o de obras de complementa\u00e7\u00e3o dos Pr\u00e9dios P6 e P7, localizados no Campus Leonel Brizola, no Munic\u00edpio de Campos dos Goytacazes\/RJ, em raz\u00e3o da necessidade de elabora\u00e7\u00e3o de novo projeto atualizado, diante da inadequa\u00e7\u00e3o dos projetos e planilhas or\u00e7ament\u00e1rias anteriormente apresentados, os quais n\u00e3o atendem \u00e0s atuais demandas estruturais e el\u00e9tricas da Universidade. A decis\u00e3o tem fundamento no artigo 49 da Lei n\u00ba 8.666\/93.<\/li>\n<\/ul>\n<p>Processo n\u00ba SEI-260009\/002732\/2022.<\/p>\n<ul>\n<li><strong><a href=\"https:\/\/uenf.br\/reitoria\/licitacao\/files\/2023\/06\/Edital_anexo_B_a_Z-1.zip\">Edital e anexos B a Z<\/a><\/strong><\/li>\n<li><strong><a href=\"https:\/\/uenf.br\/reitoria\/licitacao\/files\/2023\/06\/ANEXO_A_a_A19.zip\">Anexos A a A19<\/a><\/strong><\/li>\n<\/ul>\n<hr \/>\n<p><strong>CONCORR\u00caNCIA N\u00ba 005\/2023<br \/>\n<\/strong>A <strong>UNIVERSIDADE ESTADUAL DO NORTE FLUMINENSE DARCY RIBEIRO &#8211; UENF<\/strong> torna p\u00fablico, que no dia <strong>13<\/strong><strong> de junho de 2023, \u00e0s 09h (nove horas),<\/strong> no<strong> Audit\u00f3rio da Prefeitura Municipal de Cabo Frio, <\/strong>Pra\u00e7a Tiradentes, s\/n, Centro, Cabo Frio\/RJ, realizar\u00e1 a licita\u00e7\u00e3o na modalidade <strong>CONCORR\u00caNCIA n\u00ba 005\/2023 <\/strong>do tipo MENOR PRE\u00c7O e regime de EMPREITADA POR PRE\u00c7O GLOBAL, cujo objeto \u00e9 execu\u00e7\u00e3o de obra de restaura\u00e7\u00e3o em edifica\u00e7\u00f5es tombadas com interesse hist\u00f3rico e cultural da Fazenda Campos Novos, localizada na Rodovia Amaral Peixoto, Km 124, munic\u00edpio de Cabo Frio\/RJ, no valor estimado total de R$\u00a02.832.028,87\u00a0(Dois milh\u00f5es, oitocentos e trinta e dois mil, vinte e oito reais e oitenta e sete centavos),\u00a0conforme Edital e anexos que est\u00e3o \u00e0 disposi\u00e7\u00e3o dos interessados, em meio eletr\u00f4nico no sitio www.uenf.br ou na Comiss\u00e3o Permanente de Licita\u00e7\u00e3o da UENF, sala 115, 1\u00ba andar do pr\u00e9dio E1 (Reitoria), \u00e0 Avenida Alberto Lamego, 2000, Parque Calif\u00f3rnia, Campos dos Goytacazes\/RJ. Processo n\u00ba. <strong>SEI-260009\/000009\/2023<\/strong><strong>.<\/strong><\/p>\n<ul>\n<li><a href=\"https:\/\/uenf.br\/reitoria\/licitacao\/files\/2023\/05\/CC_005_2023_cabo_frio.zip\">Edital e anexos<\/a><\/li>\n<\/ul>\n<hr \/>\n<p><span style=\"font-weight: 400\"><strong>CONCORR\u00caNCIA N\u00ba 002\/2023<\/strong><br \/>\nA <\/span><b>UNIVERSIDADE ESTADUAL DO NORTE FLUMINENSE DARCY RIBEIRO &#8211; UENF<\/b><span style=\"font-weight: 400\"> torna p\u00fablico que, no dia <\/span><b>26 de abril de 2023, \u00e0s 10h (dez horas),<\/b><span style=\"font-weight: 400\"> realizar\u00e1 a licita\u00e7\u00e3o na modalidade <\/span><b>CONCORR\u00caNCIA n\u00ba 002\/2023 <\/b><span style=\"font-weight: 400\">do tipo <\/span><b>MENOR PRE\u00c7O<\/b><span style=\"font-weight: 400\">, cujo objeto \u00e9 execu\u00e7\u00e3o de <\/span><b>Obra de Reforma e Adequa\u00e7\u00f5es em Edifica\u00e7\u00f5es<\/b><span style=\"font-weight: 400\"> do Campus da UENF, localizado no Munic\u00edpio de Campos dos Goytacazes\/RJ, no valor estimado total de <\/span><b>R$ 2.062.039,29 (Dois milh\u00f5es, sessenta e dois mil, trinta e nove reais e vinte e nove centavos)<\/b><span style=\"font-weight: 400\">,\u00a0conforme Edital e anexos que est\u00e3o \u00e0 disposi\u00e7\u00e3o dos interessados, em meio eletr\u00f4nico no sitio www.uenf.br ou na Comiss\u00e3o Permanente de Licita\u00e7\u00e3o da UENF, sala 115, 1\u00ba andar do pr\u00e9dio E1 (Reitoria), \u00e0 Avenida Alberto Lamego, 2000, Parque Calif\u00f3rnia, Campos dos Goytacazes\/RJ. <\/span><b>Processo SEI-260009\/002758\/2022<\/b><span style=\"font-weight: 400\">.<\/span><\/p>\n<ul>\n<li><a href=\"https:\/\/uenf.br\/reitoria\/licitacao\/files\/2023\/03\/CC-002_2023_VF.zip\">Edital e anexos<\/a><\/li>\n<\/ul>\n<hr \/>\n<p><span style=\"font-weight: 400\"><strong>CONCORR\u00caNCIA N\u00ba 003\/2023<\/strong><br \/>\nA <\/span><b>UNIVERSIDADE ESTADUAL DO NORTE FLUMINENSE DARCY RIBEIRO &#8211; UENF<\/b><span style=\"font-weight: 400\"> torna p\u00fablico que, no dia <\/span><b>25 de abril de 2023, \u00e0s 10h (dez horas),<\/b><span style=\"font-weight: 400\"> realizar\u00e1 a licita\u00e7\u00e3o na modalidade <\/span><b>CONCORR\u00caNCIA n\u00ba 003\/2023 <\/b><span style=\"font-weight: 400\">do tipo <\/span><b>MENOR PRE\u00c7O<\/b><span style=\"font-weight: 400\">, cujo objeto \u00e9 execu\u00e7\u00e3o de obras de <\/span><b>ADEQUA\u00c7\u00c3O \u00c0 ACESSIBILIDADE (2\u00aa ETAPA) <\/b><span style=\"font-weight: 400\">do Campus<\/span> <span style=\"font-weight: 400\">da Universidade Estadual do Norte Fluminense Darcy Ribeiro, localizado no Munic\u00edpio de Campos dos Goytacazes\/RJ, no valor estimado total de <\/span><b>R$ 14.359.112,30 (Quatorze milh\u00f5es, trezentos e cinquenta e nove mil, cento e doze reais e trinta centavos),<\/b><span style=\"font-weight: 400\">\u00a0conforme Edital e anexos que est\u00e3o \u00e0 disposi\u00e7\u00e3o dos interessados, em meio eletr\u00f4nico no sitio www.uenf.br ou na Comiss\u00e3o Permanente de Licita\u00e7\u00e3o da UENF, sala 115, 1\u00ba andar do pr\u00e9dio E1 (Reitoria), \u00e0 Avenida Alberto Lamego, 2000, Parque Calif\u00f3rnia, Campos dos Goytacazes\/RJ. Processo n\u00ba.\u00a0 <\/span><b>SEI-260009\/002381\/2022.<\/b><\/p>\n<ul>\n<li><a href=\"https:\/\/sei.fazenda.rj.gov.br\/sei\/modulos\/pesquisa\/md_pesq_processo_exibir.php?IC2o8Z7ACQH4LdQ4jJLJzjPBiLtP6l2FsQacllhUf-duzEubalut9yvd8-CzYYNLu7pd-wiM0k633-D6khhQNRIc2xQ8bRUUGti9QmqA33dkxWTvnWGDqVxIaQblI0N1\" target=\"_blank\" rel=\"noopener\">Acesso ao processo (SEI) (atas, documentos, atos e comunicados)<\/a><\/li>\n<li><a href=\"https:\/\/uenf.br\/reitoria\/licitacao\/files\/2023\/03\/CC-003-Edital-e-anexos-B-a-X.zip\">Edital e anexos B a X<\/a><\/li>\n<li><a href=\"https:\/\/uenf.br\/reitoria\/licitacao\/files\/2023\/03\/CC-003-Anexos-A-a-A3.zip\">Anexos A a A3<\/a><\/li>\n<\/ul>\n<hr \/>\n<p><strong>CONCORR\u00caNCIA N\u00ba 001\/2023<br \/>\n<\/strong><strong>A UNIVERSIDADE ESTADUAL DO NORTE FLUMINENSE DARCY RIBEIRO &#8211; UENF<\/strong> torna p\u00fablico, que no dia <strong>03<\/strong><strong> de abril de 2023, \u00e0s 10h (dez horas),<\/strong> no<strong> Audit\u00f3rio da Prefeitura Municipal de Cabo Frio, <\/strong>Pra\u00e7a Tiradentes, s\/n, Centro, Cabo Frio\/RJ, realizar\u00e1 a licita\u00e7\u00e3o na modalidade <strong>CONCORR\u00caNCIA n\u00ba 001\/2023 <\/strong>do tipo MENOR PRE\u00c7O e regime de EMPREITADA POR PRE\u00c7O GLOBAL, cujo objeto \u00e9 execu\u00e7\u00e3o de obra de restaura\u00e7\u00e3o em edifica\u00e7\u00f5es tombadas com interesse hist\u00f3rico e cultural da Fazenda Campos Novos, localizada na Rodovia Amaral Peixoto, Km 124, munic\u00edpio de Cabo Frio\/RJ, no valor estimado total de R$ 1.556.586,16 (Um milh\u00e3o, quinhentos e cinquenta e seis mil, quinhentos e oitenta e seis reais e dezesseis centavos), conforme Edital e anexos que est\u00e3o \u00e0 disposi\u00e7\u00e3o dos interessados, em meio eletr\u00f4nico no sitio www.uenf.br ou na Comiss\u00e3o Permanente de Licita\u00e7\u00e3o da UENF, sala 115, 1\u00ba andar do pr\u00e9dio E1 (Reitoria), \u00e0 Avenida Alberto Lamego, 2000, Parque Calif\u00f3rnia, Campos dos Goytacazes\/RJ.<br \/>\nProcesso n\u00ba. <strong>SEI-260009\/000009\/2023<\/strong><strong>.<\/strong><\/p>\n<ul>\n<li><em><strong><a href=\"https:\/\/uenf.br\/reitoria\/licitacao\/files\/2023\/03\/CC-001_2023-Restauracao-de-Cabo-Frio.zip\">Edital e Anexos<\/a><\/strong><\/em><\/li>\n<\/ul>\n<p>&nbsp;<\/p>\n","protected":false},"excerpt":{"rendered":"<p>SECRETARIA DE ESTADO DE CI\u00caNCIA, TECNOLOGIA UNIVERSIDADE ESTADUAL DO NORTE FLUMINENSE DARCY RIBEIRO COMISS\u00c3O PERMANENTE DE LICITA\u00c7\u00c3O CONSULTA P\u00daBLICA DE [&hellip;]<\/p>\n","protected":false},"author":26,"featured_media":0,"parent":29,"menu_order":3,"comment_status":"closed","ping_status":"closed","template":"","meta":{"site-sidebar-layout":"default","site-content-layout":"","ast-site-content-layout":"default","site-content-style":"default","site-sidebar-style":"default","ast-global-header-display":"","ast-banner-title-visibility":"","ast-main-header-display":"","ast-hfb-above-header-display":"","ast-hfb-below-header-display":"","ast-hfb-mobile-header-display":"","site-post-title":"","ast-breadcrumbs-content":"","ast-featured-img":"","footer-sml-layout":"","ast-disable-related-posts":"","theme-transparent-header-meta":"default","adv-header-id-meta":"","stick-header-meta":"","header-above-stick-meta":"","header-main-stick-meta":"","header-below-stick-meta":"","astra-migrate-meta-layouts":"set","ast-page-background-enabled":"default","ast-page-background-meta":{"desktop":{"background-color":"var(--ast-global-color-4)","background-image":"","background-repeat":"repeat","background-position":"center center","background-size":"auto","background-attachment":"scroll","background-type":"","background-media":"","overlay-type":"","overlay-color":"","overlay-opacity":"","overlay-gradient":""},"tablet":{"background-color":"","background-image":"","background-repeat":"repeat","background-position":"center center","background-size":"auto","background-attachment":"scroll","background-type":"","background-media":"","overlay-type":"","overlay-color":"","overlay-opacity":"","overlay-gradient":""},"mobile":{"background-color":"","background-image":"","background-repeat":"repeat","background-position":"center center","background-size":"auto","background-attachment":"scroll","background-type":"","background-media":"","overlay-type":"","overlay-color":"","overlay-opacity":"","overlay-gradient":""}},"ast-content-background-meta":{"desktop":{"background-color":"var(--ast-global-color-5)","background-image":"","background-repeat":"repeat","background-position":"center center","background-size":"auto","background-attachment":"scroll","background-type":"","background-media":"","overlay-type":"","overlay-color":"","overlay-opacity":"","overlay-gradient":""},"tablet":{"background-color":"var(--ast-global-color-5)","background-image":"","background-repeat":"repeat","background-position":"center center","background-size":"auto","background-attachment":"scroll","background-type":"","background-media":"","overlay-type":"","overlay-color":"","overlay-opacity":"","overlay-gradient":""},"mobile":{"background-color":"var(--ast-global-color-5)","background-image":"","background-repeat":"repeat","background-position":"center center","background-size":"auto","background-attachment":"scroll","background-type":"","background-media":"","overlay-type":"","overlay-color":"","overlay-opacity":"","overlay-gradient":""}},"footnotes":""},"class_list":["post-1387","page","type-page","status-publish","hentry"],"_links":{"self":[{"href":"https:\/\/uenf.br\/reitoria\/licitacao\/wp-json\/wp\/v2\/pages\/1387","targetHints":{"allow":["GET"]}}],"collection":[{"href":"https:\/\/uenf.br\/reitoria\/licitacao\/wp-json\/wp\/v2\/pages"}],"about":[{"href":"https:\/\/uenf.br\/reitoria\/licitacao\/wp-json\/wp\/v2\/types\/page"}],"author":[{"embeddable":true,"href":"https:\/\/uenf.br\/reitoria\/licitacao\/wp-json\/wp\/v2\/users\/26"}],"replies":[{"embeddable":true,"href":"https:\/\/uenf.br\/reitoria\/licitacao\/wp-json\/wp\/v2\/comments?post=1387"}],"version-history":[{"count":30,"href":"https:\/\/uenf.br\/reitoria\/licitacao\/wp-json\/wp\/v2\/pages\/1387\/revisions"}],"predecessor-version":[{"id":1871,"href":"https:\/\/uenf.br\/reitoria\/licitacao\/wp-json\/wp\/v2\/pages\/1387\/revisions\/1871"}],"up":[{"embeddable":true,"href":"https:\/\/uenf.br\/reitoria\/licitacao\/wp-json\/wp\/v2\/pages\/29"}],"wp:attachment":[{"href":"https:\/\/uenf.br\/reitoria\/licitacao\/wp-json\/wp\/v2\/media?parent=1387"}],"curies":[{"name":"wp","href":"https:\/\/api.w.org\/{rel}","templated":true}]}}