{"id":1511,"date":"2023-12-27T23:35:24","date_gmt":"2023-12-27T23:35:24","guid":{"rendered":"https:\/\/uenf.br\/reitoria\/licitacao\/?page_id=1511"},"modified":"2025-09-10T18:07:36","modified_gmt":"2025-09-10T18:07:36","slug":"licitacoes-realizadas-de-2012-a-2022","status":"publish","type":"page","link":"https:\/\/uenf.br\/reitoria\/licitacao\/avisos-e-editais\/avisoseditais-de-licitacao\/licitacoes-realizadas-de-2012-a-2022\/","title":{"rendered":"Licita\u00e7\u00f5es de 2012 a 2022"},"content":{"rendered":"<h3><strong>Nesta p\u00e1gina est\u00e3o dispon\u00edveis as licita\u00e7\u00f5es realizadas de 2012 a 2022.<\/strong><\/h3>\n<h4>Mais informa\u00e7\u00f5es ou esclarecimentos podem ser obtidos pelo e-mail licitacao@uenf.br.<\/h4>\n<ul>\n<li><a href=\"https:\/\/uenf.br\/reitoria\/licitacao\/avisoseditais-de-licitacao\/avisos-e-editais-2022\/\" target=\"_blank\" rel=\"noopener\"><strong>ANO 2022<\/strong><\/a><\/li>\n<li><a href=\"https:\/\/uenf.br\/reitoria\/licitacao\/avisoseditais-de-licitacao\/licitacao-2021\/\" target=\"_blank\" rel=\"noopener\"><strong>ANO 2021<\/strong><\/a><\/li>\n<li><strong>ANO 2020<\/strong><\/li>\n<li><strong>ANO 2019<\/strong><\/li>\n<li><strong>ANO 2018<\/strong><\/li>\n<li><a href=\"https:\/\/uenf.br\/reitoria\/licitacao\/avisoseditais-de-licitacao\/avisos-e-editais-2017\/\" target=\"_blank\" rel=\"noopener\"><strong>ANO 2017<\/strong><\/a><\/li>\n<li><a href=\"https:\/\/uenf.br\/reitoria\/licitacao\/avisoseditais-de-licitacao\/avisos-e-editais-2016\/\" target=\"_blank\" rel=\"noopener\"><strong>ANO 2016<\/strong><\/a><\/li>\n<li><a href=\"https:\/\/uenf.br\/reitoria\/licitacao\/avisoseditais-de-licitacao\/avisos-e-editais-2015\/\" target=\"_blank\" rel=\"noopener\"><strong>ANO 2015<\/strong><\/a><\/li>\n<li><a href=\"https:\/\/uenf.br\/reitoria\/licitacao\/avisoseditais-de-licitacao\/avisos-e-editais-2014\/\" target=\"_blank\" rel=\"noopener\"><strong>ANO 2014<\/strong><\/a><\/li>\n<li><a href=\"https:\/\/uenf.br\/reitoria\/licitacao\/avisoseditais-de-licitacao\/avisos-e-editais-2013\/\" target=\"_blank\" rel=\"noopener\"><strong>ANO 2013<\/strong><\/a><\/li>\n<li><a href=\"https:\/\/uenf.br\/reitoria\/licitacao\/avisoseditais-de-licitacao\/avisos-e-editais-2012\/\" target=\"_blank\" rel=\"noopener\"><strong>ANO 2012<\/strong><\/a><\/li>\n<\/ul>\n","protected":false},"excerpt":{"rendered":"<p>Nesta p\u00e1gina est\u00e3o dispon\u00edveis as licita\u00e7\u00f5es realizadas de 2012 a 2022. Mais informa\u00e7\u00f5es ou esclarecimentos podem ser obtidos pelo e-mail [&hellip;]<\/p>\n","protected":false},"author":26,"featured_media":0,"parent":29,"menu_order":3,"comment_status":"closed","ping_status":"closed","template":"","meta":{"site-sidebar-layout":"default","site-content-layout":"","ast-site-content-layout":"default","site-content-style":"default","site-sidebar-style":"default","ast-global-header-display":"","ast-banner-title-visibility":"","ast-main-header-display":"","ast-hfb-above-header-display":"","ast-hfb-below-header-display":"","ast-hfb-mobile-header-display":"","site-post-title":"","ast-breadcrumbs-content":"","ast-featured-img":"","footer-sml-layout":"","ast-disable-related-posts":"","theme-transparent-header-meta":"default","adv-header-id-meta":"","stick-header-meta":"","header-above-stick-meta":"","header-main-stick-meta":"","header-below-stick-meta":"","astra-migrate-meta-layouts":"set","ast-page-background-enabled":"default","ast-page-background-meta":{"desktop":{"background-color":"var(--ast-global-color-4)","background-image":"","background-repeat":"repeat","background-position":"center center","background-size":"auto","background-attachment":"scroll","background-type":"","background-media":"","overlay-type":"","overlay-color":"","overlay-opacity":"","overlay-gradient":""},"tablet":{"background-color":"","background-image":"","background-repeat":"repeat","background-position":"center center","background-size":"auto","background-attachment":"scroll","background-type":"","background-media":"","overlay-type":"","overlay-color":"","overlay-opacity":"","overlay-gradient":""},"mobile":{"background-color":"","background-image":"","background-repeat":"repeat","background-position":"center center","background-size":"auto","background-attachment":"scroll","background-type":"","background-media":"","overlay-type":"","overlay-color":"","overlay-opacity":"","overlay-gradient":""}},"ast-content-background-meta":{"desktop":{"background-color":"var(--ast-global-color-5)","background-image":"","background-repeat":"repeat","background-position":"center center","background-size":"auto","background-attachment":"scroll","background-type":"","background-media":"","overlay-type":"","overlay-color":"","overlay-opacity":"","overlay-gradient":""},"tablet":{"background-color":"var(--ast-global-color-5)","background-image":"","background-repeat":"repeat","background-position":"center center","background-size":"auto","background-attachment":"scroll","background-type":"","background-media":"","overlay-type":"","overlay-color":"","overlay-opacity":"","overlay-gradient":""},"mobile":{"background-color":"var(--ast-global-color-5)","background-image":"","background-repeat":"repeat","background-position":"center center","background-size":"auto","background-attachment":"scroll","background-type":"","background-media":"","overlay-type":"","overlay-color":"","overlay-opacity":"","overlay-gradient":""}},"footnotes":""},"class_list":["post-1511","page","type-page","status-publish","hentry"],"_links":{"self":[{"href":"https:\/\/uenf.br\/reitoria\/licitacao\/wp-json\/wp\/v2\/pages\/1511","targetHints":{"allow":["GET"]}}],"collection":[{"href":"https:\/\/uenf.br\/reitoria\/licitacao\/wp-json\/wp\/v2\/pages"}],"about":[{"href":"https:\/\/uenf.br\/reitoria\/licitacao\/wp-json\/wp\/v2\/types\/page"}],"author":[{"embeddable":true,"href":"https:\/\/uenf.br\/reitoria\/licitacao\/wp-json\/wp\/v2\/users\/26"}],"replies":[{"embeddable":true,"href":"https:\/\/uenf.br\/reitoria\/licitacao\/wp-json\/wp\/v2\/comments?post=1511"}],"version-history":[{"count":7,"href":"https:\/\/uenf.br\/reitoria\/licitacao\/wp-json\/wp\/v2\/pages\/1511\/revisions"}],"predecessor-version":[{"id":1881,"href":"https:\/\/uenf.br\/reitoria\/licitacao\/wp-json\/wp\/v2\/pages\/1511\/revisions\/1881"}],"up":[{"embeddable":true,"href":"https:\/\/uenf.br\/reitoria\/licitacao\/wp-json\/wp\/v2\/pages\/29"}],"wp:attachment":[{"href":"https:\/\/uenf.br\/reitoria\/licitacao\/wp-json\/wp\/v2\/media?parent=1511"}],"curies":[{"name":"wp","href":"https:\/\/api.w.org\/{rel}","templated":true}]}}