{"id":1567,"date":"2024-01-09T18:29:12","date_gmt":"2024-01-09T18:29:12","guid":{"rendered":"https:\/\/uenf.br\/reitoria\/licitacao\/?page_id=1567"},"modified":"2024-01-09T20:05:33","modified_gmt":"2024-01-09T20:05:33","slug":"licitacoes-2024","status":"publish","type":"page","link":"https:\/\/uenf.br\/reitoria\/licitacao\/avisos-e-editais\/avisoseditais-de-licitacao\/licitacoes-2024\/","title":{"rendered":"Licita\u00e7\u00f5es 2024"},"content":{"rendered":"<p style=\"text-align: center\"><strong>SECRETARIA DE ESTADO DE CI\u00caNCIA, TECNOLOGIA<br \/>\nUNIVERSIDADE ESTADUAL DO NORTE FLUMINENSE DARCY RIBEIRO<br \/>\nCOMISS\u00c3O PERMANENTE DE LICITA\u00c7\u00c3O<\/strong><\/p>\n<p style=\"text-align: center\"><strong>CONSULTA P\u00daBLICA DE EDITAIS DE LICITA\u00c7\u00c3O<\/strong><\/p>\n<p><strong>Os arquivos (Edital e Anexos) podem ser baixados diretamente desta p\u00e1gina ou solicitados pelo e-mail <em>licitacao@uenf.br<\/em>.<br \/>\n<\/strong><\/p>\n<p><img loading=\"lazy\" decoding=\"async\" title=\"barra_horizontal(3)\" src=\"http:\/\/uenf.br\/reitoria\/licitacao\/files\/2012\/08\/barra_horizontal31-300x24.jpg\" alt=\"\" width=\"664\" height=\"24\" \/><\/p>\n<p><strong>CONCORR\u00caNCIA n\u00ba 002\/2024 <span style=\"color: #ff0000\">(CANCELADO)<\/span><br \/>\n<\/strong>A UNIVERSIDADE ESTADUAL DO NORTE FLUMINENSE DARCY RIBEIRO &#8211; UENF torna p\u00fablico que, no dia <strong>28 de fevereiro de 2024, \u00e0s 14h (quatorze horas)<\/strong>, realizar\u00e1 a licita\u00e7\u00e3o na modalidade <strong>CONCORR\u00caNCIA n\u00ba 002\/2024<\/strong>, do tipo MENOR PRE\u00c7O, cujo objeto \u00e9 execu\u00e7\u00e3o de obra de <strong>Constru\u00e7\u00e3o de Subesta\u00e7\u00e3o El\u00e9trica<\/strong> do Centro de Conven\u00e7\u00f5es da UENF, situado na Av. Alberto Lamego, 2000<strong> (<\/strong>Campus da Universidade Estadual do Norte Fluminense Darcy Ribeiro), no Munic\u00edpio de Campos dos Goytacazes\/RJ, no valor estimado total de <strong>R$ 1.076.051,28 (Um milh\u00e3o e setenta e seis mil e cinquenta e um reais e vinte e oito centavos)<\/strong>,\u00a0conforme Edital e anexos que est\u00e3o \u00e0 disposi\u00e7\u00e3o dos interessados, em meio eletr\u00f4nico no sitio www.uenf.br ou na Comiss\u00e3o Permanente de Licita\u00e7\u00e3o da UENF, sala 115, 1\u00ba andar do pr\u00e9dio E1 (Reitoria), \u00e0 Avenida Alberto Lamego, 2000, Parque Calif\u00f3rnia, Campos dos Goytacazes\/RJ. Processo n\u00ba.\u00a0 <strong>SEI-260009\/000959\/2023.<\/strong><\/p>\n<p><strong>AVISOS, DESPACHOS E DECIS\u00d5ES:<\/strong><\/p>\n<ul>\n<li>A Universidade Estadual do Norte Fluminense Darcy Ribeiro, por meio da Comiss\u00e3o Permanente de Licita\u00e7\u00e3o, em raz\u00e3o de quest\u00f5es Administrativas, pela aus\u00eancia de publica\u00e7\u00e3o no Di\u00e1rio Oficial no prazo estabelecido no Of\u00edcio Circular PGE\/SPG\/JPR N\u00ba 01 (<a href=\"https:\/\/uenf.br\/reitoria\/licitacao\/files\/2024\/01\/SEI_66031527_Oficio_Circular_3-1.pdf\" target=\"_blank\" rel=\"noopener\">Anexo<\/a>), torna p\u00fablico o <strong>CANCELAMENTO DO AVISO<\/strong> (<a href=\"https:\/\/uenf.br\/reitoria\/licitacao\/files\/2024\/01\/PDF_21_DE_DEZEMBRO___3.pdf\" target=\"_blank\" rel=\"noopener\">Anexo<\/a>)\u00a0publicado em 21\/12\/2023, na p\u00e1gina 17 do Jornal &#8220;O Dia&#8221;.<\/li>\n<\/ul>\n<p>&nbsp;<\/p>\n<hr \/>\n<p><strong>CONCORR\u00caNCIA n\u00ba 001\/2024 <span style=\"color: #ff0000\">(CANCELADO)<\/span><\/strong><br \/>\nA UNIVERSIDADE ESTADUAL DO NORTE FLUMINENSE DARCY RIBEIRO &#8211; UENF torna p\u00fablico que, no dia <strong>27 de fevereiro de 2024, \u00e0s 14h (quatorze horas)<\/strong>, realizar\u00e1 a licita\u00e7\u00e3o na modalidade <strong>CONCORR\u00caNCIA<\/strong> <strong>n\u00ba<\/strong> <strong>001\/2024<\/strong>, do tipo MENOR PRE\u00c7O, cujo objeto \u00e9 execu\u00e7\u00e3o de obra de <strong>URBANIZA\u00c7\u00c3O DA \u00c1REA DE EXPANS\u00c3O 2<\/strong> do Campus da UENF, situado na Av. Alberto Lamego, 2000 (Campus da Universidade Estadual do Norte Fluminense Darcy Ribeiro), no Munic\u00edpio de Campos dos Goytacazes\/RJ, no valor estimado total de <strong>R$ 22.338.905,13 (Vinte e dois milh\u00f5es, trezentos e trinta e oito mil, novecentos e cinco reais e treze centavos)<\/strong>,\u00a0conforme Edital e anexos que est\u00e3o \u00e0 disposi\u00e7\u00e3o dos interessados, em meio eletr\u00f4nico no sitio www.uenf.br ou na Comiss\u00e3o Permanente de Licita\u00e7\u00e3o da UENF, sala 115, 1\u00ba andar do pr\u00e9dio E1 (Reitoria), \u00e0 Avenida Alberto Lamego, 2000, Parque Calif\u00f3rnia, Campos dos Goytacazes\/RJ. Processo n\u00ba.\u00a0 <strong>SEI-260009\/000946\/2023<\/strong>.<\/p>\n<p><strong>AVISOS, DESPACHOS E DECIS\u00d5ES:<\/strong><\/p>\n<ul>\n<li>A Universidade Estadual do Norte Fluminense Darcy Ribeiro, por meio da Comiss\u00e3o Permanente de Licita\u00e7\u00e3o, em raz\u00e3o de quest\u00f5es Administrativas, pela aus\u00eancia de publica\u00e7\u00e3o no Di\u00e1rio Oficial no prazo estabelecido no Of\u00edcio Circular PGE\/SPG\/JPR N\u00ba 01 (<a href=\"https:\/\/uenf.br\/reitoria\/licitacao\/files\/2024\/01\/SEI_66031527_Oficio_Circular_3-1.pdf\" target=\"_blank\" rel=\"noopener\">Anexo<\/a>), torna p\u00fablico o\u00a0<strong>CANCELAMENTO DO AVISO <\/strong>(<a href=\"https:\/\/uenf.br\/reitoria\/licitacao\/files\/2024\/01\/PDF_21_DE_DEZEMBRO___3.pdf\" target=\"_blank\" rel=\"noopener\">Anexo<\/a>) publicado em 21\/12\/2023, na p\u00e1gina 17 do Jornal &#8220;O Dia&#8221;.<\/li>\n<\/ul>\n","protected":false},"excerpt":{"rendered":"<p>SECRETARIA DE ESTADO DE CI\u00caNCIA, TECNOLOGIA UNIVERSIDADE ESTADUAL DO NORTE FLUMINENSE DARCY RIBEIRO COMISS\u00c3O PERMANENTE DE LICITA\u00c7\u00c3O CONSULTA P\u00daBLICA DE [&hellip;]<\/p>\n","protected":false},"author":26,"featured_media":0,"parent":29,"menu_order":1,"comment_status":"closed","ping_status":"closed","template":"","meta":{"site-sidebar-layout":"default","site-content-layout":"","ast-site-content-layout":"default","site-content-style":"default","site-sidebar-style":"default","ast-global-header-display":"","ast-banner-title-visibility":"","ast-main-header-display":"","ast-hfb-above-header-display":"","ast-hfb-below-header-display":"","ast-hfb-mobile-header-display":"","site-post-title":"","ast-breadcrumbs-content":"","ast-featured-img":"","footer-sml-layout":"","ast-disable-related-posts":"","theme-transparent-header-meta":"","adv-header-id-meta":"","stick-header-meta":"","header-above-stick-meta":"","header-main-stick-meta":"","header-below-stick-meta":"","astra-migrate-meta-layouts":"default","ast-page-background-enabled":"default","ast-page-background-meta":{"desktop":{"background-color":"var(--ast-global-color-4)","background-image":"","background-repeat":"repeat","background-position":"center center","background-size":"auto","background-attachment":"scroll","background-type":"","background-media":"","overlay-type":"","overlay-color":"","overlay-opacity":"","overlay-gradient":""},"tablet":{"background-color":"","background-image":"","background-repeat":"repeat","background-position":"center center","background-size":"auto","background-attachment":"scroll","background-type":"","background-media":"","overlay-type":"","overlay-color":"","overlay-opacity":"","overlay-gradient":""},"mobile":{"background-color":"","background-image":"","background-repeat":"repeat","background-position":"center center","background-size":"auto","background-attachment":"scroll","background-type":"","background-media":"","overlay-type":"","overlay-color":"","overlay-opacity":"","overlay-gradient":""}},"ast-content-background-meta":{"desktop":{"background-color":"var(--ast-global-color-5)","background-image":"","background-repeat":"repeat","background-position":"center center","background-size":"auto","background-attachment":"scroll","background-type":"","background-media":"","overlay-type":"","overlay-color":"","overlay-opacity":"","overlay-gradient":""},"tablet":{"background-color":"var(--ast-global-color-5)","background-image":"","background-repeat":"repeat","background-position":"center center","background-size":"auto","background-attachment":"scroll","background-type":"","background-media":"","overlay-type":"","overlay-color":"","overlay-opacity":"","overlay-gradient":""},"mobile":{"background-color":"var(--ast-global-color-5)","background-image":"","background-repeat":"repeat","background-position":"center center","background-size":"auto","background-attachment":"scroll","background-type":"","background-media":"","overlay-type":"","overlay-color":"","overlay-opacity":"","overlay-gradient":""}},"footnotes":""},"class_list":["post-1567","page","type-page","status-publish","hentry"],"_links":{"self":[{"href":"https:\/\/uenf.br\/reitoria\/licitacao\/wp-json\/wp\/v2\/pages\/1567","targetHints":{"allow":["GET"]}}],"collection":[{"href":"https:\/\/uenf.br\/reitoria\/licitacao\/wp-json\/wp\/v2\/pages"}],"about":[{"href":"https:\/\/uenf.br\/reitoria\/licitacao\/wp-json\/wp\/v2\/types\/page"}],"author":[{"embeddable":true,"href":"https:\/\/uenf.br\/reitoria\/licitacao\/wp-json\/wp\/v2\/users\/26"}],"replies":[{"embeddable":true,"href":"https:\/\/uenf.br\/reitoria\/licitacao\/wp-json\/wp\/v2\/comments?post=1567"}],"version-history":[{"count":11,"href":"https:\/\/uenf.br\/reitoria\/licitacao\/wp-json\/wp\/v2\/pages\/1567\/revisions"}],"predecessor-version":[{"id":1586,"href":"https:\/\/uenf.br\/reitoria\/licitacao\/wp-json\/wp\/v2\/pages\/1567\/revisions\/1586"}],"up":[{"embeddable":true,"href":"https:\/\/uenf.br\/reitoria\/licitacao\/wp-json\/wp\/v2\/pages\/29"}],"wp:attachment":[{"href":"https:\/\/uenf.br\/reitoria\/licitacao\/wp-json\/wp\/v2\/media?parent=1567"}],"curies":[{"name":"wp","href":"https:\/\/api.w.org\/{rel}","templated":true}]}}