{"id":1642,"date":"2024-05-07T18:45:20","date_gmt":"2024-05-07T18:45:20","guid":{"rendered":"https:\/\/uenf.br\/reitoria\/licitacao\/?page_id=1642"},"modified":"2025-04-15T20:08:15","modified_gmt":"2025-04-15T20:08:15","slug":"ped-dispensa-eletronica","status":"publish","type":"page","link":"https:\/\/uenf.br\/reitoria\/licitacao\/ped-dispensa-eletronica\/","title":{"rendered":"PED &#8211; Dispensa Eletr\u00f4nica"},"content":{"rendered":"<p style=\"text-align: center\"><strong>PROCESSO ELETR\u00d4NICO DE DISPENSA<\/strong><\/p>\n<p style=\"text-align: center\"><strong>SECRETARIA DE ESTADO DE CI\u00caNCIA, TECNOLOGIA<\/strong><br \/>\n<strong> UNIVERSIDADE ESTADUAL DO NORTE FLUMINENSE DARCY RIBEIRO<\/strong><\/p>\n<p style=\"text-align: center\"><strong>A Universidade Estadual do Norte Fluminense Darcy Ribeiro torna p\u00fablico que far\u00e1 realizar no Portal do Sistema Integrado de Gest\u00e3o de Aquisi\u00e7\u00f5es do Estado do Rio de Janeiro \u2013 SIGA, pelo endere\u00e7o<a title=\"Sistema Integrado de Gest\u00e3o de Aquisi\u00e7\u00f5es\" href=\"http:\/\/www.compras.rj.gov.br\" target=\"_blank\" rel=\"noopener noreferrer\"> www.compras.rj.gov.br<\/a>, as Dispensas Eletr\u00f4nicas (PED), abaixo relacionadas:<\/strong><strong>\u00a0<\/strong><\/p>\n<hr \/>\n<hr \/>\n<p>&nbsp;<\/p>\n<p><span style=\"color: #800000\"><strong>AVISO DE DISPENSA ELETR\u00d4NICA N.\u00ba<\/strong><strong> 001\/2025<\/strong><\/span><strong><br \/>\n<\/strong><strong>CONTRATANTE: <\/strong><strong>UNIVERSIDADE ESTADUAL DO NORTE FLUMINENSE DARCY RIBEIRO \u2013 UG: 404500<br \/>\n<\/strong><strong>OBJETO: <\/strong>Contrata\u00e7\u00e3o de Servi\u00e7o de Constru\u00e7\u00e3o de Po\u00e7o Artesiano na Unidade Experimental da UENF \u2013 Antonio Sarlo, para atender as necessidades da UENF e na forma estabelecida no Projeto B\u00e1sico \u2013 Anexo A e no Processo <strong>SEI-260002\/002085\/2025<br \/>\n<\/strong><strong>VALOR DA CONTRATA\u00c7\u00c3O: R$ 119.240,05 (Cento e dezenove mil, duzentos e quarenta reais e cinco centavos).<\/strong><br \/>\n<strong>DATA DA SESS\u00c3O P\u00daBLICA: 25.04.2025 <\/strong>\u00e0s <strong>10<\/strong><strong>h<\/strong> (hor\u00e1rio de Bras\u00edlia)<br \/>\n<strong>HOR\u00c1RIO DA FASE DE LANCES: 10h \u00e0s 16h<\/strong><br \/>\n<strong>CRIT\u00c9RIO DE JULGAMENTO: Menor pre\u00e7o por item (proposta mais vantajosa)<\/strong><\/p>\n<hr \/>\n<p><span style=\"color: #800000\"><strong>AVISO DE DISPENSA ELETR\u00d4NICA N.\u00ba<\/strong><strong> 008\/2024<\/strong><\/span><strong><br \/>\n<\/strong><strong>CONTRATANTE: <\/strong><strong>UNIVERSIDADE ESTADUAL DO NORTE FLUMINENSE DARCY RIBEIRO \u2013 UG: 404500<br \/>\n<\/strong><strong>OBJETO: Aquisi\u00e7\u00e3o de Telas de proje\u00e7\u00e3o para atender as necessidades da PROGRAD\/UENF e na forma estabelecida no Termo de Refer\u00eancia \u2013 Anexo 01 e no Processo SEI-60002\/006131\/2024.<br \/>\n<\/strong><strong>VALOR DA CONTRATA\u00c7\u00c3O: <\/strong><strong>R$ 6.353,79 (Seis mil, trezentos e cinquenta e tr\u00eas reais e setenta e nove centavos)<\/strong>.<br \/>\n<strong>DATA DA SESS\u00c3O P\u00daBLICA: <\/strong>Dia <strong>06.12.2024 <\/strong>\u00e0s <strong>10<\/strong><strong>h<\/strong> (hor\u00e1rio de Bras\u00edlia)<br \/>\n<strong>HOR\u00c1RIO DA FASE DE LANCES: 10h \u00e0s 16h<\/strong><br \/>\n<strong>CRIT\u00c9RIO DE JULGAMENTO: Menor pre\u00e7o por item (proposta mais vantajosa)<\/strong><\/p>\n<hr \/>\n<p><span style=\"color: #800000\"><strong>AVISO DE DISPENSA ELETR\u00d4NICA N.\u00ba<\/strong><strong> 007\/2024<\/strong><\/span><strong><br \/>\n<\/strong><strong>CONTRATANTE: <\/strong><strong>UNIVERSIDADE ESTADUAL DO NORTE FLUMINENSE DARCY RIBEIRO \u2013 UG: 404500<br \/>\n<\/strong><strong>OBJETO: Contrata\u00e7\u00e3o de servi\u00e7o de adequa\u00e7\u00f5es na Casa de Cultura Villa Maria, para atender as necessidades da UENF e na forma estabelecida no Projeto B\u00e1sico \u2013 Anexo A e no Processo SEI-260002\/006021\/2024<br \/>\n<\/strong><strong>VALOR DA CONTRATA\u00c7\u00c3O: <\/strong><strong>R$ 96.175,12 (Noventa e seis mil, cento e setenta e cinco reais e doze centavos)<\/strong>.<br \/>\n<strong>DATA DA SESS\u00c3O P\u00daBLICA: <\/strong>Dia <strong>02.12.2024 <\/strong>\u00e0s <strong>10<\/strong><strong>h<\/strong> (hor\u00e1rio de Bras\u00edlia)<br \/>\n<strong>HOR\u00c1RIO DA FASE DE LANCES: 10h \u00e0s 16h<\/strong><br \/>\n<strong>CRIT\u00c9RIO DE JULGAMENTO: <\/strong>Menor pre\u00e7o por item (proposta mais vantajosa)<\/p>\n<hr \/>\n<p><span style=\"color: #800000\"><strong>AVISO DE DISPENSA ELETR\u00d4NICA N.\u00ba<\/strong><strong> 006\/2024<\/strong><\/span><strong><br \/>\n<\/strong><strong>CONTRATANTE: <\/strong><strong>UNIVERSIDADE ESTADUAL DO NORTE FLUMINENSE DARCY RIBEIRO \u2013 UG: 404500<br \/>\n<\/strong><strong>OBJETO: Aquisi\u00e7\u00e3o de caixas de som para atender as necessidades da UENF e na forma estabelecida no Termo de Refer\u00eancia \u2013 Anexo 01 e no Processo SEI-260002\/006132\/2024 <\/strong><strong><br \/>\n<\/strong><strong>VALOR DA CONTRATA\u00c7\u00c3O: R$ 19.852,35 (Dezenove mil, oitocentos e cinquenta e dois reais e trinta e cinco centavos).<\/strong><br \/>\n<strong>DATA DA SESS\u00c3O P\u00daBLICA: <\/strong>Dia <strong>21.11.2024 <\/strong>\u00e0s <strong>10<\/strong><strong>h<\/strong> (hor\u00e1rio de Bras\u00edlia)<br \/>\n<strong>CRIT\u00c9RIO DE JULGAMENTO: <\/strong>Menor pre\u00e7o por item (proposta mais vantajosa)<\/p>\n<hr \/>\n<p><span style=\"color: #800000\"><strong>AVISO DE DISPENSA ELETR\u00d4NICA N.\u00ba<\/strong><strong> 005\/2024<\/strong><\/span><strong><br \/>\n<\/strong><strong>CONTRATANTE: <\/strong><strong>UNIVERSIDADE ESTADUAL DO NORTE FLUMINENSE DARCY RIBEIRO \u2013 UG: 404500<br \/>\n<\/strong><strong>OBJETO: Aquisi\u00e7\u00e3o de Microfones para atender as necessidades da UENF e na forma estabelecida no Termo de Refer\u00eancia \u2013 Anexo 01 e no Processo SEI-60002\/006133\/2024<\/strong><strong><br \/>\n<\/strong><strong>VALOR DA CONTRATA\u00c7\u00c3O: R$ 14.386,45 (Catorze mil, trezentos e oitenta e seis reais e quarenta e cinco centavos).<\/strong><br \/>\n<strong>DATA DA SESS\u00c3O P\u00daBLICA: <\/strong>Dia <strong>19<\/strong><strong>.11.2024<\/strong> \u00e0s <strong>10<\/strong><strong>h<\/strong> (hor\u00e1rio de Bras\u00edlia)<br \/>\n<strong>CRIT\u00c9RIO DE JULGAMENTO: <\/strong>Menor pre\u00e7o por item (proposta mais vantajosa)<\/p>\n<hr \/>\n<p><span style=\"color: #800000\"><strong>AVISO DE DISPENSA ELETR\u00d4NICA N.\u00ba<\/strong><strong> 90004\/2024\u00a0<\/strong><\/span><strong><br \/>\n<\/strong><strong>CONTRATANTE: <\/strong><strong>UNIVERSIDADE ESTADUAL DO NORTE FLUMINENSE DARCY RIBEIRO \u2013 UG: 404500<br \/>\n<\/strong><strong>OBJETO: Aquisi\u00e7\u00e3o de itens de vidraria para atender as necessidades da UENF, na forma estabelecida no Termo de Refer\u00eancia \u2013 Anexo 01 e no Processo SEI-260009\/05777\/2023<\/strong><strong><br \/>\n<\/strong><strong>VALOR DA CONTRATA\u00c7\u00c3O: R$ 25.149,10 (vinte e cinco mil, cento e quarenta e nove reais e dez centavos). <\/strong><br \/>\n<strong>DATA DA SESS\u00c3O P\u00daBLICA: <\/strong>Dia <strong>12<\/strong><strong>.11.2024<\/strong> \u00e0s <strong>10<\/strong><strong>h<\/strong> (hor\u00e1rio de Bras\u00edlia)<br \/>\n<strong>CRIT\u00c9RIO DE JULGAMENTO: <\/strong>Menor pre\u00e7o por item (proposta mais vantajosa)<\/p>\n<hr \/>\n<p><span style=\"color: #800000\"><strong>AVISO DE DISPENSA ELETR\u00d4NICA N.\u00ba<\/strong><strong> 90003\/2024<\/strong><\/span><strong><br \/>\n<\/strong><strong>CONTRATANTE: <\/strong><strong>UNIVERSIDADE ESTADUAL DO NORTE FLUMINENSE DARCY RIBEIRO \u2013 UG: 404500<br \/>\n<\/strong><strong>OBJETO: <\/strong>Aquisi\u00e7\u00e3o de discos antibiograma para atender as necessidades da UENF, na forma estabelecida no Termo de Refer\u00eancia \u2013 Anexo 01 e no Processo <strong>SEI-260009\/05779\/2023<br \/>\n<\/strong><strong>VALOR DA CONTRATA\u00c7\u00c3O: R$ 2.936,88 (Dois mil, novecentos e trinta e seis reais e oitenta e oito centavos).<\/strong><br \/>\n<strong>DATA DA SESS\u00c3O P\u00daBLICA: <\/strong>Dia <strong>11<\/strong><strong>.11.2024<\/strong> \u00e0s <strong>10<\/strong><strong>h<\/strong> (hor\u00e1rio de Bras\u00edlia)<br \/>\n<strong>CRIT\u00c9RIO DE JULGAMENTO: <\/strong>Menor pre\u00e7o por item (proposta mais vantajosa)<\/p>\n<hr \/>\n<p><span style=\"color: #800000\"><strong>AVISO DE DISPENSA ELETR\u00d4NICA N.\u00ba<\/strong><strong> 002\/2024<\/strong><\/span><strong><br \/>\n<\/strong><strong>CONTRATANTE: <\/strong><strong>UNIVERSIDADE ESTADUAL DO NORTE FLUMINENSE DARCY RIBEIRO \u2013 UG: 404500<br \/>\n<\/strong><strong>OBJETO: <\/strong>Contrata\u00e7\u00e3o de servi\u00e7os gr\u00e1ficos para atender as necessidades da UENF, na forma estabelecida no Termo de Refer\u00eancia \u2013 Anexo 01 e no Processo <strong>SEI-260009\/05783\/2023<br \/>\n<\/strong><strong>VALOR DA CONTRATA\u00c7\u00c3O: <\/strong><strong>R$ 58.950,00 (Cinquenta e oito mil e novecentos e cinquenta reais)<\/strong>.<br \/>\n<strong>DATA DA SESS\u00c3O P\u00daBLICA: <\/strong>Dia <strong>08.11.2024<\/strong> \u00e0s <strong>10<\/strong><strong>h<\/strong> (hor\u00e1rio de Bras\u00edlia)<br \/>\n<strong>CRIT\u00c9RIO DE JULGAMENTO: <\/strong>Menor pre\u00e7o por item (proposta mais vantajosa)<\/p>\n<hr \/>\n<p style=\"text-align: justify\"><span style=\"color: #800000\"><strong>AVISO DE DISPENSA ELETR\u00d4NICA N.\u00ba<\/strong><strong> 001<\/strong><\/span><strong><span style=\"color: #800000\">\/2024<\/span><br \/>\n<\/strong><strong>CONTRATANTE: <\/strong><strong>UNIVERSIDADE ESTADUAL DO NORTE FLUMINENSE DARCY RIBEIRO \u2013 UG: 404500<br \/>\n<\/strong><strong>OBJETO: <\/strong>Presta\u00e7\u00e3o de servi\u00e7os de hospedagem para atender as necessidades da UENF e na forma estabelecida no Termo de Refer\u00eancia \u2013 Anexo 01 e no Processo <strong>SEI-260002\/001655\/2024<br \/>\n<\/strong><strong>VALOR DA CONTRATA\u00c7\u00c3O: <\/strong><strong>R$ 59.575,58 (Cinquenta e nove mil, quinhentos e setenta e cinco reais e cinquenta e oito centavos)<\/strong>.<br \/>\n<strong>DATA DA SESS\u00c3O P\u00daBLICA: <\/strong>Dia <strong>10<\/strong><strong>.05.2024<\/strong> \u00e0s <strong>10<\/strong><strong>h<\/strong> (hor\u00e1rio de Bras\u00edlia)<br \/>\n<strong>CRIT\u00c9RIO DE JULGAMENTO: <\/strong>Menor pre\u00e7o (proposta mais vantajosa)<\/p>\n<p><strong>RESULTADO: <a href=\"https:\/\/pncp.gov.br\/app\/editais\/42498600000171\/2024\/3099\" target=\"_blank\" rel=\"noopener\">acesse aqui<\/a><\/strong><\/p>\n","protected":false},"excerpt":{"rendered":"<p>PROCESSO ELETR\u00d4NICO DE DISPENSA SECRETARIA DE ESTADO DE CI\u00caNCIA, TECNOLOGIA UNIVERSIDADE ESTADUAL DO NORTE FLUMINENSE DARCY RIBEIRO A Universidade Estadual [&hellip;]<\/p>\n","protected":false},"author":26,"featured_media":0,"parent":0,"menu_order":3,"comment_status":"closed","ping_status":"closed","template":"","meta":{"site-sidebar-layout":"default","site-content-layout":"","ast-site-content-layout":"default","site-content-style":"default","site-sidebar-style":"default","ast-global-header-display":"","ast-banner-title-visibility":"","ast-main-header-display":"","ast-hfb-above-header-display":"","ast-hfb-below-header-display":"","ast-hfb-mobile-header-display":"","site-post-title":"","ast-breadcrumbs-content":"","ast-featured-img":"","footer-sml-layout":"","ast-disable-related-posts":"","theme-transparent-header-meta":"","adv-header-id-meta":"","stick-header-meta":"","header-above-stick-meta":"","header-main-stick-meta":"","header-below-stick-meta":"","astra-migrate-meta-layouts":"default","ast-page-background-enabled":"default","ast-page-background-meta":{"desktop":{"background-color":"var(--ast-global-color-4)","background-image":"","background-repeat":"repeat","background-position":"center center","background-size":"auto","background-attachment":"scroll","background-type":"","background-media":"","overlay-type":"","overlay-color":"","overlay-opacity":"","overlay-gradient":""},"tablet":{"background-color":"","background-image":"","background-repeat":"repeat","background-position":"center center","background-size":"auto","background-attachment":"scroll","background-type":"","background-media":"","overlay-type":"","overlay-color":"","overlay-opacity":"","overlay-gradient":""},"mobile":{"background-color":"","background-image":"","background-repeat":"repeat","background-position":"center center","background-size":"auto","background-attachment":"scroll","background-type":"","background-media":"","overlay-type":"","overlay-color":"","overlay-opacity":"","overlay-gradient":""}},"ast-content-background-meta":{"desktop":{"background-color":"var(--ast-global-color-5)","background-image":"","background-repeat":"repeat","background-position":"center center","background-size":"auto","background-attachment":"scroll","background-type":"","background-media":"","overlay-type":"","overlay-color":"","overlay-opacity":"","overlay-gradient":""},"tablet":{"background-color":"var(--ast-global-color-5)","background-image":"","background-repeat":"repeat","background-position":"center center","background-size":"auto","background-attachment":"scroll","background-type":"","background-media":"","overlay-type":"","overlay-color":"","overlay-opacity":"","overlay-gradient":""},"mobile":{"background-color":"var(--ast-global-color-5)","background-image":"","background-repeat":"repeat","background-position":"center center","background-size":"auto","background-attachment":"scroll","background-type":"","background-media":"","overlay-type":"","overlay-color":"","overlay-opacity":"","overlay-gradient":""}},"footnotes":""},"class_list":["post-1642","page","type-page","status-publish","hentry"],"_links":{"self":[{"href":"https:\/\/uenf.br\/reitoria\/licitacao\/wp-json\/wp\/v2\/pages\/1642","targetHints":{"allow":["GET"]}}],"collection":[{"href":"https:\/\/uenf.br\/reitoria\/licitacao\/wp-json\/wp\/v2\/pages"}],"about":[{"href":"https:\/\/uenf.br\/reitoria\/licitacao\/wp-json\/wp\/v2\/types\/page"}],"author":[{"embeddable":true,"href":"https:\/\/uenf.br\/reitoria\/licitacao\/wp-json\/wp\/v2\/users\/26"}],"replies":[{"embeddable":true,"href":"https:\/\/uenf.br\/reitoria\/licitacao\/wp-json\/wp\/v2\/comments?post=1642"}],"version-history":[{"count":26,"href":"https:\/\/uenf.br\/reitoria\/licitacao\/wp-json\/wp\/v2\/pages\/1642\/revisions"}],"predecessor-version":[{"id":1782,"href":"https:\/\/uenf.br\/reitoria\/licitacao\/wp-json\/wp\/v2\/pages\/1642\/revisions\/1782"}],"wp:attachment":[{"href":"https:\/\/uenf.br\/reitoria\/licitacao\/wp-json\/wp\/v2\/media?parent=1642"}],"curies":[{"name":"wp","href":"https:\/\/api.w.org\/{rel}","templated":true}]}}