{"id":2,"date":"2012-08-01T19:59:05","date_gmt":"2012-08-01T19:59:05","guid":{"rendered":"http:\/\/uenf.br\/reitoria\/licitacao\/?page_id=2"},"modified":"2025-10-30T23:06:26","modified_gmt":"2025-10-30T23:06:26","slug":"home","status":"publish","type":"page","link":"https:\/\/uenf.br\/reitoria\/licitacao\/","title":{"rendered":"Home"},"content":{"rendered":"<p style=\"text-align: justify\"><a href=\"http:\/\/uenf.br\/reitoria\/licitacao\/files\/2012\/08\/imagem.jpg\"><img loading=\"lazy\" decoding=\"async\" class=\"size-medium wp-image-503 aligncenter\" src=\"http:\/\/uenf.br\/reitoria\/licitacao\/files\/2012\/08\/imagem-300x206.jpg\" alt=\"imagem\" width=\"242\" height=\"166\" srcset=\"https:\/\/uenf.br\/reitoria\/licitacao\/files\/2012\/08\/imagem-300x206.jpg 300w, https:\/\/uenf.br\/reitoria\/licitacao\/files\/2012\/08\/imagem-150x103.jpg 150w, https:\/\/uenf.br\/reitoria\/licitacao\/files\/2012\/08\/imagem-400x275.jpg 400w, https:\/\/uenf.br\/reitoria\/licitacao\/files\/2012\/08\/imagem.jpg 599w\" sizes=\"auto, (max-width: 242px) 100vw, 242px\" \/><\/a><\/p>\n<p style=\"text-align: center\"><strong>LINKS IMPORTANTES:<\/strong><\/p>\n<p style=\"text-align: center\"><a href=\"https:\/\/uenf.br\/reitoria\/licitacao\/files\/2025\/10\/Lei_licitacoes_contratos_administrativos_2ed.pdf\" target=\"_blank\" rel=\"noopener\">Lei Federal n\u00ba 14.133\/2021<\/a><\/p>\n<p style=\"text-align: center\">Sistema Integrado de Gest\u00e3o de Aquisi\u00e7\u00e3o (<a href=\"http:\/\/www.compras.rj.gov.br\" target=\"_blank\" rel=\"noopener\">www.compras.rj.gov.br<\/a>)<\/p>\n<p style=\"text-align: center\">Portal Sistema Eletr\u00f4nico de Informa\u00e7\u00f5es (<a href=\"https:\/\/portalsei.rj.gov.br\/\" target=\"_blank\" rel=\"noopener\">https:\/\/portalsei.rj.gov.br\/<\/a>)<\/p>\n<p style=\"text-align: center\">Portal Nacional de Contrata\u00e7\u00f5es P\u00fablicas &#8211; PNCP (<a href=\"https:\/\/www.gov.br\/pncp\/\" target=\"_blank\" rel=\"noopener\">https:\/\/www.gov.br\/pncp\/<\/a>)<\/p>\n<p style=\"text-align: center\">Legisla\u00e7\u00e3o correlata do Estado do Rio de Janeiro\u00a0 (<a href=\"https:\/\/redelog.rj.gov.br\/redelog\/legislacao-licitacoes\/\" target=\"_blank\" rel=\"noopener\">https:\/\/redelog.rj.gov.br\/redelog\/legislacao-licitacoes\/<\/a>)<\/p>\n<p>&nbsp;<\/p>\n<p>&nbsp;<\/p>\n<p>&nbsp;<\/p>\n<p>&nbsp;<\/p>\n","protected":false},"excerpt":{"rendered":"<p>LINKS IMPORTANTES: Lei Federal n\u00ba 14.133\/2021 Sistema Integrado de Gest\u00e3o de Aquisi\u00e7\u00e3o (www.compras.rj.gov.br) Portal Sistema Eletr\u00f4nico de Informa\u00e7\u00f5es (https:\/\/portalsei.rj.gov.br\/) Portal [&hellip;]<\/p>\n","protected":false},"author":26,"featured_media":0,"parent":0,"menu_order":1,"comment_status":"closed","ping_status":"closed","template":"","meta":{"site-sidebar-layout":"default","site-content-layout":"","ast-site-content-layout":"default","site-content-style":"default","site-sidebar-style":"default","ast-global-header-display":"","ast-banner-title-visibility":"","ast-main-header-display":"","ast-hfb-above-header-display":"","ast-hfb-below-header-display":"","ast-hfb-mobile-header-display":"","site-post-title":"","ast-breadcrumbs-content":"","ast-featured-img":"","footer-sml-layout":"","ast-disable-related-posts":"","theme-transparent-header-meta":"default","adv-header-id-meta":"","stick-header-meta":"","header-above-stick-meta":"","header-main-stick-meta":"","header-below-stick-meta":"","astra-migrate-meta-layouts":"set","ast-page-background-enabled":"default","ast-page-background-meta":{"desktop":{"background-color":"var(--ast-global-color-4)","background-image":"","background-repeat":"repeat","background-position":"center center","background-size":"auto","background-attachment":"scroll","background-type":"","background-media":"","overlay-type":"","overlay-color":"","overlay-opacity":"","overlay-gradient":""},"tablet":{"background-color":"","background-image":"","background-repeat":"repeat","background-position":"center center","background-size":"auto","background-attachment":"scroll","background-type":"","background-media":"","overlay-type":"","overlay-color":"","overlay-opacity":"","overlay-gradient":""},"mobile":{"background-color":"","background-image":"","background-repeat":"repeat","background-position":"center center","background-size":"auto","background-attachment":"scroll","background-type":"","background-media":"","overlay-type":"","overlay-color":"","overlay-opacity":"","overlay-gradient":""}},"ast-content-background-meta":{"desktop":{"background-color":"var(--ast-global-color-5)","background-image":"","background-repeat":"repeat","background-position":"center center","background-size":"auto","background-attachment":"scroll","background-type":"","background-media":"","overlay-type":"","overlay-color":"","overlay-opacity":"","overlay-gradient":""},"tablet":{"background-color":"var(--ast-global-color-5)","background-image":"","background-repeat":"repeat","background-position":"center center","background-size":"auto","background-attachment":"scroll","background-type":"","background-media":"","overlay-type":"","overlay-color":"","overlay-opacity":"","overlay-gradient":""},"mobile":{"background-color":"var(--ast-global-color-5)","background-image":"","background-repeat":"repeat","background-position":"center center","background-size":"auto","background-attachment":"scroll","background-type":"","background-media":"","overlay-type":"","overlay-color":"","overlay-opacity":"","overlay-gradient":""}},"footnotes":""},"class_list":["post-2","page","type-page","status-publish","hentry"],"_links":{"self":[{"href":"https:\/\/uenf.br\/reitoria\/licitacao\/wp-json\/wp\/v2\/pages\/2","targetHints":{"allow":["GET"]}}],"collection":[{"href":"https:\/\/uenf.br\/reitoria\/licitacao\/wp-json\/wp\/v2\/pages"}],"about":[{"href":"https:\/\/uenf.br\/reitoria\/licitacao\/wp-json\/wp\/v2\/types\/page"}],"author":[{"embeddable":true,"href":"https:\/\/uenf.br\/reitoria\/licitacao\/wp-json\/wp\/v2\/users\/26"}],"replies":[{"embeddable":true,"href":"https:\/\/uenf.br\/reitoria\/licitacao\/wp-json\/wp\/v2\/comments?post=2"}],"version-history":[{"count":21,"href":"https:\/\/uenf.br\/reitoria\/licitacao\/wp-json\/wp\/v2\/pages\/2\/revisions"}],"predecessor-version":[{"id":1949,"href":"https:\/\/uenf.br\/reitoria\/licitacao\/wp-json\/wp\/v2\/pages\/2\/revisions\/1949"}],"wp:attachment":[{"href":"https:\/\/uenf.br\/reitoria\/licitacao\/wp-json\/wp\/v2\/media?parent=2"}],"curies":[{"name":"wp","href":"https:\/\/api.w.org\/{rel}","templated":true}]}}