{"id":2001,"date":"2026-03-17T18:04:26","date_gmt":"2026-03-17T18:04:26","guid":{"rendered":"https:\/\/uenf.br\/reitoria\/licitacao\/?page_id=2001"},"modified":"2026-04-09T15:17:25","modified_gmt":"2026-04-09T15:17:25","slug":"licitacao-2026","status":"publish","type":"page","link":"https:\/\/uenf.br\/reitoria\/licitacao\/licitacoes\/licitacao-2026\/","title":{"rendered":"Licita\u00e7\u00f5es 2026"},"content":{"rendered":"<p style=\"text-align: center\"><strong>SECRETARIA DE ESTADO DE CI\u00caNCIA, TECNOLOGIA<\/strong><br \/>\n<strong>UNIVERSIDADE ESTADUAL DO NORTE FLUMINENSE DARCY RIBEIRO<\/strong><\/p>\n<p style=\"text-align: center\"><strong style=\"font-size: 16px\"><em>SETOR DE LICITA\u00c7\u00d5ES<\/em><\/strong><\/p>\n<p style=\"text-align: left\">A UNIVERSIDADE ESTADUAL DO NORTE FLUMINENSE DARCY RIBEIRO &#8211; UENF torna p\u00fablico aos interessados que realizar\u00e1 no portal de compras do Estado do Rio de Janeiro (SIGA), endere\u00e7o eletr\u00f4nico www.compras.rj.gov.br, as licita\u00e7\u00f5es, abaixo relacionadas:<\/p>\n<hr \/>\n<p><strong>Os Editais e anexos est\u00e3o dispon\u00edveis para consulta p\u00fablica neste site, no Sistema Eletr\u00f4nico de Informa\u00e7\u00f5es do Estado do Rio de Janeiro &#8211; SEI-RJ (<a href=\"https:\/\/portalsei.rj.gov.br\/\" target=\"_blank\" rel=\"noopener\">www.sei.rj.gov.br)<\/a> e no Portal Nacional de Compras P\u00fablicas &#8211; PNCP (<a href=\"https:\/\/www.gov.br\/pncp\/pt-br\" target=\"_blank\" rel=\"noopener\">https:\/\/www.gov.br\/pncp\/pt-br<\/a>), conforme disposto no artigo 54 da Lei Federal n\u00ba 14.133\/21.<\/strong><\/p>\n<p><strong>Os processos possuem link direto ao portal do Sistema Eletr\u00f4nico de Informa\u00e7\u00f5es do Estado do Rio de Janeiro &#8211; SEI-RJ<\/strong><\/p>\n<hr \/>\n<p><strong><span style=\"color: #800000\">PREG\u00c3O ELETR\u00d4NICO UENF N\u00ba 005\/2026<\/span><br \/>\n<\/strong><strong>PROCESSO<\/strong> n\u00ba <a href=\"https:\/\/sei.rj.gov.br\/sei\/modulos\/pesquisa\/md_pesq_processo_exibir.php?rhvLNMLonhi2QStBSsTZGiGoQmCrLQaX2XhbnBMJ8pkwCR3ymzAH-pH3jSIrZ5qWOweyB9pzdjQy283MIK0o53jiRNdIFOBgb3PKqChW4eWqXIEsCDUF-GQ_Gk_N6O3l\" target=\"_blank\" rel=\"noopener\">SEI-260002\/001023\/2026<\/a><br \/>\n<strong>TIPO:<\/strong> Menor Pre\u00e7o Global por lote<br \/>\n<strong>OBJETO:<\/strong> Aquisi\u00e7\u00e3o de aparelhos de ar condicionado para atender \u00e0s necessidades da UENF<br \/>\n<strong>VALOR ESTIMADO:<\/strong> R$ 1.433.586,50 (Um milh\u00e3o, quatrocentos e trinta e tr\u00eas mil, quinhentos e oitenta e seis reais e cinquenta centavos).<br \/>\n<strong>IN\u00cdCIO ACOLHIMENTO DAS PROPOSTAS:<\/strong> <strong>08\/04\/2026, \u00e0s 17 horas.<br \/>\n<\/strong><strong>LIMITE ACOLHIMENTO DE PROPOSTAS: 27\/04\/2026, \u00e0s 14 horas.<br \/>\n<\/strong><strong>REALIZA\u00c7\u00c3O DA SESS\u00c3O P\u00daBLICA DE LANCES: 27\/04\/2026, \u00e0s 15 horas.<\/strong><strong>(hor\u00e1rios de Bras\u00edlia)<\/strong><\/p>\n<ul>\n<li><strong>ARQUIVOS: <a href=\"https:\/\/uenf.br\/reitoria\/licitacao\/files\/2026\/04\/Edital_PE_005_26.zip\">Edital e Anexos<\/a><\/strong><\/li>\n<\/ul>\n<hr \/>\n<p><strong><span style=\"color: #800000\">PREG\u00c3O ELETR\u00d4NICO UENF N\u00ba 004\/2026 (SUSPENSO)<\/span><br \/>\n<\/strong><strong>PROCESSO<\/strong> n\u00ba <a href=\"https:\/\/sei.rj.gov.br\/sei\/modulos\/pesquisa\/md_pesq_processo_exibir.php?IC2o8Z7ACQH4LdQ4jJLJzjPBiLtP6l2FsQacllhUf-duzEubalut9yvd8-CzYYNLu7pd-wiM0k633-D6khhQNYGSrTxyiUkwWWVGO6rG3G8Ml-B6BCFhAwbXXI6Y4yHX\" target=\"_blank\" rel=\"noopener\">SEI-260002\/005356\/2024<\/a><br \/>\n<strong>TIPO:<\/strong> Menor Pre\u00e7o Global por lote<br \/>\n<strong>OBJETO:<\/strong> Contrata\u00e7\u00e3o do servi\u00e7o de Elabora\u00e7\u00e3o de <strong>Projetos Executivos de Instala\u00e7\u00f5es de Combate a Inc\u00eandio e P\u00e2nico e de Sistema de Prote\u00e7\u00e3o contra Descargas Atmosf\u00e9ricas (SPDA)<\/strong> dos Pr\u00e9dios do <em>Campus <\/em>da UENF.<br \/>\n<strong>VALOR ESTIMADO:<\/strong> R$ 552.114,40 (Quinhentos e cinquenta e dois mil, cento e catorze reais e quarenta centavos).<br \/>\n<strong>IN\u00cdCIO ACOLHIMENTO DAS PROPOSTAS: 13\/03\/2025, \u00e0s 17 horas.<br \/>\n<\/strong><strong>LIMITE ACOLHIMENTO DE PROPOSTAS: 01\/04\/2025, \u00e0s 14 horas.<br \/>\n<\/strong><strong>REALIZA\u00c7\u00c3O DA SESS\u00c3O P\u00daBLICA DE LANCES: 01\/04\/2025, \u00e0s 15 horas.<\/strong><strong>(hor\u00e1rios de Bras\u00edlia)<\/strong><\/p>\n<ul>\n<li><strong>AVISO DE SUSPENS\u00c3O:<\/strong> A Universidade Estadual do Norte Fluminense Darcy Ribeiro torna p\u00fablico o\u00a0 cancelamento do aviso publicado em 13\/03\/2026 e a suspens\u00e3o sine die, da licita\u00e7\u00e3o na modalidade Preg\u00e3o Eletr\u00f4nico n\u00ba 004\/2026 (Processo n\u00ba SEI- 260002\/005356\/2024) referente \u00e0 contrata\u00e7\u00e3o do servi\u00e7o de Elabora\u00e7\u00e3o de Projetos Executivos de Instala\u00e7\u00f5es de Combate a Inc\u00eandio e P\u00e2nico e de Sistema de Prote\u00e7\u00e3o contra Descargas Atmosf\u00e9ricas (SPDA) dos Pr\u00e9dios do Campus da UENF, prevista para ser realizada em 01\/04\/2026, tendo em vista a necessidade de atendimento aos pedidos de esclarecimentos e de impugna\u00e7\u00e3o em rela\u00e7\u00e3o ao Edital em ep\u00edgrafe. A nova data para realiza\u00e7\u00e3o do certame ser\u00e1 oportunamente publicada.<\/li>\n<li><strong>ARQUIVOS: Edital e Anexos<\/strong><\/li>\n<\/ul>\n<hr \/>\n<p><strong><span style=\"color: #800000\">PREG\u00c3O ELETR\u00d4NICO UENF N\u00ba 003\/2026<\/span><br \/>\n<\/strong><strong>PROCESSO<\/strong> n\u00ba <a href=\"https:\/\/sei.rj.gov.br\/sei\/modulos\/pesquisa\/md_pesq_processo_exibir.php?rhvLNMLonhi2QStBSsTZGiGoQmCrLQaX2XhbnBMJ8pkwCR3ymzAH-pH3jSIrZ5qWOweyB9pzdjQy283MIK0o54mBgK7fkyRWUhJ7IofUZb6PaZ_YhPwAabRzkVBUYtwF\" target=\"_blank\" rel=\"noopener\">SEI-260002\/001381\/2025<\/a><br \/>\n<strong>TIPO:<\/strong> Menor Pre\u00e7o Global por lote<br \/>\n<strong>OBJETO:<\/strong> Aquisi\u00e7\u00e3o de <strong>computadores de alta performance<\/strong> para a realiza\u00e7\u00e3o dos servi\u00e7os de produ\u00e7\u00e3o audiovisual da UENF<br \/>\n<strong>VALOR ESTIMADO:<\/strong> R$ 680.516,00 (Seiscentos e oitenta mil, quinhentos e dezesseis reais).<br \/>\n<strong>IN\u00cdCIO ACOLHIMENTO DAS PROPOSTAS: 13\/03\/2025, \u00e0s 17 horas.<br \/>\n<\/strong><strong>LIMITE ACOLHIMENTO DE PROPOSTAS: 31\/03\/2025, \u00e0s 15 horas.<br \/>\n<\/strong><strong>REALIZA\u00c7\u00c3O DA SESS\u00c3O P\u00daBLICA DE LANCES: 31\/03\/2025, \u00e0s 16 horas.<br \/>\n<\/strong><strong>(hor\u00e1rios de Bras\u00edlia)<\/strong><\/p>\n<ul>\n<li><strong>ARQUIVOS: <a href=\"https:\/\/uenf.br\/reitoria\/licitacao\/files\/2026\/03\/Edital_PE_003-3.zip\">Edital e Anexos<\/a><\/strong><\/li>\n<\/ul>\n<hr \/>\n<p><strong><span style=\"color: #800000\">PREG\u00c3O ELETR\u00d4NICO UENF N\u00ba 002\/2026<\/span><br \/>\n<\/strong><strong>PROCESSO<\/strong> n\u00ba SEI-260002\/003085\/2025<br \/>\n<strong>TIPO:<\/strong> Menor Pre\u00e7o Global por lote<br \/>\n<strong>OBJETO:<\/strong> Contrata\u00e7\u00e3o de empresa especializada na presta\u00e7\u00e3o de servi\u00e7os de <strong>recarga e manuten\u00e7\u00e3o de extintores de inc\u00eandio<\/strong>, com fornecimento de materiais e m\u00e3o de obra, abrangendo a recarga e manuten\u00e7\u00e3o de extintores, inspe\u00e7\u00f5es t\u00e9cnicas, testes e substitui\u00e7\u00f5es quando necess\u00e1rio, emiss\u00e3o de laudos e certificados, para atender as necessidades da UENF.<br \/>\n<strong>VALOR ESTIMADO:<\/strong> R$ 204.897,83 (Duzentos e quatro mil e oitocentos e noventa e sete reais e oitenta e tr\u00eas centavos).<br \/>\n<strong>IN\u00cdCIO ACOLHIMENTO DAS PROPOSTAS: 13\/03\/2025, \u00e0s 17 horas.<br \/>\n<\/strong><strong>LIMITE ACOLHIMENTO DE PROPOSTAS: 31\/03\/2025, \u00e0s 14 horas.<br \/>\n<\/strong><strong>REALIZA\u00c7\u00c3O DA SESS\u00c3O P\u00daBLICA DE LANCES: 31\/03\/2025, \u00e0s 15 horas.<br \/>\n<\/strong><strong>(hor\u00e1rios de Bras\u00edlia)<\/strong><\/p>\n<ul>\n<li><strong>ARQUIVOS: <a href=\"https:\/\/uenf.br\/reitoria\/licitacao\/files\/2026\/03\/Edital_PE_002.zip\">Edital e Anexos<\/a><\/strong><\/li>\n<\/ul>\n<hr \/>\n<p><strong><span style=\"color: #800000\">PREG\u00c3O ELETR\u00d4NICO UENF N\u00ba 001\/2026 (SUSPENSO)<\/span><br \/>\n<\/strong><strong>PROCESSO<\/strong> n\u00ba <a href=\"https:\/\/sei.rj.gov.br\/sei\/modulos\/pesquisa\/md_pesq_processo_exibir.php?rhvLNMLonhi2QStBSsTZGiGoQmCrLQaX2XhbnBMJ8pkwCR3ymzAH-pH3jSIrZ5qWOweyB9pzdjQy283MIK0o56Wx7Ukye2RAKaZwLhJeNDWhMsKKdDWuU1Jx_NHG6suG\" target=\"_blank\" rel=\"noopener\">SEI-260002\/005148\/2025<\/a><br \/>\n<strong>TIPO:<\/strong> Menor Pre\u00e7o Global por lote<br \/>\n<strong>OBJETO:<\/strong> Contrata\u00e7\u00e3o de empresa especializada para presta\u00e7\u00e3o de servi\u00e7os de <strong>condutores de ve\u00edculos,<\/strong> com regime de dedica\u00e7\u00e3o de m\u00e3o de obra exclusiva, para atender as necessidades da UENF.<br \/>\n<strong>VALOR ESTIMADO:<\/strong> R$ 4.660.306,20 (Quatro milh\u00f5es, seiscentos e sessenta mil, trezentos e seis reais e vinte centavos).<br \/>\n<strong>IN\u00cdCIO ACOLHIMENTO DAS PROPOSTAS: 13\/03\/2025, \u00e0s 17 horas.<br \/>\n<\/strong><strong>LIMITE ACOLHIMENTO DE PROPOSTAS: 30\/03\/2025, \u00e0s 15 horas.<br \/>\n<\/strong><strong>REALIZA\u00c7\u00c3O DA SESS\u00c3O P\u00daBLICA DE LANCES: 30\/03\/2025, \u00e0s 16 horas.<br \/>\n<\/strong><strong>(hor\u00e1rios de Bras\u00edlia)<\/strong><\/p>\n<ul>\n<li>A Universidade Estadual do Norte Fluminense Darcy Ribeiro torna p\u00fablico o <strong>cancelamento do aviso<\/strong> publicado em 13\/03\/2026 e a <strong>suspens\u00e3o <em>sine die<\/em><\/strong><em>,<\/em> da licita\u00e7\u00e3o na modalidade <strong>Preg\u00e3o Eletr\u00f4nico n\u00ba 001\/2026 (Processo n\u00ba SEI-260002\/005148\/2025)<\/strong> referente \u00e0 <strong>contrata\u00e7\u00e3o de empresa especializada para presta\u00e7\u00e3o de servi\u00e7os de condutores de ve\u00edculos, com regime de dedica\u00e7\u00e3o exclusiva de m\u00e3o de obra, para atender as necessidades da UENF,<\/strong> prevista para ser realizada em <strong>30\/03\/2026<\/strong>, tendo em vista a necessidade de atendimento aos pedidos de esclarecimentos em rela\u00e7\u00e3o ao Edital em ep\u00edgrafe. A nova data para realiza\u00e7\u00e3o do certame ser\u00e1 oportunamente publicada.<\/li>\n<li><strong><a href=\"https:\/\/uenf.br\/reitoria\/licitacao\/files\/2026\/03\/esclarecimentos-001-1.pdf\" target=\"_blank\" rel=\"noopener\">Esclarecimentos<\/a><\/strong><\/li>\n<li><strong>ARQUIVOS: <a href=\"https:\/\/uenf.br\/reitoria\/licitacao\/files\/2026\/03\/Edital_PE_001-2.zip\">Edital e Anexos<\/a><\/strong><\/li>\n<\/ul>\n<hr \/>\n<p><strong><span style=\"color: #800000\">PREG\u00c3O ELETR\u00d4NICO UENF N\u00ba 009\/2025 R1<\/span><br \/>\n<\/strong><strong>PROCESSO<\/strong> n\u00ba <a href=\"https:\/\/sei.rj.gov.br\/sei\/modulos\/pesquisa\/md_pesq_processo_exibir.php?rhvLNMLonhi2QStBSsTZGiGoQmCrLQaX2XhbnBMJ8pkwCR3ymzAH-pH3jSIrZ5qWOweyB9pzdjQy283MIK0o55Rr9w2Q9-sGRoHXjknL1OVsJfJssL0wa5734-ZOeu8P\" target=\"_blank\" rel=\"noopener\">SEI-260002\/003595\/2025<\/a><br \/>\n<strong>TIPO:<\/strong> Menor Pre\u00e7o Global por lote<br \/>\n<strong>OBJETO:<\/strong> Aquisi\u00e7\u00e3o de <strong>cadeiras<\/strong> para atender \u00e0s necessidades da Universidade Estadual do Norte Fluminense Darcy Ribeiro.<br \/>\n<strong>VALOR ESTIMADO:<\/strong> R$ 1.022,473,50 (Um milh\u00e3o, vinte e dois mil, quatrocentos e setenta e tr\u00eas reais e cinquenta centavos).<br \/>\n<strong>IN\u00cdCIO ACOLHIMENTO DAS PROPOSTAS: 13\/03\/2025, \u00e0s 17 horas.<br \/>\n<\/strong><strong>LIMITE ACOLHIMENTO DE PROPOSTAS: 30\/03\/2025, \u00e0s 14 horas.<br \/>\n<\/strong><strong>REALIZA\u00c7\u00c3O DA SESS\u00c3O P\u00daBLICA DE LANCES: 30\/03\/2025, \u00e0s 15 horas.<br \/>\n<\/strong><strong>(hor\u00e1rios de Bras\u00edlia)<\/strong><\/p>\n<ul>\n<li><strong>ARQUIVOS: <a href=\"https:\/\/uenf.br\/reitoria\/licitacao\/files\/2026\/03\/Edital_PE_009_R1.zip\">Edital e Anexos<\/a><\/strong><\/li>\n<\/ul>\n","protected":false},"excerpt":{"rendered":"<p>SECRETARIA DE ESTADO DE CI\u00caNCIA, TECNOLOGIA UNIVERSIDADE ESTADUAL DO NORTE FLUMINENSE DARCY RIBEIRO SETOR DE LICITA\u00c7\u00d5ES A UNIVERSIDADE ESTADUAL DO [&hellip;]<\/p>\n","protected":false},"author":26,"featured_media":0,"parent":1803,"menu_order":0,"comment_status":"closed","ping_status":"closed","template":"","meta":{"site-sidebar-layout":"default","site-content-layout":"","ast-site-content-layout":"default","site-content-style":"default","site-sidebar-style":"default","ast-global-header-display":"","ast-banner-title-visibility":"","ast-main-header-display":"","ast-hfb-above-header-display":"","ast-hfb-below-header-display":"","ast-hfb-mobile-header-display":"","site-post-title":"","ast-breadcrumbs-content":"","ast-featured-img":"","footer-sml-layout":"","ast-disable-related-posts":"","theme-transparent-header-meta":"default","adv-header-id-meta":"","stick-header-meta":"","header-above-stick-meta":"","header-main-stick-meta":"","header-below-stick-meta":"","astra-migrate-meta-layouts":"set","ast-page-background-enabled":"default","ast-page-background-meta":{"desktop":{"background-color":"var(--ast-global-color-4)","background-image":"","background-repeat":"repeat","background-position":"center center","background-size":"auto","background-attachment":"scroll","background-type":"","background-media":"","overlay-type":"","overlay-color":"","overlay-opacity":"","overlay-gradient":""},"tablet":{"background-color":"","background-image":"","background-repeat":"repeat","background-position":"center center","background-size":"auto","background-attachment":"scroll","background-type":"","background-media":"","overlay-type":"","overlay-color":"","overlay-opacity":"","overlay-gradient":""},"mobile":{"background-color":"","background-image":"","background-repeat":"repeat","background-position":"center center","background-size":"auto","background-attachment":"scroll","background-type":"","background-media":"","overlay-type":"","overlay-color":"","overlay-opacity":"","overlay-gradient":""}},"ast-content-background-meta":{"desktop":{"background-color":"var(--ast-global-color-5)","background-image":"","background-repeat":"repeat","background-position":"center center","background-size":"auto","background-attachment":"scroll","background-type":"","background-media":"","overlay-type":"","overlay-color":"","overlay-opacity":"","overlay-gradient":""},"tablet":{"background-color":"var(--ast-global-color-5)","background-image":"","background-repeat":"repeat","background-position":"center center","background-size":"auto","background-attachment":"scroll","background-type":"","background-media":"","overlay-type":"","overlay-color":"","overlay-opacity":"","overlay-gradient":""},"mobile":{"background-color":"var(--ast-global-color-5)","background-image":"","background-repeat":"repeat","background-position":"center center","background-size":"auto","background-attachment":"scroll","background-type":"","background-media":"","overlay-type":"","overlay-color":"","overlay-opacity":"","overlay-gradient":""}},"footnotes":""},"class_list":["post-2001","page","type-page","status-publish","hentry"],"_links":{"self":[{"href":"https:\/\/uenf.br\/reitoria\/licitacao\/wp-json\/wp\/v2\/pages\/2001","targetHints":{"allow":["GET"]}}],"collection":[{"href":"https:\/\/uenf.br\/reitoria\/licitacao\/wp-json\/wp\/v2\/pages"}],"about":[{"href":"https:\/\/uenf.br\/reitoria\/licitacao\/wp-json\/wp\/v2\/types\/page"}],"author":[{"embeddable":true,"href":"https:\/\/uenf.br\/reitoria\/licitacao\/wp-json\/wp\/v2\/users\/26"}],"replies":[{"embeddable":true,"href":"https:\/\/uenf.br\/reitoria\/licitacao\/wp-json\/wp\/v2\/comments?post=2001"}],"version-history":[{"count":19,"href":"https:\/\/uenf.br\/reitoria\/licitacao\/wp-json\/wp\/v2\/pages\/2001\/revisions"}],"predecessor-version":[{"id":2033,"href":"https:\/\/uenf.br\/reitoria\/licitacao\/wp-json\/wp\/v2\/pages\/2001\/revisions\/2033"}],"up":[{"embeddable":true,"href":"https:\/\/uenf.br\/reitoria\/licitacao\/wp-json\/wp\/v2\/pages\/1803"}],"wp:attachment":[{"href":"https:\/\/uenf.br\/reitoria\/licitacao\/wp-json\/wp\/v2\/media?parent=2001"}],"curies":[{"name":"wp","href":"https:\/\/api.w.org\/{rel}","templated":true}]}}