{"id":1170,"date":"2022-12-07T14:29:44","date_gmt":"2022-12-07T14:29:44","guid":{"rendered":"https:\/\/uenf.br\/reitoria\/nucest\/?page_id=1170"},"modified":"2024-07-31T14:09:09","modified_gmt":"2024-07-31T14:09:09","slug":"avaliacao-de-estagio","status":"publish","type":"page","link":"https:\/\/uenf.br\/reitoria\/nucest\/avaliacao-de-estagio\/","title":{"rendered":"Avalia\u00e7\u00e3o de Est\u00e1gio"},"content":{"rendered":"<p>&nbsp;<\/p>\n<p><strong><span style=\"color: #ff0000\">ATEN\u00c7\u00c3O:<\/span><\/strong><\/p>\n<div>Seguindo o determinado no termo de compromisso, o(a) estagi\u00e1rio(a) dever\u00e1 realizar a avalia\u00e7\u00e3o do est\u00e1gio para formalizar o encerramento do seu est\u00e1gio. Sem tal provid\u00eancia, a(o) aluna(o) se encontrar\u00e1 em pend\u00eancia e n\u00e3o poder\u00e1 fazer novas solicita\u00e7\u00f5es de est\u00e1gio at\u00e9 que a situa\u00e7\u00e3o seja regularizada.<\/div>\n<div><\/div>\n<div>Para agilizar o processo, a avalia\u00e7\u00e3o est\u00e1 sendo feita on-line. Escolha uma das op\u00e7\u00f5es abaixo e acesse o link:<\/div>\n<div><\/div>\n<ul>\n<li>Aluno UENF \/ Presencial<span style=\"color: #0000ff\"> (<a href=\"https:\/\/docs.google.com\/forms\/d\/e\/1FAIpQLSd-XGscZTUhp2n5p3mSCWcoxU6vP-5zAY2dB_j5Ewal-M45lw\/viewform\">clique aqui<\/a>)<\/span><\/li>\n<li>Aluno UENF \/ CEDERJ <span style=\"color: #0000ff\">(<a href=\"https:\/\/docs.google.com\/forms\/d\/e\/1FAIpQLSc16Kg1x0r2eS53N4LJl1mhcucBbbfkGExfS5uKzWXVP_iyvg\/viewform\">clique aqui<\/a>)<\/span><\/li>\n<li>Aluno de outras institui\u00e7\u00f5es <span style=\"color: #0000ff\">(<a href=\"https:\/\/docs.google.com\/forms\/d\/e\/1FAIpQLSdY4940NORU5L-ideE2uAWVGsM3g4Aoo5hZVbWMY6ZE028hDg\/viewform\">clique aqui<\/a>)<\/span><\/li>\n<\/ul>\n<p>&nbsp;<\/p>\n<p><span style=\"color: #ff0000\"><strong>ATEN\u00c7\u00c3O:<\/strong><\/span><\/p>\n<p><span style=\"color: #0000ff\"><strong>PARA QUEM REALIZA EST\u00c1GIO REMUNERADO NA UENF:<\/strong><\/span><\/p>\n<p>Se o est\u00e1gio for interrompido, por qualquer motivo,\u00a0<strong>ANTES<\/strong>\u00a0da data estipulada no termo de compromisso, o estagi\u00e1rio dever\u00e1\u00a0<strong>OBRIGATORIAMENTE<\/strong>, realizar a avalia\u00e7\u00e3o IMEDIATAMENTE (ou seja, no dia da sa\u00edda do est\u00e1gio). Al\u00e9m disso, ap\u00f3s fazer a avalia\u00e7\u00e3o, o estagi\u00e1rio dever\u00e1 encaminhar um e-mail para o NUCEST informando o t\u00e9rmino do est\u00e1gio.<\/p>\n<p>Caso o procedimento n\u00e3o seja realizado conforme indicado e o aluno receber bolsa referente aos meses n\u00e3o trabalhados, o valor recebido indevidamente dever\u00e1 ser devolvido.<\/p>\n","protected":false},"excerpt":{"rendered":"<p>&nbsp; ATEN\u00c7\u00c3O: Seguindo o determinado no termo de compromisso, o(a) estagi\u00e1rio(a) dever\u00e1 realizar a avalia\u00e7\u00e3o do est\u00e1gio para formalizar o&#8230;<\/p>\n","protected":false},"author":35,"featured_media":0,"parent":0,"menu_order":6,"comment_status":"closed","ping_status":"closed","template":"","meta":{"footnotes":""},"class_list":["post-1170","page","type-page","status-publish","hentry"],"_links":{"self":[{"href":"https:\/\/uenf.br\/reitoria\/nucest\/wp-json\/wp\/v2\/pages\/1170","targetHints":{"allow":["GET"]}}],"collection":[{"href":"https:\/\/uenf.br\/reitoria\/nucest\/wp-json\/wp\/v2\/pages"}],"about":[{"href":"https:\/\/uenf.br\/reitoria\/nucest\/wp-json\/wp\/v2\/types\/page"}],"author":[{"embeddable":true,"href":"https:\/\/uenf.br\/reitoria\/nucest\/wp-json\/wp\/v2\/users\/35"}],"replies":[{"embeddable":true,"href":"https:\/\/uenf.br\/reitoria\/nucest\/wp-json\/wp\/v2\/comments?post=1170"}],"version-history":[{"count":0,"href":"https:\/\/uenf.br\/reitoria\/nucest\/wp-json\/wp\/v2\/pages\/1170\/revisions"}],"wp:attachment":[{"href":"https:\/\/uenf.br\/reitoria\/nucest\/wp-json\/wp\/v2\/media?parent=1170"}],"curies":[{"name":"wp","href":"https:\/\/api.w.org\/{rel}","templated":true}]}}