{"id":1259,"date":"2023-08-15T14:33:57","date_gmt":"2023-08-15T14:33:57","guid":{"rendered":"https:\/\/uenf.br\/reitoria\/nucest\/?page_id=1259"},"modified":"2024-07-31T13:59:57","modified_gmt":"2024-07-31T13:59:57","slug":"cederj-pedagogia-estagio-obrigatorio","status":"publish","type":"page","link":"https:\/\/uenf.br\/reitoria\/nucest\/cederj-pedagogia-estagio-obrigatorio\/","title":{"rendered":"CEDERJ Pedagogia"},"content":{"rendered":"<p><strong>EST\u00c1GIO OBRIGAT\u00d3RIO<\/strong><\/p>\n<ul>\n<li><a href=\"https:\/\/uenf.br\/reitoria\/nucest\/cederj-pedagogia-seeduc\/\">A ser realizado em Escolas \/ Col\u00e9gios Estaduais<\/a><\/li>\n<li><a href=\"https:\/\/uenf.br\/reitoria\/nucest\/cederj-pedagogia-outras-instituicoes\/\">A ser realizado em outras institui\u00e7\u00f5es de ensino<\/a><\/li>\n<\/ul>\n","protected":false},"excerpt":{"rendered":"<p>EST\u00c1GIO OBRIGAT\u00d3RIO A ser realizado em Escolas \/ Col\u00e9gios Estaduais A ser realizado em outras institui\u00e7\u00f5es de ensino<\/p>\n","protected":false},"author":35,"featured_media":0,"parent":0,"menu_order":0,"comment_status":"closed","ping_status":"closed","template":"","meta":{"footnotes":""},"class_list":["post-1259","page","type-page","status-publish","hentry"],"_links":{"self":[{"href":"https:\/\/uenf.br\/reitoria\/nucest\/wp-json\/wp\/v2\/pages\/1259","targetHints":{"allow":["GET"]}}],"collection":[{"href":"https:\/\/uenf.br\/reitoria\/nucest\/wp-json\/wp\/v2\/pages"}],"about":[{"href":"https:\/\/uenf.br\/reitoria\/nucest\/wp-json\/wp\/v2\/types\/page"}],"author":[{"embeddable":true,"href":"https:\/\/uenf.br\/reitoria\/nucest\/wp-json\/wp\/v2\/users\/35"}],"replies":[{"embeddable":true,"href":"https:\/\/uenf.br\/reitoria\/nucest\/wp-json\/wp\/v2\/comments?post=1259"}],"version-history":[{"count":0,"href":"https:\/\/uenf.br\/reitoria\/nucest\/wp-json\/wp\/v2\/pages\/1259\/revisions"}],"wp:attachment":[{"href":"https:\/\/uenf.br\/reitoria\/nucest\/wp-json\/wp\/v2\/media?parent=1259"}],"curies":[{"name":"wp","href":"https:\/\/api.w.org\/{rel}","templated":true}]}}