{"id":1302,"date":"2023-08-16T09:58:28","date_gmt":"2023-08-16T09:58:28","guid":{"rendered":"https:\/\/uenf.br\/reitoria\/nucest\/?page_id=1302"},"modified":"2026-02-03T22:20:57","modified_gmt":"2026-02-03T22:20:57","slug":"matematica-cederj","status":"publish","type":"page","link":"https:\/\/uenf.br\/reitoria\/nucest\/matematica-cederj\/","title":{"rendered":"Matem\u00e1tica CEDERJ"},"content":{"rendered":"<ul>\n<li><a href=\"https:\/\/uenf.br\/reitoria\/nucest\/cederj-matematica\/\">Est\u00e1gio Obrigat\u00f3rio<\/a><\/li>\n<li><a href=\"https:\/\/uenf.br\/reitoria\/nucest\/estagio-nao-obrigatorio-cederj\/\">Est\u00e1gio N\u00e3o Obrigat\u00f3rio<\/a><\/li>\n<\/ul>\n","protected":false},"excerpt":{"rendered":"<p>Est\u00e1gio Obrigat\u00f3rio Est\u00e1gio N\u00e3o Obrigat\u00f3rio<\/p>\n","protected":false},"author":35,"featured_media":0,"parent":0,"menu_order":0,"comment_status":"closed","ping_status":"closed","template":"","meta":{"footnotes":""},"class_list":["post-1302","page","type-page","status-publish","hentry"],"_links":{"self":[{"href":"https:\/\/uenf.br\/reitoria\/nucest\/wp-json\/wp\/v2\/pages\/1302","targetHints":{"allow":["GET"]}}],"collection":[{"href":"https:\/\/uenf.br\/reitoria\/nucest\/wp-json\/wp\/v2\/pages"}],"about":[{"href":"https:\/\/uenf.br\/reitoria\/nucest\/wp-json\/wp\/v2\/types\/page"}],"author":[{"embeddable":true,"href":"https:\/\/uenf.br\/reitoria\/nucest\/wp-json\/wp\/v2\/users\/35"}],"replies":[{"embeddable":true,"href":"https:\/\/uenf.br\/reitoria\/nucest\/wp-json\/wp\/v2\/comments?post=1302"}],"version-history":[{"count":0,"href":"https:\/\/uenf.br\/reitoria\/nucest\/wp-json\/wp\/v2\/pages\/1302\/revisions"}],"wp:attachment":[{"href":"https:\/\/uenf.br\/reitoria\/nucest\/wp-json\/wp\/v2\/media?parent=1302"}],"curies":[{"name":"wp","href":"https:\/\/api.w.org\/{rel}","templated":true}]}}