{"id":1328,"date":"2023-08-16T13:09:42","date_gmt":"2023-08-16T13:09:42","guid":{"rendered":"https:\/\/uenf.br\/reitoria\/nucest\/?page_id=1328"},"modified":"2026-02-03T20:23:15","modified_gmt":"2026-02-03T20:23:15","slug":"engenharia-meteorologica-cederj","status":"publish","type":"page","link":"https:\/\/uenf.br\/reitoria\/nucest\/engenharia-meteorologica-cederj\/","title":{"rendered":"Engenharia Meteorol\u00f3gica CEDERJ"},"content":{"rendered":"<ul>\n<li><a href=\"https:\/\/uenf.br\/reitoria\/nucest\/cederj-engenharia-meteorologica\/\">Est\u00e1gio Obrigat\u00f3rio<\/a><\/li>\n<li><a href=\"https:\/\/uenf.br\/reitoria\/nucest\/estagio-nao-obrigatorio-cederj\/\">Est\u00e1gio N\u00e3o-obrigat\u00f3rio<\/a><\/li>\n<\/ul>\n","protected":false},"excerpt":{"rendered":"<p>Est\u00e1gio Obrigat\u00f3rio Est\u00e1gio N\u00e3o-obrigat\u00f3rio<\/p>\n","protected":false},"author":35,"featured_media":0,"parent":0,"menu_order":0,"comment_status":"closed","ping_status":"closed","template":"","meta":{"footnotes":""},"class_list":["post-1328","page","type-page","status-publish","hentry"],"_links":{"self":[{"href":"https:\/\/uenf.br\/reitoria\/nucest\/wp-json\/wp\/v2\/pages\/1328","targetHints":{"allow":["GET"]}}],"collection":[{"href":"https:\/\/uenf.br\/reitoria\/nucest\/wp-json\/wp\/v2\/pages"}],"about":[{"href":"https:\/\/uenf.br\/reitoria\/nucest\/wp-json\/wp\/v2\/types\/page"}],"author":[{"embeddable":true,"href":"https:\/\/uenf.br\/reitoria\/nucest\/wp-json\/wp\/v2\/users\/35"}],"replies":[{"embeddable":true,"href":"https:\/\/uenf.br\/reitoria\/nucest\/wp-json\/wp\/v2\/comments?post=1328"}],"version-history":[{"count":0,"href":"https:\/\/uenf.br\/reitoria\/nucest\/wp-json\/wp\/v2\/pages\/1328\/revisions"}],"wp:attachment":[{"href":"https:\/\/uenf.br\/reitoria\/nucest\/wp-json\/wp\/v2\/media?parent=1328"}],"curies":[{"name":"wp","href":"https:\/\/api.w.org\/{rel}","templated":true}]}}