{"id":1332,"date":"2023-08-16T13:21:42","date_gmt":"2023-08-16T13:21:42","guid":{"rendered":"https:\/\/uenf.br\/reitoria\/nucest\/?page_id=1332"},"modified":"2024-07-31T13:59:06","modified_gmt":"2024-07-31T13:59:06","slug":"cederj-engenharia-meteorologica","status":"publish","type":"page","link":"https:\/\/uenf.br\/reitoria\/nucest\/cederj-engenharia-meteorologica\/","title":{"rendered":"CEDERJ Engenharia Meteorol\u00f3gica"},"content":{"rendered":"<p><strong>EST\u00c1GIO OBRIGAT\u00d3RIO<\/strong><\/p>\n<p><span style=\"color: #0000ff\">Conforme estabelecido na 376\u00aa C\u00e2mara de Gradua\u00e7\u00e3o da UENF, os termos de compromisso devem ser apresentados para an\u00e1lise e assinatura do NUCEST <strong><span style=\"color: #ff0000\">antes<\/span><\/strong> da data de in\u00edcio do est\u00e1gio.<\/span><\/p>\n<ul>\n<li><a href=\"https:\/\/uenf.br\/reitoria\/nucest\/files\/2023\/08\/CEDERJ_2023Termo-de-Compromisso_OBRIGATORIO.pdf\">Termo de Compromisso_OBRIGAT\u00d3RIO<\/a><\/li>\n<\/ul>\n<p>&nbsp;<\/p>\n<p><strong><span style=\"color: #ff0000\">ATEN\u00c7\u00c3O:<\/span><\/strong><\/p>\n<p>Nos casos em que o termo de compromisso utilizado n\u00e3o seguir o modelo da UENF, ser\u00e1 necess\u00e1rio apresentar o formul\u00e1rio de solicita\u00e7\u00e3o de est\u00e1gio. Para acessar o formul\u00e1rio, <span style=\"color: #0000ff\"><a style=\"color: #0000ff\" href=\"https:\/\/uenf.br\/reitoria\/nucest\/files\/2019\/07\/CEDERJ_Formul\u00e1rio-de-Solicita\u00e7\u00e3o-de-Est\u00e1gio-OBRIGAT\u00d3RIO.pdf\">clique aqui<\/a><\/span>.<\/p>\n","protected":false},"excerpt":{"rendered":"<p>EST\u00c1GIO OBRIGAT\u00d3RIO Conforme estabelecido na 376\u00aa C\u00e2mara de Gradua\u00e7\u00e3o da UENF, os termos de compromisso devem ser apresentados para an\u00e1lise&#8230;<\/p>\n","protected":false},"author":35,"featured_media":0,"parent":0,"menu_order":0,"comment_status":"closed","ping_status":"closed","template":"","meta":{"footnotes":""},"class_list":["post-1332","page","type-page","status-publish","hentry"],"_links":{"self":[{"href":"https:\/\/uenf.br\/reitoria\/nucest\/wp-json\/wp\/v2\/pages\/1332","targetHints":{"allow":["GET"]}}],"collection":[{"href":"https:\/\/uenf.br\/reitoria\/nucest\/wp-json\/wp\/v2\/pages"}],"about":[{"href":"https:\/\/uenf.br\/reitoria\/nucest\/wp-json\/wp\/v2\/types\/page"}],"author":[{"embeddable":true,"href":"https:\/\/uenf.br\/reitoria\/nucest\/wp-json\/wp\/v2\/users\/35"}],"replies":[{"embeddable":true,"href":"https:\/\/uenf.br\/reitoria\/nucest\/wp-json\/wp\/v2\/comments?post=1332"}],"version-history":[{"count":0,"href":"https:\/\/uenf.br\/reitoria\/nucest\/wp-json\/wp\/v2\/pages\/1332\/revisions"}],"wp:attachment":[{"href":"https:\/\/uenf.br\/reitoria\/nucest\/wp-json\/wp\/v2\/media?parent=1332"}],"curies":[{"name":"wp","href":"https:\/\/api.w.org\/{rel}","templated":true}]}}