{"id":1452,"date":"2025-03-17T18:51:53","date_gmt":"2025-03-17T18:51:53","guid":{"rendered":"https:\/\/uenf.br\/reitoria\/nucest\/?page_id=1452"},"modified":"2026-02-03T19:25:49","modified_gmt":"2026-02-03T19:25:49","slug":"edital-de-estagio","status":"publish","type":"page","link":"https:\/\/uenf.br\/reitoria\/nucest\/edital-de-estagio\/","title":{"rendered":"Edital de Est\u00e1gio"},"content":{"rendered":"<ul>\n<li><strong>Edital NUCEST\/UENF 05\/2025<\/strong><\/li>\n<\/ul>\n<div>A UENF abriu processo seletivo de est\u00e1gio remunerado. S\u00e3o 08 (oito) vagas no total para atuar na UENF.<\/div>\n<div><span style=\"color: #ffffff\">.<\/span><\/div>\n<div>Para a cidade de Campos as oportunidades est\u00e3o voltadas para estudantes dos cursos de Direito, Radiologia e Engenharia Ambiental. Para Maca\u00e9 s\u00e3o ofertadas vagas para os estudantes de Administra\u00e7\u00e3o, Administra\u00e7\u00e3o P\u00fablica, Ci\u00eancias da Computa\u00e7\u00e3o, Engenharia da Computa\u00e7\u00e3o, Engenharia de Controle e Automa\u00e7\u00e3o e An\u00e1lise e Desenvolvimento de Sistemas.<\/div>\n<div><\/div>\n<div><\/div>\n<p>As inscri\u00e7\u00f5es est\u00e3o abertas at\u00e9 o dia 26\/10\/25. Para acessar o edital, <a href=\"https:\/\/uenf.br\/reitoria\/nucest\/files\/2025\/10\/Edital-NUCEST-05_25.pdf\">clique aqui<\/a>.<\/p>\n<ul>\n<li>Resultado do Edital de Est\u00e1gio NUCEST\/UENF 05\/2025. Para saber mais, <a href=\"https:\/\/uenf.br\/reitoria\/nucest\/files\/2025\/10\/Edital-05_2025.pdf\">clique aqui<\/a>. (Publicado em 27\/10\/25)<\/li>\n<li>Resultado Final do Edital de Est\u00e1gio NUCEST\/UENF 05\/2025 <a href=\"https:\/\/uenf.br\/reitoria\/nucest\/files\/2025\/10\/Edital-05_2025-1.pdf\">clique aqui<\/a>. (Publicado em 28\/10\/25)<\/li>\n<\/ul>\n<p>&#8230;&#8230;&#8230;&#8230;&#8230;&#8230;&#8230;&#8230;&#8230;&#8230;&#8230;&#8230;&#8230;&#8230;&#8230;&#8230;&#8230;&#8230;&#8230;&#8230;&#8230;&#8230;&#8230;&#8230;&#8230;&#8230;&#8230;&#8230;&#8230;&#8230;&#8230;&#8230;&#8230;&#8230;&#8230;&#8230;&#8230;&#8230;&#8230;&#8230;&#8230;&#8230;&#8230;&#8230;&#8230;&#8230;&#8230;&#8230;&#8230;&#8230;&#8230;&#8230;&#8230;&#8230;&#8230;&#8230;&#8230;&#8230;&#8230;&#8230;&#8230;..<\/p>\n<ul>\n<li><strong>Edital UENF\/PMCG 01\/2025<\/strong><\/li>\n<\/ul>\n<div>A UENF abriu processo seletivo de est\u00e1gio remunerado. S\u00e3o 20 (vinte) vagas no total para atuar na UENF.<\/div>\n<div><span style=\"color: #ffffff\">.<\/span><\/div>\n<div>As oportunidades est\u00e3o voltadas para estudantes dos cursos de Gradua\u00e7\u00e3o em Hist\u00f3ria, Geografia, Tecnologia em An\u00e1lise e Desenvolvimento de Sistemas, Ci\u00eancias Sociais, Administra\u00e7\u00e3o P\u00fablica e Direito. As inscri\u00e7\u00f5es estar\u00e3o abertas at\u00e9 o dia 26\/09\/2025.<\/div>\n<div><\/div>\n<div>Para acessar o edital, <a href=\"https:\/\/uenf.br\/reitoria\/nucest\/files\/2025\/09\/Edital-UENF_PMCG-01_2025.pdf\">Clique aqui<\/a><\/div>\n<div><\/div>\n<p>Resultado Preliminar &#8211; <a href=\"https:\/\/uenf.br\/reitoria\/nucest\/files\/2025\/10\/Classificacao-Parcial-Processo-Seletivo-2025.pdf\">Clique aqui <\/a>\u00a0 \u00a0 \u00a0&#8211;\u00a0 Prazo de Recurso: 06\/10\/25<\/p>\n<p>Resultado dos Recursos &#8211; <a href=\"https:\/\/uenf.br\/reitoria\/nucest\/files\/2025\/10\/Recursos-1.pdf\">Clique Aqui<\/a><\/p>\n<p>Classifica\u00e7\u00e3o Final (1\u00aa Etapa) p\u00f3s recursos &#8211;\u00a0 <a href=\"https:\/\/uenf.br\/reitoria\/nucest\/files\/2025\/10\/Classificacao-Final-1a-fase-Processo-Seletivo-2025.pdf\">Clique Aqui\u00a0<\/a><\/p>\n<p><strong>RESULTADO FINAL E CONVOCA\u00c7\u00c3O &#8211; <a href=\"https:\/\/uenf.br\/reitoria\/nucest\/files\/2025\/10\/Resultado-Final-Processo-Seletivo-2025.pdf\">CLIQUE AQUI<\/a><\/strong><\/p>\n<p>&nbsp;<\/p>\n<p>&nbsp;<\/p>\n<p>&#8230;&#8230;&#8230;&#8230;&#8230;&#8230;&#8230;&#8230;&#8230;&#8230;&#8230;&#8230;&#8230;&#8230;&#8230;&#8230;&#8230;&#8230;&#8230;&#8230;&#8230;&#8230;&#8230;&#8230;&#8230;&#8230;&#8230;&#8230;&#8230;&#8230;&#8230;&#8230;&#8230;&#8230;&#8230;&#8230;&#8230;&#8230;&#8230;&#8230;&#8230;&#8230;&#8230;&#8230;&#8230;&#8230;&#8230;&#8230;&#8230;&#8230;&#8230;&#8230;&#8230;&#8230;&#8230;&#8230;&#8230;&#8230;&#8230;&#8230;&#8230;.<\/p>\n<p>&nbsp;<\/p>\n<ul>\n<li><strong>Edital NUCEST\/UENF 04\/2025<\/strong><\/li>\n<\/ul>\n<div>A UENF abriu processo seletivo de est\u00e1gio remunerado. S\u00e3o 08 (oito) vagas no total para atuar na UENF.<\/div>\n<div><span style=\"color: #ffffff\">.<\/span><\/div>\n<div><\/div>\n<div>As oportunidades est\u00e3o voltadas para estudantes dos cursos de Gradua\u00e7\u00e3o em Administra\u00e7\u00e3o, Administra\u00e7\u00e3o P\u00fablica, Arquitetura, Ci\u00eancias Cont\u00e1beis, Ci\u00eancias da Computa\u00e7\u00e3o, Ci\u00eancias Cont\u00e1beis, Economia, Engenharia Ambiental, Engenharia Civil, Engenharia de Produ\u00e7\u00e3o e Gest\u00e3o Hospitalar. Para o ensino m\u00e9dio t\u00e9cnico, a vaga \u00e9 para o curso t\u00e9cnico em Radiologia..<\/div>\n<div><\/div>\n<div><\/div>\n<div><\/div>\n<div>As inscri\u00e7\u00f5es estar\u00e3o abertas at\u00e9 o dia 20\/06\/25. Para acessar o edital, <span style=\"color: #0000ff\"><a style=\"color: #0000ff\" href=\"https:\/\/uenf.br\/reitoria\/nucest\/files\/2025\/06\/Edital-NUCEST-04_25.pdf\">clique aqui<\/a><\/span>.<\/div>\n<div><\/div>\n<div><strong><span style=\"color: #ff0000\">ATEN\u00c7\u00c3O:<\/span> <\/strong>Errata do edital. Para acessar, <a href=\"https:\/\/uenf.br\/reitoria\/nucest\/files\/2025\/06\/Errata-Edital-04_2025.pdf\">clique aqui<\/a>.<\/div>\n<div><span style=\"color: #ff0000\"><strong>ATEN\u00c7\u00c3O:<\/strong><\/span> Errata do edital. Para acessar, <a href=\"https:\/\/uenf.br\/reitoria\/nucest\/files\/2025\/06\/Errata02_Edital-04_2025.pdf\">clique aqui<\/a>.<\/div>\n<div><\/div>\n<ul>\n<li>Resultado do Edital de Est\u00e1gio NUCEST\/UENF 04\/2025. Para saber mais, <a href=\"https:\/\/uenf.br\/reitoria\/nucest\/files\/2025\/06\/Edital-04_25.pdf\">clique aqui<\/a>. (publicado em 23\/06\/25)<\/li>\n<li>Resultado Final do Edital de Est\u00e1gio NUCEST\/UENF 04\/2025. Para saber mais, <a href=\"https:\/\/uenf.br\/reitoria\/nucest\/files\/2025\/06\/04_25.pdf\">clique aqui<\/a>. (publicado em 24\/06\/025)<\/li>\n<\/ul>\n<p>&nbsp;<\/p>\n<p>&#8230;&#8230;&#8230;&#8230;&#8230;&#8230;&#8230;&#8230;&#8230;&#8230;&#8230;&#8230;&#8230;&#8230;&#8230;&#8230;&#8230;&#8230;&#8230;&#8230;&#8230;&#8230;&#8230;&#8230;&#8230;&#8230;&#8230;&#8230;&#8230;&#8230;&#8230;&#8230;&#8230;&#8230;&#8230;&#8230;&#8230;&#8230;&#8230;&#8230;&#8230;&#8230;&#8230;&#8230;&#8230;&#8230;&#8230;&#8230;&#8230;&#8230;&#8230;&#8230;&#8230;&#8230;&#8230;&#8230;&#8230;&#8230;&#8230;&#8230;&#8230;.<\/p>\n<p>&nbsp;<\/p>\n<ul>\n<li><strong>\u00a0Edital NUCEST\/UENF 03\/2025<\/strong><\/li>\n<\/ul>\n<div>A UENF abriu processo seletivo de est\u00e1gio remunerado. S\u00e3o 04 (quatro) vagas no total para atuar no <em>campus<\/em> da UENF, em Maca\u00e9.<\/div>\n<div><span style=\"color: #ffffff\">.<\/span><\/div>\n<div><\/div>\n<div>As oportunidades est\u00e3o voltadas para estudantes dos cursos de Gradua\u00e7\u00e3o em Administra\u00e7\u00e3o, Administra\u00e7\u00e3o P\u00fablica, An\u00e1lise e Desenvolvimento de Sistemas, Ci\u00eancias da Computa\u00e7\u00e3o, Ci\u00eancias Cont\u00e1beis, Engenharia de Computa\u00e7\u00e3o e Engenharia de Controle e Automa\u00e7\u00e3o.<\/div>\n<div><\/div>\n<div><\/div>\n<div><\/div>\n<div>As inscri\u00e7\u00f5es estar\u00e3o abertas at\u00e9 o dia 20\/06\/25. Para acessar o edital, <span style=\"color: #0000ff\"><a style=\"color: #0000ff\" href=\"https:\/\/uenf.br\/reitoria\/nucest\/files\/2025\/06\/Edital-NUCEST-03_25.pdf\">clique aqui<\/a><\/span>.<\/div>\n<div><\/div>\n<div><span style=\"color: #ff0000\"><strong>ATEN\u00c7\u00c3O:<\/strong><\/span> Errata do edital. Para acessar, <a href=\"https:\/\/uenf.br\/reitoria\/nucest\/files\/2025\/06\/Errata-Edital-03_2025.pdf\">clique aqui<\/a>.<\/div>\n<div><\/div>\n<div>\n<ul>\n<li>Resultado Final do Edital de Est\u00e1gio NUCEST\/UENF 03\/2025. Para saber mais, <a href=\"https:\/\/uenf.br\/reitoria\/nucest\/files\/2025\/06\/03_2025a.pdf\">clique aqui<\/a>. (publicado em 24\/06\/25)<\/li>\n<li>Resultado do Edital de Est\u00e1gio NUCEST\/UENF 03\/2025. Para saber mais, <a href=\"https:\/\/uenf.br\/reitoria\/nucest\/files\/2025\/06\/03_2025a.pdf\">clique aqui<\/a>. (publicado em 23\/06\/25)<\/li>\n<\/ul>\n<\/div>\n<p>&nbsp;<\/p>\n<p>&#8230;&#8230;&#8230;&#8230;&#8230;&#8230;&#8230;&#8230;&#8230;&#8230;&#8230;&#8230;&#8230;&#8230;&#8230;&#8230;&#8230;&#8230;&#8230;&#8230;&#8230;&#8230;&#8230;&#8230;&#8230;&#8230;&#8230;&#8230;&#8230;&#8230;&#8230;&#8230;&#8230;&#8230;&#8230;&#8230;&#8230;&#8230;&#8230;&#8230;&#8230;&#8230;&#8230;&#8230;&#8230;&#8230;&#8230;&#8230;&#8230;&#8230;&#8230;&#8230;&#8230;&#8230;&#8230;&#8230;&#8230;&#8230;&#8230;&#8230;&#8230;.<\/p>\n<p>&nbsp;<\/p>\n<ul>\n<li><strong>Edital NUCEST\/UENF 02\/2025<\/strong><\/li>\n<\/ul>\n<div>A UENF abriu processo seletivo de est\u00e1gio remunerado. S\u00e3o 08 (oito) vagas no total para atuar na UENF.<\/div>\n<div><\/div>\n<div><span style=\"color: #ffffff\">.<\/span><\/div>\n<div><\/div>\n<div>As oportunidades est\u00e3o voltadas para estudantes dos cursos de\u00a0Administra\u00e7\u00e3o, Administra\u00e7\u00e3o\u00a0P\u00fablica, Engenharia Ambiental e Gest\u00e3o Hospitalar. Para os estudantes de curso t\u00e9cnico, as vagas s\u00e3o para T\u00e9cnico em Contabilidade, T\u00e9cnico em Administra\u00e7\u00e3o, T\u00e9cnico em Enfermagem e T\u00e9cnico em Radiologia<\/div>\n<div><\/div>\n<div><span style=\"color: #ffffff\">.<\/span><\/div>\n<div><\/div>\n<div>As inscri\u00e7\u00f5es estar\u00e3o abertas at\u00e9 o dia 16\/04\/25. Para acessar o edital, <span style=\"color: #0000ff\"><a style=\"color: #0000ff\" href=\"https:\/\/uenf.br\/reitoria\/nucest\/files\/2025\/04\/Edital-de-Estagio-NUCEST-UENF-02_2025.pdf\">clique aqui<\/a><\/span>.<\/div>\n<p>&nbsp;<\/p>\n<p>&#8230;&#8230;&#8230;&#8230;&#8230;&#8230;&#8230;&#8230;&#8230;&#8230;&#8230;&#8230;&#8230;&#8230;&#8230;&#8230;&#8230;&#8230;&#8230;&#8230;&#8230;&#8230;&#8230;&#8230;&#8230;&#8230;&#8230;&#8230;&#8230;&#8230;&#8230;&#8230;&#8230;&#8230;&#8230;&#8230;&#8230;&#8230;&#8230;&#8230;&#8230;&#8230;&#8230;&#8230;&#8230;&#8230;&#8230;&#8230;&#8230;&#8230;&#8230;&#8230;&#8230;&#8230;&#8230;&#8230;&#8230;&#8230;&#8230;&#8230;&#8230;.<\/p>\n<p>&nbsp;<\/p>\n<ul>\n<li><strong>Edital NUCEST\/UENF 01\/2025<\/strong><\/li>\n<\/ul>\n<div>A UENF abriu processo seletivo de est\u00e1gio remunerado. S\u00e3o 11 (onze) vagas no total para atuar na UENF.<\/div>\n<div><\/div>\n<div><span style=\"color: #ffffff\">.<\/span><\/div>\n<div><\/div>\n<div>As oportunidades est\u00e3o voltadas para estudantes dos cursos de Gradua\u00e7\u00e3o em\u00a0Administra\u00e7\u00e3o, Administra\u00e7\u00e3o\u00a0P\u00fablica, Ci\u00eancias da Computa\u00e7\u00e3o, Ci\u00eancias Cont\u00e1beis, Economia, Engenharia de Produ\u00e7\u00e3o, Engenharia de Controle e Automa\u00e7\u00e3o e An\u00e1lise e Desenvolvimento de Sistemas.<\/div>\n<div><span style=\"color: #ffffff\">.<\/span><\/div>\n<div><\/div>\n<div>As inscri\u00e7\u00f5es estar\u00e3o abertas at\u00e9 o dia 30\/03\/25. Para acessar o edital, <span style=\"color: #0000ff\"><a style=\"color: #0000ff\" href=\"https:\/\/uenf.br\/reitoria\/nucest\/files\/2025\/03\/Edital-NUCEST-01_25.pdf\">clique aqui<\/a><\/span>.<\/div>\n<p>&nbsp;<\/p>\n<p>&nbsp;<\/p>\n<p>&nbsp;<\/p>\n","protected":false},"excerpt":{"rendered":"<p>Edital NUCEST\/UENF 05\/2025 A UENF abriu processo seletivo de est\u00e1gio remunerado. S\u00e3o 08 (oito) vagas no total para atuar na&#8230;<\/p>\n","protected":false},"author":35,"featured_media":0,"parent":0,"menu_order":10,"comment_status":"closed","ping_status":"closed","template":"","meta":{"footnotes":""},"class_list":["post-1452","page","type-page","status-publish","hentry"],"_links":{"self":[{"href":"https:\/\/uenf.br\/reitoria\/nucest\/wp-json\/wp\/v2\/pages\/1452","targetHints":{"allow":["GET"]}}],"collection":[{"href":"https:\/\/uenf.br\/reitoria\/nucest\/wp-json\/wp\/v2\/pages"}],"about":[{"href":"https:\/\/uenf.br\/reitoria\/nucest\/wp-json\/wp\/v2\/types\/page"}],"author":[{"embeddable":true,"href":"https:\/\/uenf.br\/reitoria\/nucest\/wp-json\/wp\/v2\/users\/35"}],"replies":[{"embeddable":true,"href":"https:\/\/uenf.br\/reitoria\/nucest\/wp-json\/wp\/v2\/comments?post=1452"}],"version-history":[{"count":0,"href":"https:\/\/uenf.br\/reitoria\/nucest\/wp-json\/wp\/v2\/pages\/1452\/revisions"}],"wp:attachment":[{"href":"https:\/\/uenf.br\/reitoria\/nucest\/wp-json\/wp\/v2\/media?parent=1452"}],"curies":[{"name":"wp","href":"https:\/\/api.w.org\/{rel}","templated":true}]}}