{"id":1621,"date":"2026-02-03T18:05:00","date_gmt":"2026-02-03T18:05:00","guid":{"rendered":"https:\/\/uenf.br\/reitoria\/nucest\/?page_id=1621"},"modified":"2026-02-25T12:26:18","modified_gmt":"2026-02-25T12:26:18","slug":"alunos-externos","status":"publish","type":"page","link":"https:\/\/uenf.br\/reitoria\/nucest\/como-fazer-o-estagio\/alunos-externos\/","title":{"rendered":"Alunos Externos"},"content":{"rendered":"<p align=\"justify\">Este procedimento aplica-se a todos os estudantes aspirantes a\u00a0<strong>est\u00e1gio obrigat\u00f3rio ou n\u00e3o-obrigat\u00f3rio<\/strong> nos setores da UENF, que estiverem regularmente matriculados em outras institui\u00e7\u00f5es de ensino que possuam conv\u00eanio de est\u00e1gio firmado com a UENF.<\/p>\n<p style=\"text-align: center\" align=\"justify\"><strong>PROCEDIMENTOS PARA SOLICITA\u00c7\u00c3O DE EST\u00c1GIO\u00a0<\/strong><\/p>\n<p>O(a) aluno(a) regularmente matriculado(a) e frequente que desejar providenciar a documenta\u00e7\u00e3o de est\u00e1gio, dever\u00e1 seguir os procedimentos indicados abaixo:<\/p>\n<p>&nbsp;<\/p>\n<p><span style=\"color: #0000ff\"><strong>PASSOS:<\/strong><\/span><\/p>\n<ol>\n<li>Verificar se o procedimento de solicita\u00e7\u00e3o de est\u00e1gio est\u00e1 sendo realizado com anteced\u00eancia m\u00ednima de 15 dias da data de in\u00edcio do est\u00e1gio. Termos encaminhados ao NUCEST ap\u00f3s a data de in\u00edcio do est\u00e1gio, n\u00e3o ser\u00e3o aceitos;<\/li>\n<li>Verificar se h\u00e1 conv\u00eanio de est\u00e1gio celebrado e em vigor entre a institui\u00e7\u00e3o e a UENF. P<span style=\"color: #000000\">ara ver se h\u00e1 conv\u00eanio em vigor<\/span>,\u00a0<a href=\"https:\/\/uenf.br\/reitoria\/nucest\/onde-posso-fazer-o-estagio\/\"><span style=\"color: #ff0000\">clique aqui<\/span><\/a>;<\/li>\n<li>Caso tenha conv\u00eanio, o aluno dever\u00e1 procurar algum setor da \u00e1rea de interesse do est\u00e1gio e verificar a possibilidade de realiza\u00e7\u00e3o do est\u00e1gio. Na p\u00e1gina da UENF, h\u00e1 informa\u00e7\u00f5es sobre telefones e e-mails de acesso aos setores (<span style=\"color: #0000ff\">para acessar<\/span>,\u00a0<a href=\"https:\/\/uenf.br\/graduacao\/\"><span style=\"color: #ff0000\">clique aqui<\/span><\/a>). <strong>OBS:<\/strong> Se o est\u00e1gio for remunerado, o passo 3 n\u00e3o precisa ser realizado;<\/li>\n<li>Havendo o interesse de algum setor, providenciar o cadastro de usu\u00e1rio externo no sistema SEI-RJ. Para se cadastrar, <a href=\"https:\/\/portalsei.rj.gov.br\/usuarioexterno\"><span style=\"color: #ff0000\">clique aqui<\/span><\/a>;<\/li>\n<li>Ap\u00f3s se cadastrar e acessar o sistema SEI-RJ, providenciar o preenchimento do Termo de Compromisso. Para acessar o documento\u00a0 <a href=\"https:\/\/forms.gle\/fXZEYinuZmJRQPnq8\"><span style=\"color: #ff0000\">clique aqui<\/span><\/a>;<\/li>\n<li>Em at\u00e9 3 (tr\u00eas) dias \u00fateis, a contar ap\u00f3s a data do envio das informa\u00e7\u00f5es do Termo de Compromisso, o NUCEST analisar\u00e1 os dados enviados de acordo com a lei de est\u00e1gio (Lei 11.788\/08) e com a Normas de Gradua\u00e7\u00e3o da UENF;<\/li>\n<li>Ap\u00f3s a an\u00e1lise, o NUCEST abrir\u00e1 um processo SEI de est\u00e1gio para o(a) aluno(a) solicitante e anexar\u00e1 o Termo de Compromisso para assinatura de todas as partes envolvidas (aluno\/a, institui\u00e7\u00e3o de ensino do\/a aluno\/a,\u00a0 supervisor de est\u00e1gio na UENF e a UENF);<\/li>\n<li>Ap\u00f3s todas as partes terem assinado o Termo de Compromisso,<strong> o(a) pr\u00f3prio(a) aluno(a) poder\u00e1 baixar o documento no processo SEI gerado<\/strong>, e encaminhar \u00e0 institui\u00e7\u00e3o de ensino que est\u00e1 matriculado, se julgar necess\u00e1rio;<\/li>\n<li>O est\u00e1gio somente poder\u00e1 ser iniciado ap\u00f3s a coleta das assinaturas de todas as partes envolvidas.<\/li>\n<\/ol>\n<p>&nbsp;<\/p>\n<p>&nbsp;<\/p>\n<p>&nbsp;<\/p>\n<p><strong>OBSERVA\u00c7\u00d5ES:<\/strong><\/p>\n<ul>\n<li>Caso o EST\u00c1GIO SEJA REALIZADO DURANTE O PER\u00cdODO DE F\u00c9RIAS, as informa\u00e7\u00f5es dever\u00e3o ser encaminhada ao NUCEST at\u00e9 20 dias antes do t\u00e9rmino das aulas do per\u00edodo que antecede as f\u00e9rias.<\/li>\n<li>O cadastro como usu\u00e1rio externo no SEI (Passo 4) dever\u00e1 ser feito uma \u00fanica vez. Uma vez cadastrado no sistema, o cadastro valer\u00e1 para todas as outras solicita\u00e7\u00f5es que o(a) aluno(a) realizar.<\/li>\n<li>Cada aluno(a) ter\u00e1 um \u00fanico processo SEI de est\u00e1gio aberto pelo NUCEST. Todas as solicita\u00e7\u00f5es de est\u00e1gio (obrigat\u00f3rios ou n\u00e3o obrigat\u00f3rios) ser\u00e3o anexadas a este processo. <span style=\"color: #0000ff\"><strong>\u00c9 de responsabilidade do(a) aluno(a) memorizar o n\u00famero do seu processo<\/strong><\/span>.<\/li>\n<li>O(a) aluno(a) s\u00f3 pode iniciar o est\u00e1gio com toda a documenta\u00e7\u00e3o regularizada. <strong>Os est\u00e1gios iniciados sem a autoriza\u00e7\u00e3o e a assinatura do NUCEST n\u00e3o ser\u00e3o reconhecidos<\/strong>.<\/li>\n<li>Ao t\u00e9rmino da vig\u00eancia do est\u00e1gio, o aluno dever\u00e1 preencher o Formul\u00e1rio de Avalia\u00e7\u00e3o de Est\u00e1gio (<span style=\"color: #000000\">para acessar a avalia\u00e7\u00e3o<\/span>, <span style=\"color: #ff0000\"><a style=\"color: #ff0000\" href=\"https:\/\/uenf.br\/reitoria\/nucest\/avaliacao-de-estagio\/\">clique aqui<\/a><\/span>). <strong>A aus\u00eancia da avalia\u00e7\u00e3o impossibilitar\u00e1 que o aluno fa\u00e7a novas solicita\u00e7\u00f5es de est\u00e1gio<\/strong>.<\/li>\n<\/ul>\n","protected":false},"excerpt":{"rendered":"<p>Este procedimento aplica-se a todos os estudantes aspirantes a\u00a0est\u00e1gio obrigat\u00f3rio ou n\u00e3o-obrigat\u00f3rio nos setores da UENF, que estiverem regularmente matriculados&#8230;<\/p>\n","protected":false},"author":35,"featured_media":0,"parent":69,"menu_order":0,"comment_status":"closed","ping_status":"closed","template":"","meta":{"footnotes":""},"class_list":["post-1621","page","type-page","status-publish","hentry"],"_links":{"self":[{"href":"https:\/\/uenf.br\/reitoria\/nucest\/wp-json\/wp\/v2\/pages\/1621","targetHints":{"allow":["GET"]}}],"collection":[{"href":"https:\/\/uenf.br\/reitoria\/nucest\/wp-json\/wp\/v2\/pages"}],"about":[{"href":"https:\/\/uenf.br\/reitoria\/nucest\/wp-json\/wp\/v2\/types\/page"}],"author":[{"embeddable":true,"href":"https:\/\/uenf.br\/reitoria\/nucest\/wp-json\/wp\/v2\/users\/35"}],"replies":[{"embeddable":true,"href":"https:\/\/uenf.br\/reitoria\/nucest\/wp-json\/wp\/v2\/comments?post=1621"}],"version-history":[{"count":0,"href":"https:\/\/uenf.br\/reitoria\/nucest\/wp-json\/wp\/v2\/pages\/1621\/revisions"}],"up":[{"embeddable":true,"href":"https:\/\/uenf.br\/reitoria\/nucest\/wp-json\/wp\/v2\/pages\/69"}],"wp:attachment":[{"href":"https:\/\/uenf.br\/reitoria\/nucest\/wp-json\/wp\/v2\/media?parent=1621"}],"curies":[{"name":"wp","href":"https:\/\/api.w.org\/{rel}","templated":true}]}}