{"id":1624,"date":"2026-02-03T17:55:27","date_gmt":"2026-02-03T17:55:27","guid":{"rendered":"https:\/\/uenf.br\/reitoria\/nucest\/?page_id=1624"},"modified":"2026-02-03T23:16:22","modified_gmt":"2026-02-03T23:16:22","slug":"cursos-presenciais","status":"publish","type":"page","link":"https:\/\/uenf.br\/reitoria\/nucest\/como-fazer-o-estagio\/cursos-presenciais\/","title":{"rendered":"Cursos Presenciais"},"content":{"rendered":"<p>Este procedimento se aplica a <strong>todos os alunos da UENF<\/strong> regularmente matriculados, aspirantes a est\u00e1gio na pr\u00f3pria UENF ou em outras institui\u00e7\u00f5es\/empresas, que tiverem <strong>conv\u00eanio de est\u00e1gio firmado com a UENF no in\u00edcio do semestre letivo e em vigor no momento em que o est\u00e1gio ser\u00e1 realizado<\/strong>.<\/p>\n<p>&nbsp;<\/p>\n<p style=\"text-align: center\"><strong>PROCEDIMENTOS PARA SOLICITA\u00c7\u00c3O DE EST\u00c1GIO<\/strong><\/p>\n<p style=\"text-align: center\"><strong>(OBRIGAT\u00d3RIO E N\u00c3O-OBRIGAT\u00d3RIO)<\/strong><\/p>\n<p>&nbsp;<\/p>\n<p>O(a) aluno(a) regularmente matriculado(a) e frequente que desejar providenciar a documenta\u00e7\u00e3o de est\u00e1gio, dever\u00e1 seguir <strong>UMA<\/strong> das duas op\u00e7\u00f5es abaixo:<\/p>\n<p>&nbsp;<\/p>\n<p><span style=\"color: #0000ff\"><strong>OP\u00c7\u00c3O I &#8211; Se o Termo de Compromisso for no modelo da UENF<\/strong><\/span><\/p>\n<ol>\n<li>Verificar se o procedimento de solicita\u00e7\u00e3o de est\u00e1gio est\u00e1 sendo realizado com anteced\u00eancia m\u00ednima de 15 dias da data de in\u00edcio do est\u00e1gio. Termos encaminhados ao NUCEST ap\u00f3s a data de in\u00edcio do est\u00e1gio, n\u00e3o ser\u00e3o aceitos;<\/li>\n<li>Verificar se h\u00e1 conv\u00eanio de est\u00e1gio celebrado e em vigor entre a institui\u00e7\u00e3o e a UENF.\u00a0P<span style=\"color: #000000\">ara ver se h\u00e1 conv\u00eanio em vigor<\/span>,\u00a0<a href=\"https:\/\/uenf.br\/reitoria\/nucest\/onde-posso-fazer-o-estagio\/\"><span style=\"color: #ff0000\">clique aqui<\/span><\/a>;<\/li>\n<li>Caso tenha conv\u00eanio em vigor, providenciar o cadastro de usu\u00e1rio externo no sistema SEI-RJ. Para se cadastrar,\u00a0<a href=\"https:\/\/portalsei.rj.gov.br\/usuarioexterno\"><span style=\"color: #ff0000\">clique aqui<\/span><\/a>;<\/li>\n<li>Ap\u00f3s se cadastrar e acessar o sistema SEI-RJ, providenciar o preenchimento do Termo de Compromisso. Para acessar o documento\u00a0 <a href=\"https:\/\/forms.gle\/fXZEYinuZmJRQPnq8\"><span style=\"color: #ff0000\">clique aqui<\/span><\/a>;<\/li>\n<li>Em at\u00e9 3 (tr\u00eas) dias \u00fateis, a contar ap\u00f3s a data do envio das informa\u00e7\u00f5es do Termo de Compromisso, o NUCEST analisar\u00e1 os dados enviados de acordo com a lei de est\u00e1gio (Lei 11.788\/08) e com as Normas de Gradua\u00e7\u00e3o da UENF;<\/li>\n<li>Ap\u00f3s a an\u00e1lise, o NUCEST abrir\u00e1 um processo SEI de est\u00e1gio para o(a) aluno(a) solicitante e anexar\u00e1 o Termo de Compromisso para assinatura de todas as partes envolvidas (aluno\/a, coordenador, supervisor, institui\u00e7\u00e3o concedente e a UENF);<\/li>\n<li>Ap\u00f3s todas as partes terem assinado o Termo de Compromisso,<strong> o(a) pr\u00f3prio(a) aluno(a) poder\u00e1 baixar o documento no processo SEI gerado<\/strong>, e encaminhar \u00e0 institui\u00e7\u00e3o concedente, se julgar necess\u00e1rio.<\/li>\n<li>O est\u00e1gio somente poder\u00e1 ser iniciado ap\u00f3s a coleta das assinaturas de todas as partes envolvidas.<\/li>\n<\/ol>\n<p>&nbsp;<\/p>\n<p><span style=\"color: #0000ff\"><strong>OP\u00c7\u00c3O II &#8211; Se o Termo de Compromisso N\u00c3O for no modelo da UENF<\/strong><\/span><\/p>\n<ol>\n<li>Verificar se o procedimento de solicita\u00e7\u00e3o de est\u00e1gio est\u00e1 sendo realizado com anteced\u00eancia m\u00ednima de 15 dias da data de in\u00edcio do est\u00e1gio. Termos encaminhados ao NUCEST ap\u00f3s a data de in\u00edcio do est\u00e1gio, n\u00e3o ser\u00e3o aceitos;<\/li>\n<li>Verificar se h\u00e1 conv\u00eanio de est\u00e1gio celebrado e em vigor entre a institui\u00e7\u00e3o e a UENF.\u00a0P<span style=\"color: #000000\">ara ver se h\u00e1 conv\u00eanio em vigor<\/span>,\u00a0<a href=\"https:\/\/uenf.br\/reitoria\/nucest\/onde-posso-fazer-o-estagio\/\"><span style=\"color: #ff0000\">clique aqui<\/span><\/a>;<\/li>\n<li>Caso tenha conv\u00eanio em vigor, providenciar o cadastro de usu\u00e1rio externo no sistema SEI-RJ.\u00a0Para se cadastrar,\u00a0<a href=\"https:\/\/portalsei.rj.gov.br\/usuarioexterno\"><span style=\"color: #ff0000\">clique aqui<\/span><\/a>;<\/li>\n<li>Ap\u00f3s se cadastrar e acessar o sistema SEI-RJ, providenciar o preenchimento do formul\u00e1rio de solicita\u00e7\u00e3o de est\u00e1gio.\u00a0Para acessar o formul\u00e1rio,\u00a0<a href=\"https:\/\/forms.gle\/yEqiWE78ubNBg9oU9\"><span style=\"color: #ff0000\">clique aqui<\/span><\/a>;<\/li>\n<li>O(a) aluno(a) dever\u00e1 anexar, no formul\u00e1rio preenchido no passo 4, o termo de compromisso encaminhado pela empresa contendo as assinaturas, tanto da empresa\/institui\u00e7\u00e3o, quanto do pr\u00f3prio(a) aluno(a). Caso contr\u00e1rio, a solicita\u00e7\u00e3o n\u00e3o ser\u00e1 aceita;<\/li>\n<li>Em at\u00e9 3 (tr\u00eas) dias \u00fateis, a contar ap\u00f3s a data do envio das informa\u00e7\u00f5es do termo de compromisso, o NUCEST analisar\u00e1 o termo de compromisso de acordo com a Lei de est\u00e1gio (Lei 11.788\/08) e com as Normas de Gradua\u00e7\u00e3o da UENF;<\/li>\n<li>Ap\u00f3s a an\u00e1lise, o NUCEST abrir\u00e1 um processo SEI de est\u00e1gio para o(a) aluno(a) solicitante e anexar\u00e1 o formul\u00e1rio de solicita\u00e7\u00e3o de est\u00e1gio para assinatura das partes (aluno\/a e coordenador);<\/li>\n<li>Ap\u00f3s o(a) aluno(a) e o coordenador terem assinado o formul\u00e1rio de solicita\u00e7\u00e3o de est\u00e1gio, o NUCEST providenciar\u00e1 a assinatura do termo de compromisso encaminhado pelo(a) aluno(a) e anexar\u00e1 o documento no processo SEI;<\/li>\n<li><strong>O(a) pr\u00f3prio(a) aluno(a) dever\u00e1 baixar,<strong><strong>\u00a0no processo SEI gerado<\/strong><span style=\"font-weight: 400\">, <\/span><\/strong>o termo de compromisso devidamente assinado pelo NUCEST <\/strong>e encaminhar \u00e0 institui\u00e7\u00e3o concedente.<\/li>\n<li>O est\u00e1gio somente poder\u00e1 ser iniciado ap\u00f3s a coleta das assinaturas de todas as partes envolvidas.<\/li>\n<\/ol>\n<p>&nbsp;<\/p>\n<p>&nbsp;<\/p>\n<p><strong>OBSERVA\u00c7\u00d5ES:<\/strong><\/p>\n<ul>\n<li>Caso o EST\u00c1GIO SEJA REALIZADO DURANTE O PER\u00cdODO DE F\u00c9RIAS, as informa\u00e7\u00f5es dever\u00e3o ser encaminhada ao NUCEST at\u00e9 20 dias antes do t\u00e9rmino das aulas do per\u00edodo que antecede as f\u00e9rias.<\/li>\n<li>O cadastro como usu\u00e1rio externo no SEI (Passo 3) dever\u00e1 ser feito uma \u00fanica vez. Uma vez cadastrado no sistema, o cadastro valer\u00e1 para todas as outras solicita\u00e7\u00f5es que o(a) aluno(a) realizar.<\/li>\n<li>Cada aluno(a) ter\u00e1 um \u00fanico processo SEI de est\u00e1gio aberto pelo NUCEST. Todas as solicita\u00e7\u00f5es de est\u00e1gio (obrigat\u00f3rios ou n\u00e3o obrigat\u00f3rios) ser\u00e3o anexadas a este processo. <span style=\"color: #0000ff\"><strong>\u00c9 de responsabilidade do(a) aluno(a) memorizar o n\u00famero do seu processo<\/strong><\/span>.<\/li>\n<li>O(a) aluno(a) s\u00f3 poder\u00e1 iniciar o est\u00e1gio na institui\u00e7\u00e3o concedente com toda a documenta\u00e7\u00e3o regularizada. <strong>Os est\u00e1gios iniciados sem a autoriza\u00e7\u00e3o e a assinatura do NUCEST n\u00e3o ser\u00e3o reconhecidos<\/strong>.<\/li>\n<li>Ao t\u00e9rmino da vig\u00eancia do est\u00e1gio, o(a) aluno(a) dever\u00e1 preencher o Formul\u00e1rio de Avalia\u00e7\u00e3o de Est\u00e1gio (<span style=\"color: #000000\">para acessar a avalia\u00e7\u00e3o<\/span>, <span style=\"color: #ff0000\"><a style=\"color: #ff0000\" href=\"https:\/\/uenf.br\/reitoria\/nucest\/avaliacao-de-estagio\/\">clique aqui<\/a><\/span>). <strong>A aus\u00eancia da avalia\u00e7\u00e3o impossibilitar\u00e1 que o aluno fa\u00e7a novas solicita\u00e7\u00f5es de est\u00e1gio<\/strong>.<\/li>\n<\/ul>\n","protected":false},"excerpt":{"rendered":"<p>Este procedimento se aplica a todos os alunos da UENF regularmente matriculados, aspirantes a est\u00e1gio na pr\u00f3pria UENF ou em&#8230;<\/p>\n","protected":false},"author":35,"featured_media":0,"parent":69,"menu_order":0,"comment_status":"closed","ping_status":"closed","template":"","meta":{"footnotes":""},"class_list":["post-1624","page","type-page","status-publish","hentry"],"_links":{"self":[{"href":"https:\/\/uenf.br\/reitoria\/nucest\/wp-json\/wp\/v2\/pages\/1624","targetHints":{"allow":["GET"]}}],"collection":[{"href":"https:\/\/uenf.br\/reitoria\/nucest\/wp-json\/wp\/v2\/pages"}],"about":[{"href":"https:\/\/uenf.br\/reitoria\/nucest\/wp-json\/wp\/v2\/types\/page"}],"author":[{"embeddable":true,"href":"https:\/\/uenf.br\/reitoria\/nucest\/wp-json\/wp\/v2\/users\/35"}],"replies":[{"embeddable":true,"href":"https:\/\/uenf.br\/reitoria\/nucest\/wp-json\/wp\/v2\/comments?post=1624"}],"version-history":[{"count":0,"href":"https:\/\/uenf.br\/reitoria\/nucest\/wp-json\/wp\/v2\/pages\/1624\/revisions"}],"up":[{"embeddable":true,"href":"https:\/\/uenf.br\/reitoria\/nucest\/wp-json\/wp\/v2\/pages\/69"}],"wp:attachment":[{"href":"https:\/\/uenf.br\/reitoria\/nucest\/wp-json\/wp\/v2\/media?parent=1624"}],"curies":[{"name":"wp","href":"https:\/\/api.w.org\/{rel}","templated":true}]}}