{"id":1634,"date":"2026-02-03T18:05:37","date_gmt":"2026-02-03T18:05:37","guid":{"rendered":"https:\/\/uenf.br\/reitoria\/nucest\/?page_id=1634"},"modified":"2026-02-03T23:39:21","modified_gmt":"2026-02-03T23:39:21","slug":"renovacao-do-estagio","status":"publish","type":"page","link":"https:\/\/uenf.br\/reitoria\/nucest\/renovacao-do-estagio\/","title":{"rendered":"Renova\u00e7\u00e3o do Est\u00e1gio"},"content":{"rendered":"<p>Os alunos que\u00a0 tiverem interesse em dar continuidade ao est\u00e1gio,\u00a0<strong>ANTES DA DATA DO T\u00c9RMINO DA VIG\u00caNCIA DO TERMO DE COMPROMISSO<\/strong>, dever\u00e3o seguir <strong>UMA<\/strong> das duas op\u00e7\u00f5es abaixo:<\/p>\n<p>&nbsp;<\/p>\n<p><span style=\"color: #0000ff\"><strong>OP\u00c7\u00c3O I &#8211; Se o Termo Aditivo for no modelo da UENF<\/strong><\/span><\/p>\n<ol>\n<li>Verificar se o procedimento de solicita\u00e7\u00e3o de est\u00e1gio est\u00e1 sendo realizado com anteced\u00eancia m\u00ednima de 15 dias da data de in\u00edcio do est\u00e1gio. Termos encaminhados ao NUCEST ap\u00f3s a data de in\u00edcio do est\u00e1gio, n\u00e3o ser\u00e3o aceitos;<\/li>\n<li>Verificar se h\u00e1 conv\u00eanio de est\u00e1gio celebrado e em vigor entre a institui\u00e7\u00e3o e a UENF. P<span style=\"color: #000000\">ara ver se h\u00e1 conv\u00eanio em vigor<\/span>,\u00a0<a href=\"https:\/\/uenf.br\/reitoria\/nucest\/onde-posso-fazer-o-estagio\/\"><span style=\"color: #ff0000\">clique aqui<\/span><\/a>;<\/li>\n<li>Caso <span style=\"color: #ff0000\"><strong>N\u00c3O<\/strong><\/span> possua cadastro de usu\u00e1rio externo no sistema SEI-RJ, dever\u00e1 providenciar o cadastro. Para se cadastrar, <a href=\"https:\/\/portalsei.rj.gov.br\/usuarioexterno\"><span style=\"color: #ff0000\">clique aqui<\/span><\/a>;<\/li>\n<li>Ap\u00f3s se cadastrar e acessar o sistema SEI-RJ, providenciar o preenchimento do Termo Aditivo. Para acessar o documento, <a href=\"https:\/\/forms.gle\/oJ52GPAP1CJDZbNs7\"><span style=\"color: #ff0000\">clique aqui<\/span><\/a>;<\/li>\n<li>Em at\u00e9 3 (tr\u00eas) dias \u00fateis, a contar ap\u00f3s a data do envio das informa\u00e7\u00f5es do Termo Aditivo, o NUCEST analisar\u00e1 os dados enviados de acordo com a Lei de est\u00e1gio (Lei 11.788\/08) e com as Normas de Gradua\u00e7\u00e3o da UENF;<\/li>\n<li>Ap\u00f3s a an\u00e1lise, o termo aditivo ser\u00e1 gerado e anexado ao processo SEI do aluno solicitante;<\/li>\n<li>O documento ser\u00e1 disponibilizado para assinatura de todas as partes envolvidas (aluno\/a, coordenador, supervisor, institui\u00e7\u00e3o de ensino e institui\u00e7\u00e3o concedente);<\/li>\n<li>Ap\u00f3s todas as partes terem assinado o termo aditivo,<strong> o(a) pr\u00f3prio(a) aluno(a) poder\u00e1 baixar o documento no processo SEI gerado<\/strong>, e encaminhar \u00e0 institui\u00e7\u00e3o concedente ou sua institui\u00e7\u00e3o de ensino, se julgar necess\u00e1rio;<\/li>\n<li>O est\u00e1gio somente poder\u00e1 ser continuado ap\u00f3s a coleta de todas as assinaturas de todas as partes envolvidas.<\/li>\n<\/ol>\n<p>&nbsp;<\/p>\n<p><span style=\"color: #0000ff\"><strong>OP\u00c7\u00c3O II &#8211; Se o Termo Aditivo N\u00c3O for no modelo da UENF<\/strong><\/span><\/p>\n<ol>\n<li>Verificar se o procedimento de solicita\u00e7\u00e3o de est\u00e1gio est\u00e1 sendo realizado com anteced\u00eancia m\u00ednima de 15 dias da data de in\u00edcio do est\u00e1gio. Termos encaminhados ao NUCEST ap\u00f3s a data de in\u00edcio do est\u00e1gio, n\u00e3o ser\u00e3o aceitos;<\/li>\n<li>Verificar se h\u00e1 conv\u00eanio de est\u00e1gio celebrado e em vigor entre a institui\u00e7\u00e3o e a UENF. P<span style=\"color: #000000\">ara ver se h\u00e1 conv\u00eanio em vigor<\/span>,\u00a0<a href=\"https:\/\/uenf.br\/reitoria\/nucest\/onde-posso-fazer-o-estagio\/\"><span style=\"color: #ff0000\">clique aqui<\/span><\/a>;<\/li>\n<li>Caso <span style=\"color: #ff0000\"><strong>N\u00c3O<\/strong><\/span> possua cadastro de usu\u00e1rio externo no sistema SEI-RJ, dever\u00e1 providenciar o cadastro. Para se cadastrar, <a href=\"https:\/\/portalsei.rj.gov.br\/usuarioexterno\"><span style=\"color: #ff0000\">clique aqui<\/span><\/a>;<\/li>\n<li>Ap\u00f3s se cadastrar e acessar o sistema SEI-RJ, providenciar o preenchimento do formul\u00e1rio de solicita\u00e7\u00e3o de est\u00e1gio. Para acessar o formul\u00e1rio,\u00a0<a href=\"https:\/\/forms.gle\/yEqiWE78ubNBg9oU9\"><span style=\"color: #ff0000\">clique aqui<\/span><\/a>;<\/li>\n<li>O(a) aluno(a) dever\u00e1 anexar, no formul\u00e1rio preenchido no passo 4, o termo de compromisso encaminhado pela institui\u00e7\u00e3o contendo as assinaturas, tanto da empresa\/institui\u00e7\u00e3o, quanto do pr\u00f3prio(a) aluno(a). Caso contr\u00e1rio, a solicita\u00e7\u00e3o n\u00e3o ser\u00e1 aceita;<\/li>\n<li>Em at\u00e9 3 (tr\u00eas) dias \u00fateis, a contar ap\u00f3s a data do envio das informa\u00e7\u00f5es do Termo Aditivo, o NUCEST analisar\u00e1 os dados enviados de acordo com a lei de est\u00e1gio (Lei 11.788\/08) e com as Normas de Gradua\u00e7\u00e3o da UENF (no caso de aluno(a)s da UENF);<\/li>\n<li>Ap\u00f3s a an\u00e1lise, ser\u00e1 gerado o formul\u00e1rio de solicita\u00e7\u00e3o de est\u00e1gio e anexado ao processo SEI do(a) aluno(a) solicitante, junto com o termo de compromisso apresentado por ele;<\/li>\n<li>O formul\u00e1rio de solicita\u00e7\u00e3o ser\u00e1 disponibilizado para assinatura das partes (aluno\/a, supervisor na UENF, se for est\u00e1gio realizado na UENF e coordenador, se for aluno\/a da UENF);<\/li>\n<li>Ap\u00f3s todas as partes terem assinado o termo aditivo,<strong> o(a) pr\u00f3prio(a) aluno(a) poder\u00e1 baixar o documento no processo SEI gerado<\/strong>, e encaminhar \u00e0 institui\u00e7\u00e3o concedente ou sua institui\u00e7\u00e3o de ensino, se julgar necess\u00e1rio;<\/li>\n<li>O est\u00e1gio somente poder\u00e1 ser continuado ap\u00f3s a coleta das assinaturas de todas as partes envolvidas.<\/li>\n<\/ol>\n<p>&nbsp;<\/p>\n<p><strong>OBSERVA\u00c7\u00c3O:<\/strong><\/p>\n<ul>\n<li>Caso o est\u00e1gio tenha t\u00e9rmino previsto para o PER\u00cdODO DE F\u00c9RIAS, o termo aditivo dever\u00e1 ser encaminhado ao NUCEST at\u00e9 20 dias antes do t\u00e9rmino das aulas do per\u00edodo que antecede as f\u00e9rias.<\/li>\n<\/ul>\n<p>&nbsp;<\/p>\n","protected":false},"excerpt":{"rendered":"<p>Os alunos que\u00a0 tiverem interesse em dar continuidade ao est\u00e1gio,\u00a0ANTES DA DATA DO T\u00c9RMINO DA VIG\u00caNCIA DO TERMO DE COMPROMISSO,&#8230;<\/p>\n","protected":false},"author":35,"featured_media":0,"parent":0,"menu_order":0,"comment_status":"closed","ping_status":"closed","template":"","meta":{"footnotes":""},"class_list":["post-1634","page","type-page","status-publish","hentry"],"_links":{"self":[{"href":"https:\/\/uenf.br\/reitoria\/nucest\/wp-json\/wp\/v2\/pages\/1634","targetHints":{"allow":["GET"]}}],"collection":[{"href":"https:\/\/uenf.br\/reitoria\/nucest\/wp-json\/wp\/v2\/pages"}],"about":[{"href":"https:\/\/uenf.br\/reitoria\/nucest\/wp-json\/wp\/v2\/types\/page"}],"author":[{"embeddable":true,"href":"https:\/\/uenf.br\/reitoria\/nucest\/wp-json\/wp\/v2\/users\/35"}],"replies":[{"embeddable":true,"href":"https:\/\/uenf.br\/reitoria\/nucest\/wp-json\/wp\/v2\/comments?post=1634"}],"version-history":[{"count":0,"href":"https:\/\/uenf.br\/reitoria\/nucest\/wp-json\/wp\/v2\/pages\/1634\/revisions"}],"wp:attachment":[{"href":"https:\/\/uenf.br\/reitoria\/nucest\/wp-json\/wp\/v2\/media?parent=1634"}],"curies":[{"name":"wp","href":"https:\/\/api.w.org\/{rel}","templated":true}]}}