{"id":1637,"date":"2026-02-03T18:58:22","date_gmt":"2026-02-03T18:58:22","guid":{"rendered":"https:\/\/uenf.br\/reitoria\/nucest\/?page_id=1637"},"modified":"2026-02-03T23:42:14","modified_gmt":"2026-02-03T23:42:14","slug":"o-que-fazer-para-encerrar-o-estagio-antes-da-data-final-de-vigencia","status":"publish","type":"page","link":"https:\/\/uenf.br\/reitoria\/nucest\/o-que-fazer-para-encerrar-o-estagio-antes-da-data-final-de-vigencia\/","title":{"rendered":"O Que Fazer Para Encerrar o Est\u00e1gio Antes da Data Final de Vig\u00eancia?"},"content":{"rendered":"<p>Caso o(a) aluno(a) deseje encerrar o est\u00e1gio antes da data final de vig\u00eancia do termo de compromisso, os procedimentos abaixo dever\u00e3o ser seguidos:<\/p>\n<ol>\n<li>Caso <span style=\"color: #ff0000\"><strong>N\u00c3O<\/strong><\/span> possua cadastro de usu\u00e1rio externo no sistema SEI-RJ, dever\u00e1 providenciar o cadastro. Para se cadastrar, <a href=\"https:\/\/portalsei.rj.gov.br\/usuarioexterno\"><span style=\"color: #ff0000\">clique aqui<\/span><\/a>;<\/li>\n<li>Ap\u00f3s se cadastrar e acessar o sistema SEI-RJ, providenciar o preenchimento do Termo de Distrato. Para acessar o documento,\u00a0<a href=\"https:\/\/forms.gle\/2H3x2hcxGMrh6wvQ9\"><span style=\"color: #ff0000\">clique aqui<\/span><\/a>;<\/li>\n<li>Em at\u00e9 3 (tr\u00eas) dias \u00fateis, a contar ap\u00f3s a data do envio das informa\u00e7\u00f5es do Termo de Distrato, o NUCEST analisar\u00e1 os dados enviados de acordo com a lei de est\u00e1gio (Lei 11.788\/08) e com a normas de gradua\u00e7\u00e3o da UENF (se for aluno\/a da UENF);<\/li>\n<li>Ap\u00f3s a an\u00e1lise, o NUCEST gerar\u00e1 o termo de distrato\u00a0 e anexar\u00e1 o mesmo ao processo SEI do aluno solicitante para assinatura de todas as partes envolvidas (aluno\/a, coordenador, se aluno da UENF, supervisor, se est\u00e1gio realizado na UENF, institui\u00e7\u00e3o de ensino e institui\u00e7\u00e3o concedente);<\/li>\n<li>Ap\u00f3s todas as partes terem assinado o termo de distrato,<strong>\u00a0o(a) pr\u00f3prio(a) aluno(a) poder\u00e1 baixar o documento no processo SEI gerado<\/strong>, e encaminhar \u00e0 institui\u00e7\u00e3o concedente ou sua institui\u00e7\u00e3o de ensino, se julgar necess\u00e1rio;<\/li>\n<li>No \u00faltimo dia de est\u00e1gio, o(a) aluno(a) dever\u00e1 preencher o formul\u00e1rio online de avalia\u00e7\u00e3o do est\u00e1gio. Neste caso o documento n\u00e3o precisar\u00e1 ser impresso, tendo em vista que o NUCEST receber\u00e1 a avalia\u00e7\u00e3o automaticamente, ap\u00f3s o preenchimento. Para acessar o formul\u00e1rio online, <a href=\"https:\/\/uenf.br\/reitoria\/nucest\/avaliacao-de-estagio\/\"><span style=\"color: #ff0000\">clique aqui<\/span><\/a>.<\/li>\n<\/ol>\n<p>&nbsp;<\/p>\n<p><strong>OBSERVA\u00c7\u00c3O:<\/strong><\/p>\n<ul>\n<li>O est\u00e1gio somente ser\u00e1 considerado oficialmente encerrado, ap\u00f3s a coleta das assinaturas de todas as partes envolvidas no termo de distrato e com o preenchimento da avalia\u00e7\u00e3o de est\u00e1gio.<\/li>\n<li><strong>Para quem realiza est\u00e1gio remunerado na UENF<\/strong>, caso o procedimento n\u00e3o seja realizado conforme indicado e o aluno receber bolsa referente aos meses n\u00e3o trabalhados, o valor recebido indevidamente ter\u00e1 de ser devolvido \u00e0 UENF.<\/li>\n<\/ul>\n","protected":false},"excerpt":{"rendered":"<p>Caso o(a) aluno(a) deseje encerrar o est\u00e1gio antes da data final de vig\u00eancia do termo de compromisso, os procedimentos abaixo&#8230;<\/p>\n","protected":false},"author":35,"featured_media":0,"parent":0,"menu_order":5,"comment_status":"closed","ping_status":"closed","template":"","meta":{"footnotes":""},"class_list":["post-1637","page","type-page","status-publish","hentry"],"_links":{"self":[{"href":"https:\/\/uenf.br\/reitoria\/nucest\/wp-json\/wp\/v2\/pages\/1637","targetHints":{"allow":["GET"]}}],"collection":[{"href":"https:\/\/uenf.br\/reitoria\/nucest\/wp-json\/wp\/v2\/pages"}],"about":[{"href":"https:\/\/uenf.br\/reitoria\/nucest\/wp-json\/wp\/v2\/types\/page"}],"author":[{"embeddable":true,"href":"https:\/\/uenf.br\/reitoria\/nucest\/wp-json\/wp\/v2\/users\/35"}],"replies":[{"embeddable":true,"href":"https:\/\/uenf.br\/reitoria\/nucest\/wp-json\/wp\/v2\/comments?post=1637"}],"version-history":[{"count":0,"href":"https:\/\/uenf.br\/reitoria\/nucest\/wp-json\/wp\/v2\/pages\/1637\/revisions"}],"wp:attachment":[{"href":"https:\/\/uenf.br\/reitoria\/nucest\/wp-json\/wp\/v2\/media?parent=1637"}],"curies":[{"name":"wp","href":"https:\/\/api.w.org\/{rel}","templated":true}]}}