{"id":1724,"date":"2026-02-03T20:21:20","date_gmt":"2026-02-03T20:21:20","guid":{"rendered":"https:\/\/uenf.br\/reitoria\/nucest\/?page_id=1724"},"modified":"2026-02-04T15:56:29","modified_gmt":"2026-02-04T15:56:29","slug":"estagio-nao-obrigatorio-cederj","status":"publish","type":"page","link":"https:\/\/uenf.br\/reitoria\/nucest\/estagio-nao-obrigatorio-cederj\/","title":{"rendered":"Est\u00e1gio N\u00e3o-Obrigat\u00f3rio CEDERJ"},"content":{"rendered":"<p>Conforme estabelecido na 376\u00aa C\u00e2mara de Gradua\u00e7\u00e3o da UENF, os termos de compromisso devem ser apresentados para an\u00e1lise e assinatura do NUCEST\u00a0<span style=\"color: #ff0000\"><strong>antes<\/strong><\/span>\u00a0da data de in\u00edcio do est\u00e1gio.<\/p>\n<p><a href=\"https:\/\/docs.google.com\/forms\/d\/e\/1FAIpQLSci76iMsZn3BZ_k2siE43uRrFNcZzmJr59N1yF2KzAaO9wF8w\/viewform\">Formul\u00e1rio de Cadastro de Empresa \/ Institui\u00e7\u00e3o \/ Pessoa F\u00edsica<\/a><\/p>\n<p><a href=\"https:\/\/docs.google.com\/forms\/d\/e\/1FAIpQLSdY4940NORU5L-ideE2uAWVGsM3g4Aoo5hZVbWMY6ZE028hDg\/viewform\">Formul\u00e1rio de Avalia\u00e7\u00e3o de Est\u00e1gio<\/a><\/p>\n<p><a href=\"https:\/\/forms.gle\/yEqiWE78ubNBg9oU9\">Formul\u00e1rio de Solicita\u00e7\u00e3o \/ Renova\u00e7\u00e3o de Est\u00e1gio<\/a><\/p>\n<p><a href=\"https:\/\/forms.gle\/oJ52GPAP1CJDZbNs7\">Termo Aditivo<\/a><\/p>\n<p><a href=\"https:\/\/forms.gle\/fXZEYinuZmJRQPnq8\">Termo de Compromisso<\/a><\/p>\n<p><a href=\"https:\/\/forms.gle\/2H3x2hcxGMrh6wvQ9\">Termo de Distrato<\/a><\/p>\n<p>&nbsp;<\/p>\n<p><strong><span style=\"color: #ff0000\">OBSERVA\u00c7\u00d5ES:<\/span><\/strong><\/p>\n<ul>\n<li>Os procedimentos para solicita\u00e7\u00e3o, renova\u00e7\u00e3o e finaliza\u00e7\u00e3o do est\u00e1gio podem ser acessados por meio do menu desta p\u00e1gina.<\/li>\n<li>O formul\u00e1rio de cadastro dever\u00e1 ser utilizado quando houver o interesse em se conveniar um novo campo de est\u00e1gio.<\/li>\n<li>O formul\u00e1rio de avalia\u00e7\u00e3o dever\u00e1 ser preenchido sempre ao final da vig\u00eancia do est\u00e1gio.<\/li>\n<li>O formul\u00e1rio de solicita\u00e7\u00e3o de est\u00e1gio s\u00f3 dever\u00e1 ser utilizado se o termo de compromisso enviado n\u00e3o seguir o modelo da UENF.<\/li>\n<li>O termo aditivo s\u00f3 dever\u00e1 ser utilizado para os casos em que se desejar alterar qualquer informa\u00e7\u00e3o do termo de compromisso inicial (ex: vig\u00eancia do est\u00e1gio, mudan\u00e7a de supervisor, modalidade de est\u00e1gio, carga hor\u00e1ria, e etc.).<\/li>\n<li>O termo de compromisso dever\u00e1 ser utilizado para enviar as informa\u00e7\u00f5es do est\u00e1gio utilizando o modelo de termo de compromisso da UENF.<\/li>\n<li>O termo de distrato dever\u00e1 ser utilizado quando houver a necessidade de se interromper o est\u00e1gio ANTES da data final prevista no termo de compromisso.<\/li>\n<\/ul>\n","protected":false},"excerpt":{"rendered":"<p>Conforme estabelecido na 376\u00aa C\u00e2mara de Gradua\u00e7\u00e3o da UENF, os termos de compromisso devem ser apresentados para an\u00e1lise e assinatura&#8230;<\/p>\n","protected":false},"author":35,"featured_media":0,"parent":0,"menu_order":0,"comment_status":"closed","ping_status":"closed","template":"","meta":{"footnotes":""},"class_list":["post-1724","page","type-page","status-publish","hentry"],"_links":{"self":[{"href":"https:\/\/uenf.br\/reitoria\/nucest\/wp-json\/wp\/v2\/pages\/1724","targetHints":{"allow":["GET"]}}],"collection":[{"href":"https:\/\/uenf.br\/reitoria\/nucest\/wp-json\/wp\/v2\/pages"}],"about":[{"href":"https:\/\/uenf.br\/reitoria\/nucest\/wp-json\/wp\/v2\/types\/page"}],"author":[{"embeddable":true,"href":"https:\/\/uenf.br\/reitoria\/nucest\/wp-json\/wp\/v2\/users\/35"}],"replies":[{"embeddable":true,"href":"https:\/\/uenf.br\/reitoria\/nucest\/wp-json\/wp\/v2\/comments?post=1724"}],"version-history":[{"count":0,"href":"https:\/\/uenf.br\/reitoria\/nucest\/wp-json\/wp\/v2\/pages\/1724\/revisions"}],"wp:attachment":[{"href":"https:\/\/uenf.br\/reitoria\/nucest\/wp-json\/wp\/v2\/media?parent=1724"}],"curies":[{"name":"wp","href":"https:\/\/api.w.org\/{rel}","templated":true}]}}